{"id":4079,"date":"2016-04-08T17:17:13","date_gmt":"2016-04-08T15:17:13","guid":{"rendered":"http:\/\/www.proclic-test.it\/hotel\/?page_id=4079"},"modified":"2016-05-11T09:20:15","modified_gmt":"2016-05-11T07:20:15","slug":"hotel","status":"publish","type":"page","link":"https:\/\/hotelbologna.pisa.it\/de\/hotel.html","title":{"rendered":"DIE LAGE"},"content":{"rendered":"<p>[vc_row][vc_column][vc_column_text]<\/p>\n<div id=\"titolo-descrizione\">\n<div id=\"descrizione\">\n<p><iframe loading=\"lazy\" src=\"https:\/\/www.google.it\/maps?layer=c&amp;sll=43.714194,10.398925&amp;cid=3275583757075749045&amp;panoid=sBdDQjmS9VoAAAGu0hMxwQ&amp;cbp=13,99.61,,0,0&amp;q=hotel+bologna+pisa+maps&amp;ie=UTF8&amp;hq=&amp;hnear=&amp;t=m&amp;cbll=43.71429,10.398897&amp;source=embed&amp;ll=43.712925,10.398903&amp;spn=0.004808,0.016093&amp;z=16&amp;output=svembed\" width=\"100%\" height=\"300\" frameborder=\"0\" marginwidth=\"0\" marginheight=\"0\" scrolling=\"no\"><\/iframe><\/p>\n<p>Das Hotel Bologna befindet sich im historischen Zentrum von Pisa. Ein elegantes Geb\u00e4ude mit einem typischen architektonischem Stil der toskanischen Tradition, beherbergt eine der prestigereichsten Hotels der Stadt.<\/p>\n<p>Die Stra\u00dfe, in der sich das Hotel befindet, ist zentral und doch abgelegen und befindet sich 500 m vom Zugbahnhof entfernt. Der Dom, die Hauptgesch\u00e4ftsstra\u00dfe und die touristischen Hauptattraktionen sind ganz einfach zu Fu\u00df erreichbar. Die Autobahnausfahrt aus der Autobahn A12 PISA CENTRO und die Ausfahrt aus der Schnellstra\u00dfe Firenze-Pisa-Livorno, hingegen, sind nur 3km entfernt.<\/p>\n<p>F\u00fcr unsere G\u00e4ste, die mit dem Auto anreisen, stellt das Hotel im Innenhof einen eigenen bewachten Parkplatz zur Verf\u00fcgung. F\u00fcr die Zonen die nur eingeschr\u00e4nkt mit dem Auto befahrbar sind, k\u00f6nnen unsere G\u00e4ste \u00fcber die gesamte Zeit ihres Aufenthalts von einer speziellen Durchfahrtserlaubnis Gebrauch machen.<\/p>\n<table border=\"0\" width=\"600\">\n<tbody>\n<tr>\n<td align=\"center\"><img loading=\"lazy\" width=\"193\" height=\"193\" class=\"aligncenter size-full wp-image-4566\" style=\"width: 50px;\" src=\"http:\/\/www.hotelbologna.pisa.it\/wp-content\/uploads\/2016\/04\/train-station.png\" alt=\"train-station\" srcset=\"https:\/\/hotelbologna.pisa.it\/wp-content\/uploads\/2016\/04\/train-station.png 193w, https:\/\/hotelbologna.pisa.it\/wp-content\/uploads\/2016\/04\/train-station-150x150.png 150w\" sizes=\"(max-width: 193px) 100vw, 193px\" \/><\/td>\n<td align=\"center\">Station<\/td>\n<td align=\"center\">5 Minuten<\/td>\n<td align=\"center\"><img style=\"width: 40px;\" src=\"http:\/\/www.hotelbologna.pisa.it\/wp-content\/uploads\/2016\/04\/caminando.png\" \/><\/td>\n<\/tr>\n<tr>\n<td align=\"center\"><img loading=\"lazy\" width=\"193\" height=\"193\" class=\"aligncenter size-full wp-image-4621\" style=\"width: 50px;\" src=\"http:\/\/www.hotelbologna.pisa.it\/wp-content\/uploads\/2016\/04\/purse.png\" alt=\"purse\" srcset=\"https:\/\/hotelbologna.pisa.it\/wp-content\/uploads\/2016\/04\/purse.png 193w, https:\/\/hotelbologna.pisa.it\/wp-content\/uploads\/2016\/04\/purse-150x150.png 150w\" sizes=\"(max-width: 193px) 100vw, 193px\" \/><\/td>\n<td align=\"center\">Corso Italia<\/td>\n<td align=\"center\">1 Minuten<\/td>\n<td align=\"center\"><img style=\"width: 40px;\" src=\"http:\/\/www.hotelbologna.pisa.it\/wp-content\/uploads\/2016\/04\/caminando.png\" \/><\/td>\n<\/tr>\n<tr>\n<td align=\"center\"><img loading=\"lazy\" width=\"193\" height=\"193\" class=\"aligncenter size-full wp-image-4559\" style=\"width: 50px;\" src=\"http:\/\/www.hotelbologna.pisa.it\/wp-content\/uploads\/2016\/04\/chiesa.png\" alt=\"chiesa\" srcset=\"https:\/\/hotelbologna.pisa.it\/wp-content\/uploads\/2016\/04\/chiesa.png 193w, https:\/\/hotelbologna.pisa.it\/wp-content\/uploads\/2016\/04\/chiesa-150x150.png 150w\" sizes=\"(max-width: 193px) 100vw, 193px\" \/><\/td>\n<td align=\"center\">Chiesa della Spina<\/td>\n<td align=\"center\">2 Minuten<\/td>\n<td align=\"center\"><img style=\"width: 40px;\" src=\"http:\/\/www.hotelbologna.pisa.it\/wp-content\/uploads\/2016\/04\/caminando.png\" \/><\/td>\n<\/tr>\n<tr>\n<td align=\"center\"><img loading=\"lazy\" width=\"193\" height=\"193\" class=\"aligncenter size-full wp-image-4560\" style=\"width: 50px;\" src=\"http:\/\/www.hotelbologna.pisa.it\/wp-content\/uploads\/2016\/04\/torre-di-pisa.png\" alt=\"torre-di-pisa\" srcset=\"https:\/\/hotelbologna.pisa.it\/wp-content\/uploads\/2016\/04\/torre-di-pisa.png 193w, https:\/\/hotelbologna.pisa.it\/wp-content\/uploads\/2016\/04\/torre-di-pisa-150x150.png 150w\" sizes=\"(max-width: 193px) 100vw, 193px\" \/><\/td>\n<td align=\"center\">Turm von Pisa<\/td>\n<td align=\"center\">12 Minuten<\/td>\n<td align=\"center\"><img style=\"width: 40px;\" src=\"http:\/\/www.hotelbologna.pisa.it\/wp-content\/uploads\/2016\/04\/caminando.png\" \/><\/td>\n<\/tr>\n<tr>\n<td align=\"center\"><img loading=\"lazy\" width=\"193\" height=\"193\" class=\"aligncenter size-full wp-image-4561\" style=\"width: 50px;\" src=\"http:\/\/www.hotelbologna.pisa.it\/wp-content\/uploads\/2016\/04\/aeroporto.png\" alt=\"aeroporto\" srcset=\"https:\/\/hotelbologna.pisa.it\/wp-content\/uploads\/2016\/04\/aeroporto.png 193w, https:\/\/hotelbologna.pisa.it\/wp-content\/uploads\/2016\/04\/aeroporto-150x150.png 150w\" sizes=\"(max-width: 193px) 100vw, 193px\" \/><\/td>\n<td align=\"center\">Flughafen<\/td>\n<td align=\"center\">5 Minuten<\/td>\n<td align=\"center\"><img style=\"width: 40px;\" src=\"http:\/\/www.hotelbologna.pisa.it\/wp-content\/uploads\/2016\/04\/machina.png\" alt=\"Macchina\" \/><\/td>\n<\/tr>\n<\/tbody>\n<\/table>\n<\/div>\n<div id=\"noi\"><\/div>\n<\/div>\n<p>[\/vc_column_text][\/vc_column][\/vc_row]<\/p>","protected":false},"excerpt":{"rendered":"<p>[vc_row][vc_column][vc_column_text] Das Hotel Bologna befindet sich im historischen Zentrum von Pisa. Ein elegantes Geb\u00e4ude mit einem typischen architektonischem Stil der toskanischen Tradition, beherbergt eine der prestigereichsten Hotels der Stadt. Die Stra\u00dfe, in der sich das Hotel befindet, ist zentral und doch abgelegen und befindet sich 500 m vom Zugbahnhof entfernt. Der Dom, die Hauptgesch\u00e4ftsstra\u00dfe und&#8230; <\/p>\n<div class=\"clear\"><\/div>\n<p><a href=\"https:\/\/hotelbologna.pisa.it\/de\/hotel.html\" class=\"excerpt-read-more\">Continue Reading<i class=\"fa fa-long-arrow-right icon-long-arrow-right\"><\/i><\/a><\/p>\n","protected":false},"author":1,"featured_media":0,"parent":0,"menu_order":0,"comment_status":"closed","ping_status":"closed","template":"","meta":[],"_links":{"self":[{"href":"https:\/\/hotelbologna.pisa.it\/de\/wp-json\/wp\/v2\/pages\/4079"}],"collection":[{"href":"https:\/\/hotelbologna.pisa.it\/de\/wp-json\/wp\/v2\/pages"}],"about":[{"href":"https:\/\/hotelbologna.pisa.it\/de\/wp-json\/wp\/v2\/types\/page"}],"author":[{"embeddable":true,"href":"https:\/\/hotelbologna.pisa.it\/de\/wp-json\/wp\/v2\/users\/1"}],"replies":[{"embeddable":true,"href":"https:\/\/hotelbologna.pisa.it\/de\/wp-json\/wp\/v2\/comments?post=4079"}],"version-history":[{"count":11,"href":"https:\/\/hotelbologna.pisa.it\/de\/wp-json\/wp\/v2\/pages\/4079\/revisions"}],"predecessor-version":[{"id":4743,"href":"https:\/\/hotelbologna.pisa.it\/de\/wp-json\/wp\/v2\/pages\/4079\/revisions\/4743"}],"wp:attachment":[{"href":"https:\/\/hotelbologna.pisa.it\/de\/wp-json\/wp\/v2\/media?parent=4079"}],"curies":[{"name":"wp","href":"https:\/\/api.w.org\/{rel}","templated":true}]}}