{"id":4086,"date":"2016-04-08T17:26:14","date_gmt":"2016-04-08T15:26:14","guid":{"rendered":"http:\/\/www.proclic-test.it\/hotel\/?page_id=4086"},"modified":"2016-05-09T16:30:18","modified_gmt":"2016-05-09T14:30:18","slug":"atmosfera","status":"publish","type":"page","link":"https:\/\/hotelbologna.pisa.it\/de\/atmosfera.html","title":{"rendered":"DIE ATMOSPH\u00c4RE"},"content":{"rendered":"<p><\/p>\n<div id=\"descrizione\">\n<div id=\"titolo-descrizione\">\n<div id=\"descrizione\">\n<div id=\"titolo-descrizione\"><strong>DIE ATMOSPH\u00c4RE<\/strong><\/div>\n<p><img loading=\"lazy\" class=\"alignleft\" src=\"http:\/\/www.hotelbologna.pisa.it\/img\/lato-atmosfera.png\" width=\"169\" height=\"200\" \/>Die Inneneinrichtung des Hotel Bologna nimmt den Gast mit<strong>abgestimmter Eleganz<\/strong> auf. Es ist nicht unwahrscheinlich, den Blickfang auf ein besonderes Einrichtungsst\u00fcck in einer Ecke zu richten und \u00fcberraschend zu schmunzeln.<\/p>\n<p>Die <strong>Farbtonart<\/strong> ist <strong>ged\u00e4mpft<\/strong>, die Beleuchtung <strong>einladend<\/strong>. Die <strong>Details<\/strong>sind bis ins letzte studiert, Entgegenkommen und Bereitschaft sind stets gew\u00e4hrleistet.<\/p>\n<p>Besorgt, hektisch, abgelenkt; entspannend, ordentlich, ausgekl\u00fcgelt: was auch immer Ihre Vorstellung eines touristischen oder professionellen Aufenthalts entspricht, <strong>die Atmosph\u00e4re in unserem Hotel ist stets die beste<\/strong>.<\/p>\n<\/div>\n<div id=\"noi\"><\/div>\n<\/div>\n<\/div>\n<p><\/p>","protected":false},"excerpt":{"rendered":"<p>DIE ATMOSPH\u00c4RE Die Inneneinrichtung des Hotel Bologna nimmt den Gast mitabgestimmter Eleganz auf. Es ist nicht unwahrscheinlich, den Blickfang auf ein besonderes Einrichtungsst\u00fcck in einer Ecke zu richten und \u00fcberraschend zu schmunzeln. Die Farbtonart ist ged\u00e4mpft, die Beleuchtung einladend. Die Detailssind bis ins letzte studiert, Entgegenkommen und Bereitschaft sind stets gew\u00e4hrleistet. Besorgt, hektisch, abgelenkt; entspannend,&#8230; <\/p>\n<div class=\"clear\"><\/div>\n<p><a href=\"https:\/\/hotelbologna.pisa.it\/de\/atmosfera.html\" class=\"excerpt-read-more\">Continue Reading<i class=\"fa fa-long-arrow-right icon-long-arrow-right\"><\/i><\/a><\/p>\n","protected":false},"author":1,"featured_media":0,"parent":0,"menu_order":0,"comment_status":"closed","ping_status":"closed","template":"","meta":[],"_links":{"self":[{"href":"https:\/\/hotelbologna.pisa.it\/de\/wp-json\/wp\/v2\/pages\/4086"}],"collection":[{"href":"https:\/\/hotelbologna.pisa.it\/de\/wp-json\/wp\/v2\/pages"}],"about":[{"href":"https:\/\/hotelbologna.pisa.it\/de\/wp-json\/wp\/v2\/types\/page"}],"author":[{"embeddable":true,"href":"https:\/\/hotelbologna.pisa.it\/de\/wp-json\/wp\/v2\/users\/1"}],"replies":[{"embeddable":true,"href":"https:\/\/hotelbologna.pisa.it\/de\/wp-json\/wp\/v2\/comments?post=4086"}],"version-history":[{"count":3,"href":"https:\/\/hotelbologna.pisa.it\/de\/wp-json\/wp\/v2\/pages\/4086\/revisions"}],"predecessor-version":[{"id":4626,"href":"https:\/\/hotelbologna.pisa.it\/de\/wp-json\/wp\/v2\/pages\/4086\/revisions\/4626"}],"wp:attachment":[{"href":"https:\/\/hotelbologna.pisa.it\/de\/wp-json\/wp\/v2\/media?parent=4086"}],"curies":[{"name":"wp","href":"https:\/\/api.w.org\/{rel}","templated":true}]}}