{"id":4088,"date":"2016-04-08T17:26:44","date_gmt":"2016-04-08T15:26:44","guid":{"rendered":"http:\/\/www.proclic-test.it\/hotel\/?page_id=4088"},"modified":"2016-05-09T16:32:16","modified_gmt":"2016-05-09T14:32:16","slug":"qualita","status":"publish","type":"page","link":"https:\/\/hotelbologna.pisa.it\/de\/qualita.html","title":{"rendered":"QUALIT\u00c4T"},"content":{"rendered":"<p><\/p>\n<div id=\"descrizione\">\n<div id=\"titolo-descrizione\">\n<div id=\"descrizione\">\n<div id=\"titolo-descrizione\"><strong>STETS AUF DER SUCHE NACH QUALIT\u00c4T<\/strong><\/div>\n<p>Seit \u00fcber 50 Jahren ist die Familie Gherardi, die Besitzer des Hotels, darum bem\u00fcht, <strong>exzellente Gastfreundschaft<\/strong> zu bieten. <strong>H\u00f6flichkeit<\/strong> und stete Anpassung der eigenen Leistungen an die Anforderungen der Zeit sind daf\u00fcr unabdinglich. Das Hotel entwickelt sich stets weiter, wobei Qualit\u00e4t auf jeden Fall Vorrang hat.<\/p>\n<p class=\"testo\">Zu diesem Zweck hat das Hotel Bologna entschieden, sich jedes Jahr aufs neue in Frage zu stellen, indem es sich strikten Bewertungen bez\u00fcglich der angebotenen <a href=\"http:\/\/www.hotelbologna.pisa.it\/online\/de\/servizi.php\">Leistungen<\/a> unterzieht, um die<strong>Qualit\u00e4tsmarke<\/strong> zu erhalten. Es handelt sich dabei um eine <strong>Zertifizierung<\/strong>, die von Seiten der italienischen Handelskammern verabreicht wird, um eine bedeutende Auswahl zu treffen, die ausschlie\u00dflich<strong>au\u00dfergew\u00f6hnliche Hotelstrukturen<\/strong> auszeichnet.<\/p>\n<p><img loading=\"lazy\" src=\"http:\/\/www.hotelbologna.pisa.it\/img\/marchioqualita2.gif\" alt=\"Seal of Quality\" width=\"180\" height=\"40\" \/><\/p>\n<p><a href=\"http:\/\/www.hotelbologna.pisa.it\/online\/de\/marchiodiqualita.php?cam=3#\"><img loading=\"lazy\" src=\"http:\/\/www.hotelbologna.pisa.it\/img\/trip-advisor-7.png\" alt=\"Tripadivsor\" width=\"180\" height=\"30\" \/><\/a><\/p>\n<\/div>\n<div id=\"noi\"><\/div>\n<\/div>\n<\/div>\n<p><\/p>","protected":false},"excerpt":{"rendered":"<p>STETS AUF DER SUCHE NACH QUALIT\u00c4T Seit \u00fcber 50 Jahren ist die Familie Gherardi, die Besitzer des Hotels, darum bem\u00fcht, exzellente Gastfreundschaft zu bieten. H\u00f6flichkeit und stete Anpassung der eigenen Leistungen an die Anforderungen der Zeit sind daf\u00fcr unabdinglich. Das Hotel entwickelt sich stets weiter, wobei Qualit\u00e4t auf jeden Fall Vorrang hat. Zu diesem Zweck&#8230; <\/p>\n<div class=\"clear\"><\/div>\n<p><a href=\"https:\/\/hotelbologna.pisa.it\/de\/qualita.html\" class=\"excerpt-read-more\">Continue Reading<i class=\"fa fa-long-arrow-right icon-long-arrow-right\"><\/i><\/a><\/p>\n","protected":false},"author":1,"featured_media":0,"parent":0,"menu_order":0,"comment_status":"closed","ping_status":"closed","template":"","meta":[],"_links":{"self":[{"href":"https:\/\/hotelbologna.pisa.it\/de\/wp-json\/wp\/v2\/pages\/4088"}],"collection":[{"href":"https:\/\/hotelbologna.pisa.it\/de\/wp-json\/wp\/v2\/pages"}],"about":[{"href":"https:\/\/hotelbologna.pisa.it\/de\/wp-json\/wp\/v2\/types\/page"}],"author":[{"embeddable":true,"href":"https:\/\/hotelbologna.pisa.it\/de\/wp-json\/wp\/v2\/users\/1"}],"replies":[{"embeddable":true,"href":"https:\/\/hotelbologna.pisa.it\/de\/wp-json\/wp\/v2\/comments?post=4088"}],"version-history":[{"count":3,"href":"https:\/\/hotelbologna.pisa.it\/de\/wp-json\/wp\/v2\/pages\/4088\/revisions"}],"predecessor-version":[{"id":4627,"href":"https:\/\/hotelbologna.pisa.it\/de\/wp-json\/wp\/v2\/pages\/4088\/revisions\/4627"}],"wp:attachment":[{"href":"https:\/\/hotelbologna.pisa.it\/de\/wp-json\/wp\/v2\/media?parent=4088"}],"curies":[{"name":"wp","href":"https:\/\/api.w.org\/{rel}","templated":true}]}}