{"id":4090,"date":"2016-04-08T17:27:03","date_gmt":"2016-04-08T15:27:03","guid":{"rendered":"http:\/\/www.proclic-test.it\/hotel\/?page_id=4090"},"modified":"2016-05-09T16:34:40","modified_gmt":"2016-05-09T14:34:40","slug":"staff","status":"publish","type":"page","link":"https:\/\/hotelbologna.pisa.it\/de\/staff.html","title":{"rendered":"DAS TEAM"},"content":{"rendered":"<p><\/p>\n<div id=\"descrizione\">\n<div id=\"titolo-descrizione\">\n<div id=\"titolo-descrizione\"><strong>DAS TEAM<\/strong><\/div>\n<p>Ein junges Team, das in der Lage ist, aktiv zusammen zu arbeiten, um das Gelingen Ihres Aufenthalts in unserem Hotel zu gew\u00e4hrleisten. Dies ist eine der st\u00e4rksten Vorz\u00fcge des Hotel Bologna.<\/p>\n<p>Die Aufnahme der G\u00e4ste verwandelt sich sogleich in Bereitschaft und Entgegenkommen, und zwar zu jedem Zeitpunkt Ihres Aufenthalts. Die <strong>perfekte Beherrschung von Fremdsprachen<\/strong> und die F\u00e4higkeit, allen Anforderungen der G\u00e4ste jeglichen Alters und jeglichen Herkunftsortes entgegen zu kommen, stellen somit zus\u00e4tzlich zum Prestige der Hotelstruktur selbst, einen besonderen Wert dar.<\/p>\n<p>Das Kennen der Stadt und der Region von Seiten des Personals, die den Aufenthalt im Hotel beleben, erm\u00f6glicht es unseren G\u00e4sten zudem, <strong>Ratschl\u00e4ge und Tipps zu Museumsbesuchen und touristischen Ausfl\u00fcgen<\/strong> zu erhalten, wobei Angebote zu den <strong>typischen Spezialit\u00e4ten und Weinen<\/strong> der Stadt nicht fehlen werden.<\/p>\n<\/div>\n<\/div>\n<p><\/p>","protected":false},"excerpt":{"rendered":"<p>DAS TEAM Ein junges Team, das in der Lage ist, aktiv zusammen zu arbeiten, um das Gelingen Ihres Aufenthalts in unserem Hotel zu gew\u00e4hrleisten. Dies ist eine der st\u00e4rksten Vorz\u00fcge des Hotel Bologna. Die Aufnahme der G\u00e4ste verwandelt sich sogleich in Bereitschaft und Entgegenkommen, und zwar zu jedem Zeitpunkt Ihres Aufenthalts. Die perfekte Beherrschung von&#8230; <\/p>\n<div class=\"clear\"><\/div>\n<p><a href=\"https:\/\/hotelbologna.pisa.it\/de\/staff.html\" class=\"excerpt-read-more\">Continue Reading<i class=\"fa fa-long-arrow-right icon-long-arrow-right\"><\/i><\/a><\/p>\n","protected":false},"author":1,"featured_media":0,"parent":0,"menu_order":0,"comment_status":"closed","ping_status":"closed","template":"","meta":[],"_links":{"self":[{"href":"https:\/\/hotelbologna.pisa.it\/de\/wp-json\/wp\/v2\/pages\/4090"}],"collection":[{"href":"https:\/\/hotelbologna.pisa.it\/de\/wp-json\/wp\/v2\/pages"}],"about":[{"href":"https:\/\/hotelbologna.pisa.it\/de\/wp-json\/wp\/v2\/types\/page"}],"author":[{"embeddable":true,"href":"https:\/\/hotelbologna.pisa.it\/de\/wp-json\/wp\/v2\/users\/1"}],"replies":[{"embeddable":true,"href":"https:\/\/hotelbologna.pisa.it\/de\/wp-json\/wp\/v2\/comments?post=4090"}],"version-history":[{"count":3,"href":"https:\/\/hotelbologna.pisa.it\/de\/wp-json\/wp\/v2\/pages\/4090\/revisions"}],"predecessor-version":[{"id":4628,"href":"https:\/\/hotelbologna.pisa.it\/de\/wp-json\/wp\/v2\/pages\/4090\/revisions\/4628"}],"wp:attachment":[{"href":"https:\/\/hotelbologna.pisa.it\/de\/wp-json\/wp\/v2\/media?parent=4090"}],"curies":[{"name":"wp","href":"https:\/\/api.w.org\/{rel}","templated":true}]}}