{"id":4096,"date":"2016-04-08T17:30:14","date_gmt":"2016-04-08T15:30:14","guid":{"rendered":"http:\/\/www.proclic-test.it\/hotel\/?page_id=4096"},"modified":"2016-05-09T16:36:51","modified_gmt":"2016-05-09T14:36:51","slug":"camere","status":"publish","type":"page","link":"https:\/\/hotelbologna.pisa.it\/de\/camere.html","title":{"rendered":"ZIMMER"},"content":{"rendered":"<p>[vc_row][vc_column][vc_column_text]<\/p>\n<h2>ZIMMER<\/h2>\n<p>[\/vc_column_text][vc_posts_slider count=&#8221;4&#8243; interval=&#8221;3&#8243; slides_content=&#8221;teaser&#8221; slides_title=&#8221;1&#8243; thumb_size=&#8221;full&#8221; posttypes=&#8221;room&#8221;][vc_column_text]<\/p>\n<div id=\"descrizione\">\n<div>\n<p>Die W\u00e4rme der frischen goldgelben, pfirsichfarbenen und gr\u00fcnen Farbt\u00f6ne, welche den Hauptstil der Einrichtung im Hotel Bologna darstellen, nimmt unsere G\u00e4ste zu jeder Jahreszeit auf die bestm\u00f6gliche Art auf.<\/p>\n<p>Zahlreiche <strong>exklusive L\u00f6sungen<\/strong> f\u00fcr Ihre Zimmer und ein <strong>exzellenter Service<\/strong> projizieren Sie in das Herz der Stadt, welche die Sch\u00f6nheit der Natur und den Reiz der teilweise mittelalterlichen Umgebung umschlie\u00dft; der Reiz der engen Gassen, der turmf\u00f6rmigen H\u00e4user, einer architektonischen Zusammenstellung, die \u00fcber die Jahre hinweg intakt \u00fcberliefert wurde und die Sie vom Fenster Ihres Zimmers aus betrachten k\u00f6nnen.<\/p>\n<p>In jedem Zimmer befinden sich: <strong>Sat-TV in 4 Sprachen, Wireless Internetanschluss<strong>Kostenlos<\/strong>, Safe, Minibar, Fon, autonome Klimaanlage, 24h Zimmerservice<\/strong>.<\/p>\n<\/div>\n<\/div>\n<p>[\/vc_column_text][vc_raw_html]JTNDc3R5bGUlM0UuaWNvbi1hbmdsZS1sZWZ0JTNBYmVmb3JlJTJDJTIwLmljb24tYW5nbGUtcmlnaHQlM0FiZWZvcmUlN0Jjb250ZW50JTNBbm9uZSUyMUltcG9ydGFudCUzQiU3RCUzQyUyRnN0eWxlJTNF[\/vc_raw_html][vc_row_inner][vc_column_inner width=&#8221;1\/4&#8243;][\/vc_column_inner][vc_column_inner width=&#8221;1\/2&#8243;][vc_column_text]<\/p>\n<div class=\"gdlr-shortcode-wrapper\"><div class=\"gdlr-gallery-item gdlr-item\" ><div class=\"gallery-column one-fifth column\"><div class=\"gallery-item\"><img src=\"https:\/\/hotelbologna.pisa.it\/wp-content\/uploads\/2016\/04\/wi-fi.png\" alt=\"\" width=\"55\" height=\"55\" \/><\/div><\/div><div class=\"gallery-column one-fifth column\"><div class=\"gallery-item\"><img src=\"https:\/\/hotelbologna.pisa.it\/wp-content\/uploads\/2016\/04\/servizi-bollitore.png\" alt=\"\" width=\"55\" height=\"55\" \/><\/div><\/div><div class=\"gallery-column one-fifth column\"><div class=\"gallery-item\"><img src=\"https:\/\/hotelbologna.pisa.it\/wp-content\/uploads\/2016\/04\/climatizzazione.png\" alt=\"\" width=\"55\" height=\"55\" \/><\/div><\/div><div class=\"gallery-column one-fifth column\"><div class=\"gallery-item\"><img src=\"https:\/\/hotelbologna.pisa.it\/wp-content\/uploads\/2016\/04\/cassaforte.png\" alt=\"\" width=\"55\" height=\"55\" \/><\/div><\/div><div class=\"gallery-column one-fifth column\"><div class=\"gallery-item\"><img src=\"https:\/\/hotelbologna.pisa.it\/wp-content\/uploads\/2016\/04\/servizi-fon.png\" alt=\"\" width=\"55\" height=\"55\" \/><\/div><\/div><div class=\"clear\"><\/div><\/div><\/div>\n<p>[\/vc_column_text][\/vc_column_inner][vc_column_inner width=&#8221;1\/4&#8243;][\/vc_column_inner][\/vc_row_inner][\/vc_column][\/vc_row]<\/p>","protected":false},"excerpt":{"rendered":"<p>[vc_row][vc_column][vc_column_text] ZIMMER [\/vc_column_text][vc_posts_slider count=&#8221;4&#8243; interval=&#8221;3&#8243; slides_content=&#8221;teaser&#8221; slides_title=&#8221;1&#8243; thumb_size=&#8221;full&#8221; posttypes=&#8221;room&#8221;][vc_column_text] Die W\u00e4rme der frischen goldgelben, pfirsichfarbenen und gr\u00fcnen Farbt\u00f6ne, welche den Hauptstil der Einrichtung im Hotel Bologna darstellen, nimmt unsere G\u00e4ste zu jeder Jahreszeit auf die bestm\u00f6gliche Art auf. Zahlreiche exklusive L\u00f6sungen f\u00fcr Ihre Zimmer und ein exzellenter Service projizieren Sie in das Herz der Stadt,&#8230; <\/p>\n<div class=\"clear\"><\/div>\n<p><a href=\"https:\/\/hotelbologna.pisa.it\/de\/camere.html\" class=\"excerpt-read-more\">Continue Reading<i class=\"fa fa-long-arrow-right icon-long-arrow-right\"><\/i><\/a><\/p>\n","protected":false},"author":1,"featured_media":0,"parent":0,"menu_order":0,"comment_status":"closed","ping_status":"closed","template":"","meta":[],"_links":{"self":[{"href":"https:\/\/hotelbologna.pisa.it\/de\/wp-json\/wp\/v2\/pages\/4096"}],"collection":[{"href":"https:\/\/hotelbologna.pisa.it\/de\/wp-json\/wp\/v2\/pages"}],"about":[{"href":"https:\/\/hotelbologna.pisa.it\/de\/wp-json\/wp\/v2\/types\/page"}],"author":[{"embeddable":true,"href":"https:\/\/hotelbologna.pisa.it\/de\/wp-json\/wp\/v2\/users\/1"}],"replies":[{"embeddable":true,"href":"https:\/\/hotelbologna.pisa.it\/de\/wp-json\/wp\/v2\/comments?post=4096"}],"version-history":[{"count":10,"href":"https:\/\/hotelbologna.pisa.it\/de\/wp-json\/wp\/v2\/pages\/4096\/revisions"}],"predecessor-version":[{"id":4707,"href":"https:\/\/hotelbologna.pisa.it\/de\/wp-json\/wp\/v2\/pages\/4096\/revisions\/4707"}],"wp:attachment":[{"href":"https:\/\/hotelbologna.pisa.it\/de\/wp-json\/wp\/v2\/media?parent=4096"}],"curies":[{"name":"wp","href":"https:\/\/api.w.org\/{rel}","templated":true}]}}