{"id":4133,"date":"2016-04-08T18:01:11","date_gmt":"2016-04-08T16:01:11","guid":{"rendered":"http:\/\/www.proclic-test.it\/hotel\/?page_id=4133"},"modified":"2024-08-14T16:44:38","modified_gmt":"2024-08-14T14:44:38","slug":"shuttle-service","status":"publish","type":"page","link":"https:\/\/hotelbologna.pisa.it\/de\/shuttle-service.html","title":{"rendered":"SHUTTLE SERVICE"},"content":{"rendered":"<p><\/p>\n<div id=\"descrizione\">\n<div id=\"titolo-descrizione\"><strong>SHUTTLE SERVICE<\/strong><\/div>\n<p><img src=\"http:\/\/www.hotelbologna.pisa.it\/img\/img-pag-servizi-shuttle.jpg\" width=\"600\" \/>Wir bieten unseren G\u00e4sten einen komfortable privaten <strong>Shuttle-Service<\/strong> vom\/zum Bahnhof und zum Flughafen. Der <strong>Shuttle-Service<\/strong> (Hotel-Flughafen-Hotel und Station) ist <strong>Kostenlos*<\/strong> und t\u00e4glich von <strong>07.00<\/strong>bis <strong>20.00<\/strong> Uhr verf\u00fcgbar.<\/p>\n<p>Sie brauchen keine Reservierung &#8211; rufen Sie uns einfach bei Ihrer Ankunft in Pisa an: <strong>+39-050-502120<\/strong> und wir holen sie in wenigen Minuten ab.<\/p>\n<p>*Dieser Service steht Ihnen kostenlos zur Verf\u00fcgung wenn Sie direkt bei uns gebucht haben, entweder auf unserer hoteleigenen <strong>Webseite www.hotelbologna.pisa.it<\/strong> , per e-mail auf <strong>info@hotelbologna.pisa.it<\/strong> oder telefonisch unter <strong>0039-050502120<\/strong>.<br \/>\nF\u00fcr alle anderen Buchungen welche \u00fcber Zweit-und Dritt-Anbieter get\u00e4tigt werden, steht dieser private Service kosteng\u00fcnstig zur Verf\u00fcgung.<\/p>\n<\/div>\n<div id=\"noi\"><\/div>\n<p><\/p>","protected":false},"excerpt":{"rendered":"<p>SHUTTLE SERVICE Wir bieten unseren G\u00e4sten einen komfortable privaten Shuttle-Service vom\/zum Bahnhof und zum Flughafen. Der Shuttle-Service (Hotel-Flughafen-Hotel und Station) ist Kostenlos* und t\u00e4glich von 07.00bis 20.00 Uhr verf\u00fcgbar. Sie brauchen keine Reservierung &#8211; rufen Sie uns einfach bei Ihrer Ankunft in Pisa an: +39-050-502120 und wir holen sie in wenigen Minuten ab. *Dieser Service&#8230; <\/p>\n<div class=\"clear\"><\/div>\n<p><a href=\"https:\/\/hotelbologna.pisa.it\/de\/shuttle-service.html\" class=\"excerpt-read-more\">Continue Reading<i class=\"fa fa-long-arrow-right icon-long-arrow-right\"><\/i><\/a><\/p>\n","protected":false},"author":1,"featured_media":0,"parent":0,"menu_order":0,"comment_status":"closed","ping_status":"closed","template":"","meta":[],"_links":{"self":[{"href":"https:\/\/hotelbologna.pisa.it\/de\/wp-json\/wp\/v2\/pages\/4133"}],"collection":[{"href":"https:\/\/hotelbologna.pisa.it\/de\/wp-json\/wp\/v2\/pages"}],"about":[{"href":"https:\/\/hotelbologna.pisa.it\/de\/wp-json\/wp\/v2\/types\/page"}],"author":[{"embeddable":true,"href":"https:\/\/hotelbologna.pisa.it\/de\/wp-json\/wp\/v2\/users\/1"}],"replies":[{"embeddable":true,"href":"https:\/\/hotelbologna.pisa.it\/de\/wp-json\/wp\/v2\/comments?post=4133"}],"version-history":[{"count":8,"href":"https:\/\/hotelbologna.pisa.it\/de\/wp-json\/wp\/v2\/pages\/4133\/revisions"}],"predecessor-version":[{"id":4942,"href":"https:\/\/hotelbologna.pisa.it\/de\/wp-json\/wp\/v2\/pages\/4133\/revisions\/4942"}],"wp:attachment":[{"href":"https:\/\/hotelbologna.pisa.it\/de\/wp-json\/wp\/v2\/media?parent=4133"}],"curies":[{"name":"wp","href":"https:\/\/api.w.org\/{rel}","templated":true}]}}