{"id":4144,"date":"2016-04-08T18:08:43","date_gmt":"2016-04-08T16:08:43","guid":{"rendered":"http:\/\/www.proclic-test.it\/hotel\/?page_id=4144"},"modified":"2016-05-10T12:07:42","modified_gmt":"2016-05-10T10:07:42","slug":"servizi-riservati-escursioni","status":"publish","type":"page","link":"https:\/\/hotelbologna.pisa.it\/de\/servizi-riservati-escursioni.html","title":{"rendered":"ORGANISIERTE AUSFL\u00dcGE"},"content":{"rendered":"<p><\/p>\n<div id=\"descrizione\">\n<div id=\"descrizione\">\n<div id=\"titolo-descrizione\"><strong>ORGANISIERTE AUSFL\u00dcGE<\/strong><\/div>\n<p>Auf Anfrage k\u00f6nnen <strong>Ausfl\u00fcge<\/strong> auf besonderen Touristenbussen und auf der <strong>F\u00e4hre, welche die Stadt<\/strong> auf dem Fluss Arno <strong>durchquert<\/strong>, organisiert werden.<\/p>\n<p>Besondere Aufmerksamkeit wird <strong>den touristisch wichtigen Orten<\/strong> gewidmet, wie: die <strong>Arsenali Medicei<\/strong>, eine Ausstellung der unglaublichen arch\u00e4ologischen Funde zahlreicher r\u00f6mischer Schiffe; die <strong>Chiesa die Cavalieri<\/strong>, eine Kirche mit den Standarten der Lepanto-Schlacht; die <strong>Rovine dei Bagni di Nerone<\/strong>, Ruinen eines wichtigen Thermalzentrums aus der r\u00f6mischen Epoche.<\/p>\n<div>\n<p><a href=\"http:\/\/www.hotelbologna.pisa.it\/online\/de\/servizi-riservati-escursioni.php?cam=3#\">Watch Walking in Pisa<\/a><\/p>\n<div><a href=\"http:\/\/www.pisaunicaterra.it\/en\/\" target=\"_blank\"><img src=\"http:\/\/www.hotelbologna.pisa.it\/img\/banner-pisaunicaterra.png\" border=\"0\" \/><\/a><\/div>\n<p><a href=\"http:\/\/www.hotelbologna.pisa.it\/online\/de\/servizi-riservati-escursioni.php?cam=3#\">Watch Sightseeing Pisa<\/a><\/p>\n<\/div>\n<p><a href=\"http:\/\/www.hotelbologna.pisa.it\/online\/de\/servizi-riservati-escursioni.php?cam=3#\">Besuch Palazzo Blu Pisa<\/a><\/p>\n<table border=\"0\" width=\"600\">\n<tbody>\n<tr>\n<td colspan=\"2\"><a href=\"http:\/\/www.hotelbologna.pisa.it\/online\/de\/servizi-riservati-escursioni.php?cam=3#\">Programm halbtagesausflug marmorbr\u00fcche von Carrara und Colonnata<\/a> (Mittwoch und Sonntag)<\/td>\n<\/tr>\n<tr>\n<td><\/td>\n<td><img loading=\"lazy\" src=\"http:\/\/www.hotelbologna.pisa.it\/img\/escursioni-escursioni-cave.jpg\" alt=\"Programm halbtagesausflug marmorbr\u00fcche von Carrara und Colonnata\" width=\"200\" height=\"184\" \/><\/p>\n<p>Wir werden einen Marmorbruch besichtigen, der noch in Betrieb ist, und so die alten und modernen Methoden der Marmorgewinnung kennen lernen. Dabei werden wir auch etwas \u00fcber die geologischen Eigenschaften der Apuanen erfahren, die seit Urzeiten f\u00fcr ihr \u201c<em>weisses Gold<\/em>\u201d bekannt sind.<\/p>\n<p>Am Ende der Besichtigung werden wir entlang des Tunnels der alten \u201cMarmoreisenbahn\u201d, in Richtung Carrara fahren. Auf diesem Wege wurde der Naturstein von 1876 bis 1964 ins Tal transportiert. 1964 wurde der Transport endg\u00fcltig von der Schiene auf die Strasse verlegt und die Eisenbahn stillgelegt.<\/p>\n<p>Um unseren Ausflug ganz im Sinne des guten Geschmackes abzurunden, begeben wir uns nach Colonnata, wo wir einen Speckhersteller (Larderia) besuchen werden. Dort erfahren wir nicht nur, wie der ber\u00fchmte \u201c<em>Lardo di Colonnata<\/em>\u201d, mit dem G\u00fctesiegel IGP entsteht, sondern nutzen die Gelegenheit zu einer schmackhaften Degustation.<\/td>\n<\/tr>\n<tr>\n<td colspan=\"2\"><\/td>\n<\/tr>\n<tr>\n<td colspan=\"2\"><a href=\"http:\/\/www.hotelbologna.pisa.it\/online\/de\/servizi-riservati-escursioni.php?cam=3#\">Tagesausflug Cinque Terre<\/a> (Mittwoch und Samstag)<\/td>\n<\/tr>\n<tr>\n<td><\/td>\n<td><img loading=\"lazy\" src=\"http:\/\/www.hotelbologna.pisa.it\/img\/escursioni-cinqueterre.jpg\" alt=\"Tagesausflug Cinque Terre\" width=\"200\" height=\"301\" \/><\/p>\n<p>Erste Etappe unseres Ausfluges ist <em><strong>Manarola<\/strong><\/em>, wo wir nicht nur die wundersch\u00f6ne Ortschaft besichtigen k\u00f6nnen, sondern auch die M\u00f6glichkeit haben das Museum des Sciacchetr\u00e0 (typischer lokaler Lik\u00f6r) zu besuchen. Auch das panoramische Zentrum des Dorfes Volastra ist einen Abstecher wert.<\/p>\n<p>Nach dem Mittagessen, geniessen wir ein wenig Romantik bei einem Spaziergang entlang der \u201cVia dell\u2019Amore\u201d in Richtung<em><strong>Riomaggiore<\/strong><\/em>.<\/p>\n<p>Anschliessend nehmen wir den Zug in Richtung <em><strong>Monterosso<\/strong><\/em>Wenn die Meeresbedingungen es erlauben besteht die M\u00f6glichkeit mit dem Boot zu fahren.<\/p>\n<p>n Monterosso haben wir genug Zeit zur Verf\u00fcgung um die Ortschaft zu besichtigen oder uns auf dem Strand direkt im Zentrum zu entspannen.<\/p>\n<p>Bequem im Zug fahren wir weiter nach <em><strong>Vernazza<\/strong><\/em>, eines der sch\u00f6nsten D\u00f6rfer in Italien, wo wir umgeben von farbenfrohen Gassen und bunten H\u00e4usern einem atemberaubenden Ausblick fr\u00f6nen k\u00f6nnen.<\/p>\n<p>Weiterfahrt mit dem Zug nach La Spezia, Bustreffpunkt Hauptbahnhof und am Abend Heimreise zu den jeweiligen Ausgangsorten.<\/td>\n<\/tr>\n<tr>\n<td colspan=\"2\"><\/td>\n<\/tr>\n<tr>\n<td colspan=\"2\">Weitere Ausflugsm\u00f6glichkeitenfinden Sie hier: <a href=\"http:\/\/www.hotelbologna.pisa.it\/online\/de\/servizi-riservati-escursioni.php?cam=3#\">www.exclusivetour.it<\/a><\/td>\n<\/tr>\n<\/tbody>\n<\/table>\n<\/div>\n<div id=\"noi\"><\/div>\n<\/div>\n<p><\/p>","protected":false},"excerpt":{"rendered":"<p>ORGANISIERTE AUSFL\u00dcGE Auf Anfrage k\u00f6nnen Ausfl\u00fcge auf besonderen Touristenbussen und auf der F\u00e4hre, welche die Stadt auf dem Fluss Arno durchquert, organisiert werden. Besondere Aufmerksamkeit wird den touristisch wichtigen Orten gewidmet, wie: die Arsenali Medicei, eine Ausstellung der unglaublichen arch\u00e4ologischen Funde zahlreicher r\u00f6mischer Schiffe; die Chiesa die Cavalieri, eine Kirche mit den Standarten der Lepanto-Schlacht;&#8230; <\/p>\n<div class=\"clear\"><\/div>\n<p><a href=\"https:\/\/hotelbologna.pisa.it\/de\/servizi-riservati-escursioni.html\" class=\"excerpt-read-more\">Continue Reading<i class=\"fa fa-long-arrow-right icon-long-arrow-right\"><\/i><\/a><\/p>\n","protected":false},"author":1,"featured_media":0,"parent":0,"menu_order":0,"comment_status":"closed","ping_status":"closed","template":"","meta":[],"_links":{"self":[{"href":"https:\/\/hotelbologna.pisa.it\/de\/wp-json\/wp\/v2\/pages\/4144"}],"collection":[{"href":"https:\/\/hotelbologna.pisa.it\/de\/wp-json\/wp\/v2\/pages"}],"about":[{"href":"https:\/\/hotelbologna.pisa.it\/de\/wp-json\/wp\/v2\/types\/page"}],"author":[{"embeddable":true,"href":"https:\/\/hotelbologna.pisa.it\/de\/wp-json\/wp\/v2\/users\/1"}],"replies":[{"embeddable":true,"href":"https:\/\/hotelbologna.pisa.it\/de\/wp-json\/wp\/v2\/comments?post=4144"}],"version-history":[{"count":5,"href":"https:\/\/hotelbologna.pisa.it\/de\/wp-json\/wp\/v2\/pages\/4144\/revisions"}],"predecessor-version":[{"id":4729,"href":"https:\/\/hotelbologna.pisa.it\/de\/wp-json\/wp\/v2\/pages\/4144\/revisions\/4729"}],"wp:attachment":[{"href":"https:\/\/hotelbologna.pisa.it\/de\/wp-json\/wp\/v2\/media?parent=4144"}],"curies":[{"name":"wp","href":"https:\/\/api.w.org\/{rel}","templated":true}]}}