{"id":4146,"date":"2016-04-14T18:14:14","date_gmt":"2016-04-14T16:14:14","guid":{"rendered":"http:\/\/www.proclic-test.it\/hotel\/?page_id=4146"},"modified":"2016-05-11T09:20:18","modified_gmt":"2016-05-11T07:20:18","slug":"food-and-beverage-colazione","status":"publish","type":"page","link":"https:\/\/hotelbologna.pisa.it\/de\/food-and-beverage-colazione.html","title":{"rendered":"FOOD AND BEVERAGE &#8211; FR\u00dcHST\u00dcCK"},"content":{"rendered":"<p><br \/>\nWir bieten Ihnen ein reichhaltiges Fr\u00fchst\u00fccks-Buffet mit einer breiten Auswahl an gesunden Produkten f\u00fcr alle Geschmacksrichtungen.<\/p>\n<p>Jeden Morgen von 07:00 Uhr bis 10.30 finden Sie in unserem charmanten Fr\u00fchst\u00fcckssaal frische Fr\u00fcchte der Saison sowie Brot und S\u00fc\u00dfwaren von einem traditionsreichen und renommierten B\u00e4cker aus der N\u00e4he des Hotels. F\u00fcr G\u00e4ste die vor 07:00 Uhr abreisen bieten wir auf Anfrage das Fr\u00fchst\u00fcck als \u201etake-away\u201c-Option an, und dies ohne zus\u00e4tzliche Kosten.<\/p>\n<p>Sollten Sie irgendwelche besonderen Lebensmittelallergien, besondere W\u00fcnsche oder einfach besondere Lust auf ein bestimmtes Produkt haben, bitten wir Sie uns vor Ihrer Anreise zu kontaktieren. Gerne versuchen wir Ihnen Ihre W\u00fcnsche zu erf\u00fcllen.<\/p>\n<div class=\"gdlr-shortcode-wrapper\"><div class=\"gdlr-gallery-item gdlr-item\" ><div class=\"gallery-column three columns\"><div class=\"gallery-item\"><a href=\"https:\/\/hotelbologna.pisa.it\/wp-content\/uploads\/2016\/04\/p-food-colaz-01.jpg\" data-fancybox-group=\"gdlr-gal-3\" data-rel=\"fancybox\" ><img src=\"https:\/\/hotelbologna.pisa.it\/wp-content\/uploads\/2016\/04\/p-food-colaz-01-150x150.jpg\" alt=\"\" width=\"150\" height=\"150\" \/><\/a><\/div><\/div><div class=\"gallery-column three columns\"><div class=\"gallery-item\"><a href=\"https:\/\/hotelbologna.pisa.it\/wp-content\/uploads\/2016\/04\/p-food-colaz-02.jpg\" data-fancybox-group=\"gdlr-gal-3\" data-rel=\"fancybox\" ><img src=\"https:\/\/hotelbologna.pisa.it\/wp-content\/uploads\/2016\/04\/p-food-colaz-02-150x150.jpg\" alt=\"\" width=\"150\" height=\"150\" \/><\/a><\/div><\/div><div class=\"gallery-column three columns\"><div class=\"gallery-item\"><a href=\"https:\/\/hotelbologna.pisa.it\/wp-content\/uploads\/2016\/04\/p-food-colaz-03.jpg\" data-fancybox-group=\"gdlr-gal-3\" data-rel=\"fancybox\" ><img src=\"https:\/\/hotelbologna.pisa.it\/wp-content\/uploads\/2016\/04\/p-food-colaz-03-150x150.jpg\" alt=\"\" width=\"150\" height=\"150\" \/><\/a><\/div><\/div><div class=\"gallery-column three columns\"><div class=\"gallery-item\"><a href=\"https:\/\/hotelbologna.pisa.it\/wp-content\/uploads\/2016\/04\/p-food-colaz-04.jpg\" data-fancybox-group=\"gdlr-gal-3\" data-rel=\"fancybox\" ><img src=\"https:\/\/hotelbologna.pisa.it\/wp-content\/uploads\/2016\/04\/p-food-colaz-04-150x150.jpg\" alt=\"\" width=\"150\" height=\"150\" \/><\/a><\/div><\/div><div class=\"clear\"><\/div><\/div><\/div>\n<p><\/p>","protected":false},"excerpt":{"rendered":"<p>Wir bieten Ihnen ein reichhaltiges Fr\u00fchst\u00fccks-Buffet mit einer breiten Auswahl an gesunden Produkten f\u00fcr alle Geschmacksrichtungen. Jeden Morgen von 07:00 Uhr bis 10.30 finden Sie in unserem charmanten Fr\u00fchst\u00fcckssaal frische Fr\u00fcchte der Saison sowie Brot und S\u00fc\u00dfwaren von einem traditionsreichen und renommierten B\u00e4cker aus der N\u00e4he des Hotels. F\u00fcr G\u00e4ste die vor 07:00 Uhr abreisen&#8230; <\/p>\n<div class=\"clear\"><\/div>\n<p><a href=\"https:\/\/hotelbologna.pisa.it\/de\/food-and-beverage-colazione.html\" class=\"excerpt-read-more\">Continue Reading<i class=\"fa fa-long-arrow-right icon-long-arrow-right\"><\/i><\/a><\/p>\n","protected":false},"author":1,"featured_media":0,"parent":0,"menu_order":0,"comment_status":"closed","ping_status":"closed","template":"","meta":[],"_links":{"self":[{"href":"https:\/\/hotelbologna.pisa.it\/de\/wp-json\/wp\/v2\/pages\/4146"}],"collection":[{"href":"https:\/\/hotelbologna.pisa.it\/de\/wp-json\/wp\/v2\/pages"}],"about":[{"href":"https:\/\/hotelbologna.pisa.it\/de\/wp-json\/wp\/v2\/types\/page"}],"author":[{"embeddable":true,"href":"https:\/\/hotelbologna.pisa.it\/de\/wp-json\/wp\/v2\/users\/1"}],"replies":[{"embeddable":true,"href":"https:\/\/hotelbologna.pisa.it\/de\/wp-json\/wp\/v2\/comments?post=4146"}],"version-history":[{"count":10,"href":"https:\/\/hotelbologna.pisa.it\/de\/wp-json\/wp\/v2\/pages\/4146\/revisions"}],"predecessor-version":[{"id":4742,"href":"https:\/\/hotelbologna.pisa.it\/de\/wp-json\/wp\/v2\/pages\/4146\/revisions\/4742"}],"wp:attachment":[{"href":"https:\/\/hotelbologna.pisa.it\/de\/wp-json\/wp\/v2\/media?parent=4146"}],"curies":[{"name":"wp","href":"https:\/\/api.w.org\/{rel}","templated":true}]}}