{"id":4159,"date":"2016-04-08T18:16:56","date_gmt":"2016-04-08T16:16:56","guid":{"rendered":"http:\/\/www.proclic-test.it\/hotel\/?page_id=4159"},"modified":"2024-07-16T15:33:23","modified_gmt":"2024-07-16T13:33:23","slug":"food-and-beverage-bar","status":"publish","type":"page","link":"https:\/\/hotelbologna.pisa.it\/de\/food-and-beverage-bar.html","title":{"rendered":"FOOD AND BEVERAGE &#8211; BAR"},"content":{"rendered":"<p>[vc_row][vc_column][vc_column_text]Unsere Bar ist ein <strong>gem\u00fctlicher Ort<\/strong> f\u00fcr besondere Zusammenk\u00fcnfte an dem Sie in die italienische Lebensart eintauchen k\u00f6nnen.<\/p>\n<p>Wir bieten eine <strong>besondere Selektion<\/strong> an pr\u00e4mierten Weinen und Spirituosen aus der Region Toscana und Italien, ausgew\u00e4hlt mit besonderem Augenmerk auf die Qualit\u00e4t und Originalit\u00e4t der Produkte. Und sollten Sie sich auch zu Hause mit ein paar besonderen Delikatessen <strong>verw\u00f6hnen<\/strong> wollen, k\u00f6nnen Sie <strong>Weine<\/strong>, <strong>\u00d6l und andere Produkte<\/strong> direkt bei uns einkaufen.[\/vc_column_text][vc_btn title=&#8221;Menu food&#8221; align=&#8221;center&#8221; link=&#8221;url:http%3A%2F%2Fhotelbologna.pisa.it%2Fmenu-bar.pdf||target:%20_blank&#8221;][\/vc_column][\/vc_row]<\/p>","protected":false},"excerpt":{"rendered":"<p>[vc_row][vc_column][vc_column_text]Unsere Bar ist ein gem\u00fctlicher Ort f\u00fcr besondere Zusammenk\u00fcnfte an dem Sie in die italienische Lebensart eintauchen k\u00f6nnen. Wir bieten eine besondere Selektion an pr\u00e4mierten Weinen und Spirituosen aus der Region Toscana und Italien, ausgew\u00e4hlt mit besonderem Augenmerk auf die Qualit\u00e4t und Originalit\u00e4t der Produkte. Und sollten Sie sich auch zu Hause mit ein paar&#8230; <\/p>\n<div class=\"clear\"><\/div>\n<p><a href=\"https:\/\/hotelbologna.pisa.it\/de\/food-and-beverage-bar.html\" class=\"excerpt-read-more\">Continue Reading<i class=\"fa fa-long-arrow-right icon-long-arrow-right\"><\/i><\/a><\/p>\n","protected":false},"author":1,"featured_media":0,"parent":0,"menu_order":0,"comment_status":"closed","ping_status":"closed","template":"","meta":[],"_links":{"self":[{"href":"https:\/\/hotelbologna.pisa.it\/de\/wp-json\/wp\/v2\/pages\/4159"}],"collection":[{"href":"https:\/\/hotelbologna.pisa.it\/de\/wp-json\/wp\/v2\/pages"}],"about":[{"href":"https:\/\/hotelbologna.pisa.it\/de\/wp-json\/wp\/v2\/types\/page"}],"author":[{"embeddable":true,"href":"https:\/\/hotelbologna.pisa.it\/de\/wp-json\/wp\/v2\/users\/1"}],"replies":[{"embeddable":true,"href":"https:\/\/hotelbologna.pisa.it\/de\/wp-json\/wp\/v2\/comments?post=4159"}],"version-history":[{"count":9,"href":"https:\/\/hotelbologna.pisa.it\/de\/wp-json\/wp\/v2\/pages\/4159\/revisions"}],"predecessor-version":[{"id":4940,"href":"https:\/\/hotelbologna.pisa.it\/de\/wp-json\/wp\/v2\/pages\/4159\/revisions\/4940"}],"wp:attachment":[{"href":"https:\/\/hotelbologna.pisa.it\/de\/wp-json\/wp\/v2\/media?parent=4159"}],"curies":[{"name":"wp","href":"https:\/\/api.w.org\/{rel}","templated":true}]}}