{"id":4163,"date":"2016-04-08T18:18:07","date_gmt":"2016-04-08T16:18:07","guid":{"rendered":"http:\/\/www.proclic-test.it\/hotel\/?page_id=4163"},"modified":"2016-05-05T11:26:59","modified_gmt":"2016-05-05T09:26:59","slug":"food-and-beverage-ristoranti","status":"publish","type":"page","link":"https:\/\/hotelbologna.pisa.it\/de\/food-and-beverage-ristoranti.html","title":{"rendered":"FOOD AND BEVERAGE &#8211; RESTAURANTS"},"content":{"rendered":"<p>In Italia \u201csi mangia bene\u201d\u2026 In <strong>unmittelbarer N\u00e4he<\/strong> unseres Hotels finden Sie eine umfangreiche Auswahl herausragender Restaurants mit einem besonderen Angebot <strong>toskanischer K\u00fcche<\/strong>.<\/p>\n<p>Wir haben f\u00fcr Sie eine kleine Selektion vorgenommen und unsere Empfangsmitarbeiter geben Ihnen gerne individuelle, auf Ihre Bed\u00fcrfnisse zugeschnittene Ratschl\u00e4ge.<\/p>\n<p>Empfohlene Restaurants:<\/p>\n<p>&nbsp;<\/p>\n<p>&nbsp;<\/p>\n<p>&#8211; 50 meter <a><strong>Repubbliche Marinare<\/strong><\/a><\/p>\n<p><a><img src=\"http:\/\/www.hotelbologna.pisa.it\/img\/repubbliche-marinare.jpg\" alt=\"\" \/><\/a><\/p>\n<p>&#8211; <a><strong>Osteria San Paolo<\/strong><\/a><\/p>\n<p><a><img src=\"http:\/\/www.hotelbologna.pisa.it\/img\/osteria-san-paolo.jpg\" alt=\"\" \/><\/a><\/p>\n<p>&#8211; a 450 metri <a><strong>La Sosta dei Cavalieri<\/strong><\/a><\/p>\n<p><a><img src=\"http:\/\/www.hotelbologna.pisa.it\/img\/sosta-cavalieri.jpg\" alt=\"\" \/><\/a><\/p>\n<p>&#8211; a 500 metri <a><strong>Osteria dei Cavalieri<\/strong><\/a><\/p>\n<p><a><img src=\"http:\/\/www.hotelbologna.pisa.it\/img\/osteria-cavalieri.jpg\" alt=\"\" \/><\/a><\/p>","protected":false},"excerpt":{"rendered":"<p>In Italia \u201csi mangia bene\u201d\u2026 In unmittelbarer N\u00e4he unseres Hotels finden Sie eine umfangreiche Auswahl herausragender Restaurants mit einem besonderen Angebot toskanischer K\u00fcche. Wir haben f\u00fcr Sie eine kleine Selektion vorgenommen und unsere Empfangsmitarbeiter geben Ihnen gerne individuelle, auf Ihre Bed\u00fcrfnisse zugeschnittene Ratschl\u00e4ge. Empfohlene Restaurants: &nbsp; &nbsp; &#8211; 50 meter Repubbliche Marinare &#8211; Osteria San&#8230; <\/p>\n<div class=\"clear\"><\/div>\n<p><a href=\"https:\/\/hotelbologna.pisa.it\/de\/food-and-beverage-ristoranti.html\" class=\"excerpt-read-more\">Continue Reading<i class=\"fa fa-long-arrow-right icon-long-arrow-right\"><\/i><\/a><\/p>\n","protected":false},"author":1,"featured_media":0,"parent":0,"menu_order":0,"comment_status":"closed","ping_status":"closed","template":"","meta":[],"_links":{"self":[{"href":"https:\/\/hotelbologna.pisa.it\/de\/wp-json\/wp\/v2\/pages\/4163"}],"collection":[{"href":"https:\/\/hotelbologna.pisa.it\/de\/wp-json\/wp\/v2\/pages"}],"about":[{"href":"https:\/\/hotelbologna.pisa.it\/de\/wp-json\/wp\/v2\/types\/page"}],"author":[{"embeddable":true,"href":"https:\/\/hotelbologna.pisa.it\/de\/wp-json\/wp\/v2\/users\/1"}],"replies":[{"embeddable":true,"href":"https:\/\/hotelbologna.pisa.it\/de\/wp-json\/wp\/v2\/comments?post=4163"}],"version-history":[{"count":10,"href":"https:\/\/hotelbologna.pisa.it\/de\/wp-json\/wp\/v2\/pages\/4163\/revisions"}],"predecessor-version":[{"id":4682,"href":"https:\/\/hotelbologna.pisa.it\/de\/wp-json\/wp\/v2\/pages\/4163\/revisions\/4682"}],"wp:attachment":[{"href":"https:\/\/hotelbologna.pisa.it\/de\/wp-json\/wp\/v2\/media?parent=4163"}],"curies":[{"name":"wp","href":"https:\/\/api.w.org\/{rel}","templated":true}]}}