{"id":4170,"date":"2016-04-11T09:40:40","date_gmt":"2016-04-11T07:40:40","guid":{"rendered":"http:\/\/www.proclic-test.it\/hotel\/?page_id=4170"},"modified":"2023-09-04T10:10:26","modified_gmt":"2023-09-04T08:10:26","slug":"servizi","status":"publish","type":"page","link":"https:\/\/hotelbologna.pisa.it\/de\/servizi.html","title":{"rendered":"LEISTUNGEN"},"content":{"rendered":"<p>[vc_row][vc_column][vc_column_text]<\/p>\n<div id=\"descrizione\">\n<table border=\"0\" width=\"560\">\n<tbody>\n<tr>\n<td width=\"250\"><strong>IN JEDEM ZIMMER BEFINDEN SICH<\/strong><\/td>\n<td width=\"300\"><strong>ZUR VERF\u00dcGUNG DER G\u00c4STE<\/strong><\/td>\n<\/tr>\n<tr>\n<td>\n<ul>\n<li>SAT-TV in 4 Sprachen<\/li>\n<\/ul>\n<\/td>\n<td><\/td>\n<\/tr>\n<tr>\n<td>\n<ul>\n<li>Wireless Internetanschluss\u00a0<strong>Kostenlos<\/strong><\/li>\n<\/ul>\n<\/td>\n<td>\n<ul>\n<li>kontinentales Fr\u00fchst\u00fcck mit Eiern, Wurstwaren und K\u00e4se<\/li>\n<\/ul>\n<\/td>\n<\/tr>\n<tr>\n<td>\n<ul>\n<li>Safe<\/li>\n<\/ul>\n<\/td>\n<td>\n<ul>\n<li>Waschservice<\/li>\n<\/ul>\n<\/td>\n<\/tr>\n<tr>\n<td>\n<ul>\n<li>Minibar, wasser <strong>Kostenlos<\/strong><\/li>\n<\/ul>\n<\/td>\n<td>\n<ul>\n<li>2 internet Points in der Hall<\/li>\n<\/ul>\n<\/td>\n<\/tr>\n<tr>\n<td>\n<ul>\n<li>autonome Klimaanlage<\/li>\n<\/ul>\n<\/td>\n<td>\n<ul>\n<li>Bar<\/li>\n<\/ul>\n<\/td>\n<\/tr>\n<tr>\n<td>\n<ul>\n<li>Wasserkocher<\/li>\n<\/ul>\n<\/td>\n<td>\n<ul>\n<li>Lesesaal<\/li>\n<\/ul>\n<\/td>\n<\/tr>\n<tr>\n<td>\n<ul>\n<li>24h Zimmerservice<\/li>\n<\/ul>\n<\/td>\n<td>\n<ul>\n<li>Shuttle Service<\/li>\n<\/ul>\n<\/td>\n<\/tr>\n<tr>\n<td><\/td>\n<td><\/td>\n<\/tr>\n<tr>\n<td>\n<div class=\"gdlr-shortcode-wrapper\"><div class=\"gdlr-gallery-item gdlr-item\" ><div class=\"gallery-column four columns\"><div class=\"gallery-item\"><img src=\"https:\/\/hotelbologna.pisa.it\/wp-content\/uploads\/2016\/04\/wi-fi.png\" alt=\"\" width=\"55\" height=\"55\" \/><\/div><\/div><div class=\"gallery-column four columns\"><div class=\"gallery-item\"><img src=\"https:\/\/hotelbologna.pisa.it\/wp-content\/uploads\/2016\/04\/cassaforte.png\" alt=\"\" width=\"55\" height=\"55\" \/><\/div><\/div><div class=\"gallery-column four columns\"><div class=\"gallery-item\"><img src=\"https:\/\/hotelbologna.pisa.it\/wp-content\/uploads\/2016\/04\/climatizzazione.png\" alt=\"\" width=\"55\" height=\"55\" \/><\/div><\/div><div class=\"clear\"><\/div><div class=\"gallery-column four columns\"><div class=\"gallery-item\"><img src=\"https:\/\/hotelbologna.pisa.it\/wp-content\/uploads\/2016\/04\/servizi-bollitore.png\" alt=\"\" width=\"55\" height=\"55\" \/><\/div><\/div><div class=\"gallery-column four columns\"><div class=\"gallery-item\"><img src=\"https:\/\/hotelbologna.pisa.it\/wp-content\/uploads\/2016\/04\/servizi-fon.png\" alt=\"\" width=\"55\" height=\"55\" \/><\/div><\/div><div class=\"clear\"><\/div><\/div><\/div>\n<\/td>\n<td>\n<div class=\"gdlr-shortcode-wrapper\"><div class=\"gdlr-gallery-item gdlr-item\" ><div class=\"gallery-column four columns\"><div class=\"gallery-item\"><img src=\"https:\/\/hotelbologna.pisa.it\/wp-content\/uploads\/2016\/04\/servizi-free-shuttle.png\" alt=\"\" width=\"55\" height=\"55\" \/><\/div><\/div><div class=\"gallery-column four columns\"><div class=\"gallery-item\"><img src=\"https:\/\/hotelbologna.pisa.it\/wp-content\/uploads\/2016\/04\/servizi-colazione.png\" alt=\"\" width=\"55\" height=\"55\" \/><\/div><\/div><div class=\"gallery-column four columns\"><div class=\"gallery-item\"><img src=\"https:\/\/hotelbologna.pisa.it\/wp-content\/uploads\/2016\/04\/wi-fi-1.png\" alt=\"\" width=\"55\" height=\"55\" \/><\/div><\/div><div class=\"clear\"><\/div><div class=\"gallery-column four columns\"><div class=\"gallery-item\"><img src=\"https:\/\/hotelbologna.pisa.it\/wp-content\/uploads\/2016\/04\/servizi-cocktail.png\" alt=\"\" width=\"55\" height=\"55\" \/><\/div><\/div><div class=\"gallery-column four columns\"><div class=\"gallery-item\"><img src=\"https:\/\/hotelbologna.pisa.it\/wp-content\/uploads\/2016\/04\/servizi-parcheggio-custodito.png\" alt=\"\" width=\"55\" height=\"55\" \/><\/div><\/div><div class=\"clear\"><\/div><\/div><\/div>\n<\/td>\n<\/tr>\n<\/tbody>\n<\/table>\n<div id=\"titolo-descrizione\"><strong>BESONDERE SERVICELEISTUNGEN<\/strong><\/div>\n<p>Das Hotel Bologna stellt zudem eine Reihe an <strong>zus\u00e4tzlichen Serviceleistungen<\/strong> zur Verf\u00fcgung, die Ihren Urlaub und Ihren Aufenthalt noch bequemer und interessanter sein lassen<\/p>\n<ul>\n<li><a href=\"https:\/\/hotelbologna.pisa.it\/shuttle-service\/\">Shuttle<\/a><\/li>\n<li><a href=\"http:\/\/www.hotelbologna.pisa.it\/escursioni\/\">Ausfluge<\/a><\/li>\n<\/ul>\n<\/div>\n<div id=\"noi\"><\/div>\n<p>[\/vc_column_text][vc_raw_html]JTNDc3R5bGUlM0V0YWJsZSUyMHRyJTIwdGQlMjAlN0IlMEElMjAlMjAlMjAlMjBwYWRkaW5nJTNBJTIwMTVweCUyMDEwcHglMjAwcHglMjAyMHB4JTNCJTBBJTIwJTIwJTIwJTIwYm9yZGVyLWJvdHRvbS13aWR0aCUzQSUyMDBweCUzQiUwQSUyMCUyMCUyMCUyMGJvcmRlci1ib3R0b20tc3R5bGUlM0ElMjBzb2xpZCUzQiUwQSU3RHRkJTNBbnRoLWNoaWxkJTI4MiUyOSU3QmJvcmRlci1sZWZ0JTNBJTIwJTIwLjVweCUyMHNvbGlkJTIwJTIzRDZDNUI3JTNCJTdEJTIwdGFibGUlMjAlN0IlMEElMjAlMjAlMjAlMjB3aWR0aCUzQSUyMDEwMCUyNSUzQiUwQSUyMCUyMCUyMCUyMHRleHQtYWxpZ24lM0ElMjBsZWZ0JTNCJTIwJTIwJTBBJTdEdGQlM0V1bCUzRWxpJTIwJTdCJTBBJTIwJTIwJTIwJTIwbGlzdC1zdHlsZS1pbWFnZSUzQSUyMHVybCUyOCUyN2h0dHAlM0ElMkYlMkZ3d3cucHJvY2xpYy10ZXN0Lml0JTJGaG90ZWwlMkZ3cC1jb250ZW50JTJGdXBsb2FkcyUyRjIwMTYlMkYwNCUyRnRpY2stMS5wbmclMjclMjklM0IlMEElN0QlM0MlMkZzdHlsZSUzRQ==[\/vc_raw_html][\/vc_column][\/vc_row]<\/p>","protected":false},"excerpt":{"rendered":"<p>[vc_row][vc_column][vc_column_text] IN JEDEM ZIMMER BEFINDEN SICH ZUR VERF\u00dcGUNG DER G\u00c4STE SAT-TV in 4 Sprachen Wireless Internetanschluss\u00a0Kostenlos kontinentales Fr\u00fchst\u00fcck mit Eiern, Wurstwaren und K\u00e4se Safe Waschservice Minibar, wasser Kostenlos 2 internet Points in der Hall autonome Klimaanlage Bar Wasserkocher Lesesaal 24h Zimmerservice Shuttle Service BESONDERE SERVICELEISTUNGEN Das Hotel Bologna stellt zudem eine Reihe an zus\u00e4tzlichen Serviceleistungen&#8230; <\/p>\n<div class=\"clear\"><\/div>\n<p><a href=\"https:\/\/hotelbologna.pisa.it\/de\/servizi.html\" class=\"excerpt-read-more\">Continue Reading<i class=\"fa fa-long-arrow-right icon-long-arrow-right\"><\/i><\/a><\/p>\n","protected":false},"author":1,"featured_media":0,"parent":0,"menu_order":0,"comment_status":"closed","ping_status":"closed","template":"","meta":[],"_links":{"self":[{"href":"https:\/\/hotelbologna.pisa.it\/de\/wp-json\/wp\/v2\/pages\/4170"}],"collection":[{"href":"https:\/\/hotelbologna.pisa.it\/de\/wp-json\/wp\/v2\/pages"}],"about":[{"href":"https:\/\/hotelbologna.pisa.it\/de\/wp-json\/wp\/v2\/types\/page"}],"author":[{"embeddable":true,"href":"https:\/\/hotelbologna.pisa.it\/de\/wp-json\/wp\/v2\/users\/1"}],"replies":[{"embeddable":true,"href":"https:\/\/hotelbologna.pisa.it\/de\/wp-json\/wp\/v2\/comments?post=4170"}],"version-history":[{"count":9,"href":"https:\/\/hotelbologna.pisa.it\/de\/wp-json\/wp\/v2\/pages\/4170\/revisions"}],"predecessor-version":[{"id":4901,"href":"https:\/\/hotelbologna.pisa.it\/de\/wp-json\/wp\/v2\/pages\/4170\/revisions\/4901"}],"wp:attachment":[{"href":"https:\/\/hotelbologna.pisa.it\/de\/wp-json\/wp\/v2\/media?parent=4170"}],"curies":[{"name":"wp","href":"https:\/\/api.w.org\/{rel}","templated":true}]}}