{"id":4180,"date":"2016-04-11T09:55:20","date_gmt":"2016-04-11T07:55:20","guid":{"rendered":"http:\/\/www.proclic-test.it\/hotel\/?page_id=4180"},"modified":"2016-05-27T15:38:03","modified_gmt":"2016-05-27T13:38:03","slug":"sala-meeting-ferro-di-cavallo","status":"publish","type":"page","link":"https:\/\/hotelbologna.pisa.it\/de\/sala-meeting-ferro-di-cavallo.html","title":{"rendered":"Tagungsraum &#8211; FERRO DI CAVALLO"},"content":{"rendered":"<p><\/p>\n<div id=\"descrizione\">\n<p>Das Hotel bietet einen voll ausgestatteten Tagungsraum f\u00fcr Konferenzen, Schulungen, Tagungen und Gesch\u00e4ftstreffen .Dekoriert in voller \u00dcbereinstimmung mit dem Rest des Geb\u00e4udes bietet das Zimmer die <strong>M\u00f6glichkeit, 36 Sitzpl\u00e4tze, Projektor, Netzwerkanschluss , Mikrofon, hervorragende Sound-System und Flipchart.<\/strong><\/p>\n<p>Auf Wunsch erhalten Sie auch die Hilfe von <strong>Support-Mitarbeiter<\/strong>, stilvolle und mehrsprachig, perfekt, um die Organisation Ihrer Veranstaltung zu machen.<\/p>\n<p>Es ist jedoch immer zur Verf\u00fcgung Bar-Service f\u00fcr die Teilnehmer, mit der Inszenierung der Kaffeepause im Hotel sorgf\u00e4ltig.<\/p>\n<ul>\n<li>Beamer<\/li>\n<li>Mikrofon<\/li>\n<li>Soundsystem<\/li>\n<li>Flip Loseblatt<\/li>\n<li>Internetzugang<\/li>\n<li>Die Umgebung Anlage<\/li>\n<\/ul>\n<\/div>\n<p><\/p>","protected":false},"excerpt":{"rendered":"<p>Das Hotel bietet einen voll ausgestatteten Tagungsraum f\u00fcr Konferenzen, Schulungen, Tagungen und Gesch\u00e4ftstreffen .Dekoriert in voller \u00dcbereinstimmung mit dem Rest des Geb\u00e4udes bietet das Zimmer die M\u00f6glichkeit, 36 Sitzpl\u00e4tze, Projektor, Netzwerkanschluss , Mikrofon, hervorragende Sound-System und Flipchart. Auf Wunsch erhalten Sie auch die Hilfe von Support-Mitarbeiter, stilvolle und mehrsprachig, perfekt, um die Organisation Ihrer Veranstaltung&#8230; <\/p>\n<div class=\"clear\"><\/div>\n<p><a href=\"https:\/\/hotelbologna.pisa.it\/de\/sala-meeting-ferro-di-cavallo.html\" class=\"excerpt-read-more\">Continue Reading<i class=\"fa fa-long-arrow-right icon-long-arrow-right\"><\/i><\/a><\/p>\n","protected":false},"author":1,"featured_media":0,"parent":0,"menu_order":0,"comment_status":"closed","ping_status":"closed","template":"","meta":[],"_links":{"self":[{"href":"https:\/\/hotelbologna.pisa.it\/de\/wp-json\/wp\/v2\/pages\/4180"}],"collection":[{"href":"https:\/\/hotelbologna.pisa.it\/de\/wp-json\/wp\/v2\/pages"}],"about":[{"href":"https:\/\/hotelbologna.pisa.it\/de\/wp-json\/wp\/v2\/types\/page"}],"author":[{"embeddable":true,"href":"https:\/\/hotelbologna.pisa.it\/de\/wp-json\/wp\/v2\/users\/1"}],"replies":[{"embeddable":true,"href":"https:\/\/hotelbologna.pisa.it\/de\/wp-json\/wp\/v2\/comments?post=4180"}],"version-history":[{"count":6,"href":"https:\/\/hotelbologna.pisa.it\/de\/wp-json\/wp\/v2\/pages\/4180\/revisions"}],"predecessor-version":[{"id":4812,"href":"https:\/\/hotelbologna.pisa.it\/de\/wp-json\/wp\/v2\/pages\/4180\/revisions\/4812"}],"wp:attachment":[{"href":"https:\/\/hotelbologna.pisa.it\/de\/wp-json\/wp\/v2\/media?parent=4180"}],"curies":[{"name":"wp","href":"https:\/\/api.w.org\/{rel}","templated":true}]}}