{"id":4190,"date":"2016-04-11T10:22:50","date_gmt":"2016-04-11T08:22:50","guid":{"rendered":"http:\/\/www.proclic-test.it\/hotel\/?page_id=4190"},"modified":"2016-05-10T11:40:13","modified_gmt":"2016-05-10T09:40:13","slug":"come-raggiungerci","status":"publish","type":"page","link":"https:\/\/hotelbologna.pisa.it\/de\/come-raggiungerci.html","title":{"rendered":"Wie Sie uns Erreichen"},"content":{"rendered":"<p><\/p>\n<div id=\"descrizione\">\n<div id=\"titolo-descrizione\"><strong>WIE SIE UNS ERREICHEN<\/strong><\/div>\n<p>Die Stra\u00dfe, in der sich das Hotel befindet, ist zentral und doch abgelegen und befindet sich <strong>500 m vom Zugbahnhof<\/strong> entfernt. Der Dom, die Hauptgesch\u00e4ftsstra\u00dfe und die touristischen Hauptattraktionen sind einfach zu Fu\u00df erreichbar.<\/p>\n<p>Die Autobahnausfahrt aus der Autobahn A12 PISA CENTRO und die Ausfahrt aus der Schnellstra\u00dfe Firenze-Pisa-Livorno, hingegen, sind <strong>nur 3km entfernt<\/strong>.<\/p>\n<table border=\"0\" width=\"600\">\n<tbody>\n<tr>\n<td align=\"center\"><img loading=\"lazy\" width=\"193\" height=\"193\" class=\"aligncenter size-full wp-image-4566\" style=\"width: 50px;\" src=\"http:\/\/www.hotelbologna.pisa.it\/wp-content\/uploads\/2016\/04\/train-station.png\" alt=\"train-station\" srcset=\"https:\/\/hotelbologna.pisa.it\/wp-content\/uploads\/2016\/04\/train-station.png 193w, https:\/\/hotelbologna.pisa.it\/wp-content\/uploads\/2016\/04\/train-station-150x150.png 150w\" sizes=\"(max-width: 193px) 100vw, 193px\" \/><\/td>\n<td align=\"center\">Stazione<\/td>\n<td align=\"center\">5 Minuti<\/td>\n<td align=\"center\"><img style=\"width: 40px;\" src=\"http:\/\/www.hotelbologna.pisa.it\/wp-content\/uploads\/2016\/04\/caminando.png\" \/><\/td>\n<\/tr>\n<tr>\n<td align=\"center\"><img loading=\"lazy\" width=\"193\" height=\"193\" class=\"aligncenter size-full wp-image-4621\" style=\"width: 50px;\" src=\"http:\/\/www.hotelbologna.pisa.it\/wp-content\/uploads\/2016\/04\/purse.png\" alt=\"purse\" srcset=\"https:\/\/hotelbologna.pisa.it\/wp-content\/uploads\/2016\/04\/purse.png 193w, https:\/\/hotelbologna.pisa.it\/wp-content\/uploads\/2016\/04\/purse-150x150.png 150w\" sizes=\"(max-width: 193px) 100vw, 193px\" \/><\/td>\n<td align=\"center\">Corso Italia<\/td>\n<td align=\"center\">1 Minuto<\/td>\n<td align=\"center\"><img style=\"width: 40px;\" src=\"http:\/\/www.hotelbologna.pisa.it\/wp-content\/uploads\/2016\/04\/caminando.png\" \/><\/td>\n<\/tr>\n<tr>\n<td align=\"center\"><img loading=\"lazy\" width=\"193\" height=\"193\" class=\"aligncenter size-full wp-image-4559\" style=\"width: 50px;\" src=\"http:\/\/www.hotelbologna.pisa.it\/wp-content\/uploads\/2016\/04\/chiesa.png\" alt=\"chiesa\" srcset=\"https:\/\/hotelbologna.pisa.it\/wp-content\/uploads\/2016\/04\/chiesa.png 193w, https:\/\/hotelbologna.pisa.it\/wp-content\/uploads\/2016\/04\/chiesa-150x150.png 150w\" sizes=\"(max-width: 193px) 100vw, 193px\" \/><\/td>\n<td align=\"center\">Chiesa della Spina<\/td>\n<td align=\"center\">2 Minuti<\/td>\n<td align=\"center\"><img style=\"width: 40px;\" src=\"http:\/\/www.hotelbologna.pisa.it\/wp-content\/uploads\/2016\/04\/caminando.png\" \/><\/td>\n<\/tr>\n<tr>\n<td align=\"center\"><img loading=\"lazy\" width=\"193\" height=\"193\" class=\"aligncenter size-full wp-image-4560\" style=\"width: 50px;\" src=\"http:\/\/www.hotelbologna.pisa.it\/wp-content\/uploads\/2016\/04\/torre-di-pisa.png\" alt=\"torre-di-pisa\" srcset=\"https:\/\/hotelbologna.pisa.it\/wp-content\/uploads\/2016\/04\/torre-di-pisa.png 193w, https:\/\/hotelbologna.pisa.it\/wp-content\/uploads\/2016\/04\/torre-di-pisa-150x150.png 150w\" sizes=\"(max-width: 193px) 100vw, 193px\" \/><\/td>\n<td align=\"center\">Torre<\/td>\n<td align=\"center\">12 Minuti<\/td>\n<td align=\"center\"><img style=\"width: 40px;\" src=\"http:\/\/www.hotelbologna.pisa.it\/wp-content\/uploads\/2016\/04\/caminando.png\" \/><\/td>\n<\/tr>\n<tr>\n<td align=\"center\"><img loading=\"lazy\" width=\"193\" height=\"193\" class=\"aligncenter size-full wp-image-4561\" style=\"width: 50px;\" src=\"http:\/\/www.hotelbologna.pisa.it\/wp-content\/uploads\/2016\/04\/aeroporto.png\" alt=\"aeroporto\" srcset=\"https:\/\/hotelbologna.pisa.it\/wp-content\/uploads\/2016\/04\/aeroporto.png 193w, https:\/\/hotelbologna.pisa.it\/wp-content\/uploads\/2016\/04\/aeroporto-150x150.png 150w\" sizes=\"(max-width: 193px) 100vw, 193px\" \/><\/td>\n<td align=\"center\">Airport<\/td>\n<td align=\"center\">5 Minuti<\/td>\n<td align=\"center\"><img style=\"width: 40px;\" src=\"http:\/\/www.hotelbologna.pisa.it\/wp-content\/uploads\/2016\/04\/machina.png\" alt=\"Macchina\" \/><\/td>\n<\/tr>\n<\/tbody>\n<\/table>\n<\/div>\n<p><\/p>","protected":false},"excerpt":{"rendered":"<p>WIE SIE UNS ERREICHEN Die Stra\u00dfe, in der sich das Hotel befindet, ist zentral und doch abgelegen und befindet sich 500 m vom Zugbahnhof entfernt. Der Dom, die Hauptgesch\u00e4ftsstra\u00dfe und die touristischen Hauptattraktionen sind einfach zu Fu\u00df erreichbar. Die Autobahnausfahrt aus der Autobahn A12 PISA CENTRO und die Ausfahrt aus der Schnellstra\u00dfe Firenze-Pisa-Livorno, hingegen, sind&#8230; <\/p>\n<div class=\"clear\"><\/div>\n<p><a href=\"https:\/\/hotelbologna.pisa.it\/de\/come-raggiungerci.html\" class=\"excerpt-read-more\">Continue Reading<i class=\"fa fa-long-arrow-right icon-long-arrow-right\"><\/i><\/a><\/p>\n","protected":false},"author":1,"featured_media":0,"parent":0,"menu_order":0,"comment_status":"closed","ping_status":"closed","template":"","meta":[],"_links":{"self":[{"href":"https:\/\/hotelbologna.pisa.it\/de\/wp-json\/wp\/v2\/pages\/4190"}],"collection":[{"href":"https:\/\/hotelbologna.pisa.it\/de\/wp-json\/wp\/v2\/pages"}],"about":[{"href":"https:\/\/hotelbologna.pisa.it\/de\/wp-json\/wp\/v2\/types\/page"}],"author":[{"embeddable":true,"href":"https:\/\/hotelbologna.pisa.it\/de\/wp-json\/wp\/v2\/users\/1"}],"replies":[{"embeddable":true,"href":"https:\/\/hotelbologna.pisa.it\/de\/wp-json\/wp\/v2\/comments?post=4190"}],"version-history":[{"count":6,"href":"https:\/\/hotelbologna.pisa.it\/de\/wp-json\/wp\/v2\/pages\/4190\/revisions"}],"predecessor-version":[{"id":4698,"href":"https:\/\/hotelbologna.pisa.it\/de\/wp-json\/wp\/v2\/pages\/4190\/revisions\/4698"}],"wp:attachment":[{"href":"https:\/\/hotelbologna.pisa.it\/de\/wp-json\/wp\/v2\/media?parent=4190"}],"curies":[{"name":"wp","href":"https:\/\/api.w.org\/{rel}","templated":true}]}}