{"id":4265,"date":"2016-04-13T15:55:51","date_gmt":"2016-04-13T13:55:51","guid":{"rendered":"http:\/\/www.proclic-test.it\/hotel\/?page_id=4265"},"modified":"2016-04-13T17:09:06","modified_gmt":"2016-04-13T15:09:06","slug":"hotel_a_pisa","status":"publish","type":"page","link":"https:\/\/hotelbologna.pisa.it\/de\/hotel-a-pisa\/hotel_a_pisa.html","title":{"rendered":"Hotel Pisa"},"content":{"rendered":"<p class=\"qtranxs-available-languages-message qtranxs-available-languages-message-de\">Leider ist der Eintrag nur auf <a href=\"https:\/\/hotelbologna.pisa.it\/it\/wp-json\/wp\/v2\/pages\/4265\" class=\"qtranxs-available-language-link qtranxs-available-language-link-it\" title=\"Italiano\">Italienisch<\/a> verf\u00fcgbar. Der Inhalt wird unten in einer verf\u00fcgbaren Sprache angezeigt. Klicken Sie auf den Link, um die aktuelle Sprache zu \u00e4ndern.<\/p><p><\/p>\n<div id=\"titolo-descrizione\">\n<h1><strong>Hotel Pisa<\/strong><\/h1>\n<h2>Hotel Bologna \u00e8 l&#8217;<a href=\"http:\/\/www.hotelbologna.pisa.it\/index.php\"> <strong>Hotel a Pisa<\/strong><\/a> ideale per tutti i tipi di vacanza.<\/h2>\n<\/div>\n<p>Per un viaggio d\u2019affari, un <strong>weekend di relax <\/strong>o una <strong>vacanza culturale<\/strong>, qualunque idea abbiate all&#8217;<strong>Hotel Bologna a Pisa<\/strong> troverete tutto il comfort e l\u2019atmosfera migliore per trascorrere <strong>momenti piacevoli e di benessere<\/strong>.<\/p>\n<p><strong>Hotel a Pisa con tutti i servizi dell&#8217; Hotel 4 stelle:<\/strong><\/p>\n<ul>\n<li><strong>Parcheggio<\/strong> interno custodito<\/li>\n<li><strong>Noleggio Biciclette e Scooter<\/strong><\/li>\n<li><strong>Colazione continentale<\/strong> arricchita da uova, salumi e formaggi<\/li>\n<li><strong>Servizio lavanderia<\/strong><\/li>\n<li>2 <strong>internet points<\/strong> nella hall<\/li>\n<li><strong>Area bar<\/strong><\/li>\n<li><strong>Sala lettura<\/strong><\/li>\n<li><strong>Shuttle service<\/strong><\/li>\n<li><strong>SAT-TV<\/strong> in 4 lingue<\/li>\n<li>Connessione <strong>wireless<\/strong> gratuita<\/li>\n<li>Cassaforte, Minibar<\/li>\n<li><strong>Climatizzazione<\/strong> autonoma<\/li>\n<li>Servizio <strong>24 ore su 24<\/strong><\/li>\n<\/ul>\n<p>La nostra ampia <strong>terrazza<\/strong> \u00e8 a vostra disposizione per i <strong>momenti di relax<\/strong>; la <strong>sala meeting<\/strong> per le vostre riunioni; il <strong>servizio bar <\/strong>e l<strong>\u2019internet point<\/strong> nella hall per le vostre esigenze, oltre alla <strong>connessione wifi<\/strong>presente in tutte le camere.<\/p>\n<p><a href=\"http:\/\/www.hotelbologna.pisa.it\/filmato.php\">Guarda con i tuoi occhi tutti i servizi dell&#8217;Hotel Bologna a Pisa attraverso i nostri filmati di presentazione.<\/a><\/p>\n<p><a href=\"http:\/\/www.hotelbologna.pisa.it\/prenotazioni.php\"><strong>PRENOTA ORA IL TUO HOTEL A PISA<\/strong><\/a><\/p>","protected":false},"excerpt":{"rendered":"<p>Leider ist der Eintrag nur auf Italienisch verf\u00fcgbar. Der Inhalt wird unten in einer verf\u00fcgbaren Sprache angezeigt. Klicken Sie auf den Link, um die aktuelle Sprache zu \u00e4ndern. Hotel Pisa Hotel Bologna \u00e8 l&#8217; Hotel a Pisa ideale per tutti i tipi di vacanza. Per un viaggio d\u2019affari, un weekend di relax o una vacanza&#8230; <\/p>\n<div class=\"clear\"><\/div>\n<p><a href=\"https:\/\/hotelbologna.pisa.it\/de\/hotel-a-pisa\/hotel_a_pisa.html\" class=\"excerpt-read-more\">Continue Reading<i class=\"fa fa-long-arrow-right icon-long-arrow-right\"><\/i><\/a><\/p>\n","protected":false},"author":1,"featured_media":0,"parent":4218,"menu_order":0,"comment_status":"closed","ping_status":"closed","template":"","meta":[],"_links":{"self":[{"href":"https:\/\/hotelbologna.pisa.it\/de\/wp-json\/wp\/v2\/pages\/4265"}],"collection":[{"href":"https:\/\/hotelbologna.pisa.it\/de\/wp-json\/wp\/v2\/pages"}],"about":[{"href":"https:\/\/hotelbologna.pisa.it\/de\/wp-json\/wp\/v2\/types\/page"}],"author":[{"embeddable":true,"href":"https:\/\/hotelbologna.pisa.it\/de\/wp-json\/wp\/v2\/users\/1"}],"replies":[{"embeddable":true,"href":"https:\/\/hotelbologna.pisa.it\/de\/wp-json\/wp\/v2\/comments?post=4265"}],"version-history":[{"count":2,"href":"https:\/\/hotelbologna.pisa.it\/de\/wp-json\/wp\/v2\/pages\/4265\/revisions"}],"predecessor-version":[{"id":4291,"href":"https:\/\/hotelbologna.pisa.it\/de\/wp-json\/wp\/v2\/pages\/4265\/revisions\/4291"}],"up":[{"embeddable":true,"href":"https:\/\/hotelbologna.pisa.it\/de\/wp-json\/wp\/v2\/pages\/4218"}],"wp:attachment":[{"href":"https:\/\/hotelbologna.pisa.it\/de\/wp-json\/wp\/v2\/media?parent=4265"}],"curies":[{"name":"wp","href":"https:\/\/api.w.org\/{rel}","templated":true}]}}