{"id":4282,"date":"2016-04-13T17:06:22","date_gmt":"2016-04-13T15:06:22","guid":{"rendered":"http:\/\/www.proclic-test.it\/hotel\/?page_id=4282"},"modified":"2016-04-13T17:07:25","modified_gmt":"2016-04-13T15:07:25","slug":"hotel-quattro-stelle-pisa","status":"publish","type":"page","link":"https:\/\/hotelbologna.pisa.it\/de\/hotel_pisa\/hotel-quattro-stelle-pisa.html","title":{"rendered":"Hotel quattro stelle Pisa"},"content":{"rendered":"<p class=\"qtranxs-available-languages-message qtranxs-available-languages-message-de\">Leider ist der Eintrag nur auf <a href=\"https:\/\/hotelbologna.pisa.it\/it\/wp-json\/wp\/v2\/pages\/4282\" class=\"qtranxs-available-language-link qtranxs-available-language-link-it\" title=\"Italiano\">Italienisch<\/a> verf\u00fcgbar. Der Inhalt wird unten in einer verf\u00fcgbaren Sprache angezeigt. Klicken Sie auf den Link, um die aktuelle Sprache zu \u00e4ndern.<\/p><p><\/p>\n<div id=\"titolo-descrizione\">\n<h1><strong>Hotel 4 stelle Pisa: concedetevi il massimo della qualit\u00e0 e dell\u2019eleganza!<\/strong><\/h1>\n<\/div>\n<p>All\u2019 Hotel Bologna, <a title=\"hotel pisa\" href=\"http:\/\/www.hotelbologna.pisa.it\/default.php\">l\u2019<strong>Hotel a quattro stelle di Pisa<\/strong><\/a>, la tradizione alberghiera italiana da pi\u00f9 di 50 anni si sposa con le innovazioni ed i servizi di ultima generazione che fanno della nostra struttura una delle pi\u00f9 rinomate della citt\u00e0!<\/p>\n<p>Il nostro <strong>hotel a quattro stelle<\/strong> di Pisa sapr\u00e0 accogliervi ed accompagnarvi in qualunque tipo di soggiorno voi desideriate: dal lavorativo alla settimana culturale e al week-end di relax, il nostro staff giovane e preparato risponder\u00e0 ad ogni esigenza.<\/p>\n<p>Se cercate a <strong>Pisa Hotel 4 Stelle<\/strong> troverete diverse opportunit\u00e0, ma nessuna potr\u00e0 garantirvi l\u2019<strong>efficienza ed i servizi dell\u2019Hotel Bologna<\/strong>: <strong>parcheggio interno custodito<\/strong>, <strong>sky e servizio in camera 24 ore su 24<\/strong>,<strong>climatizzatore<\/strong>, <strong>cassetta di sicurezza<\/strong>, <strong>noleggio biciclette<\/strong>, <strong>servizio shuttle di lusso<\/strong> ed altro ancora. Soggiornare in uno <strong>splendido hotel 4 stelle a Pisa<\/strong> sar\u00e0 facile. Il <strong>servizio booking on line<\/strong> vi garantir\u00e0 una veloce conoscenza delle offerte migliori del periodo.<\/p>\n<p>Se ricercate un <strong>hotel 4 stelle a Pisa centro<\/strong>, l\u2019Hotel Bologna f\u00e0 al caso vostro.<\/p>\n<p>La via su cui si affaccia l\u2019Hotel, centrale e al tempo stesso appartata, \u00e8 <strong>distante soltanto 500 metri dalla Stazione Ferroviaria<\/strong>.<\/p>\n<p>Il <strong>Duomo<\/strong>, il <strong>Corso<\/strong> e le principali attrazioni turistiche della citt\u00e0 sono facilmente raggiungibili a piedi, mentre l\u2019uscita dell\u2019<strong>autostrada A12 PISA CENTRO<\/strong> e quella della <strong>S.G.C. Firenze-Pisa-Livorno distano soltanto 3 chilometri<\/strong>.<\/p>\n<p>Questo hotel dotato di tutti i comfort e con possibilit\u00e0 di noleggio di biciclette per visitare comodamente ed in maniera alternativa questa splendida citt\u00e0, vi garantir\u00e0 uno splendido soggiorno in questo <strong>hotel 4 stelle a Pisa centro<\/strong>.<\/p>\n<p>Visitate il sito dell\u2019<a title=\"hotel pisa\" href=\"http:\/\/www.hotelbologna.pisa.it\/default.php\"><strong>Hotel Bologna<\/strong><\/a> e scoprite come il nostro <strong>Hotel a 4 stelle di Pisa<\/strong> ha ottenuto il <strong>Marchio di Qualit\u00e0 <\/strong>grazie a servizi, ambiente e staff di prim\u2019ordine!<\/p>","protected":false},"excerpt":{"rendered":"<p>Leider ist der Eintrag nur auf Italienisch verf\u00fcgbar. Der Inhalt wird unten in einer verf\u00fcgbaren Sprache angezeigt. Klicken Sie auf den Link, um die aktuelle Sprache zu \u00e4ndern. Hotel 4 stelle Pisa: concedetevi il massimo della qualit\u00e0 e dell\u2019eleganza! All\u2019 Hotel Bologna, l\u2019Hotel a quattro stelle di Pisa, la tradizione alberghiera italiana da pi\u00f9 di&#8230; <\/p>\n<div class=\"clear\"><\/div>\n<p><a href=\"https:\/\/hotelbologna.pisa.it\/de\/hotel_pisa\/hotel-quattro-stelle-pisa.html\" class=\"excerpt-read-more\">Continue Reading<i class=\"fa fa-long-arrow-right icon-long-arrow-right\"><\/i><\/a><\/p>\n","protected":false},"author":1,"featured_media":0,"parent":4225,"menu_order":0,"comment_status":"closed","ping_status":"closed","template":"","meta":[],"_links":{"self":[{"href":"https:\/\/hotelbologna.pisa.it\/de\/wp-json\/wp\/v2\/pages\/4282"}],"collection":[{"href":"https:\/\/hotelbologna.pisa.it\/de\/wp-json\/wp\/v2\/pages"}],"about":[{"href":"https:\/\/hotelbologna.pisa.it\/de\/wp-json\/wp\/v2\/types\/page"}],"author":[{"embeddable":true,"href":"https:\/\/hotelbologna.pisa.it\/de\/wp-json\/wp\/v2\/users\/1"}],"replies":[{"embeddable":true,"href":"https:\/\/hotelbologna.pisa.it\/de\/wp-json\/wp\/v2\/comments?post=4282"}],"version-history":[{"count":2,"href":"https:\/\/hotelbologna.pisa.it\/de\/wp-json\/wp\/v2\/pages\/4282\/revisions"}],"predecessor-version":[{"id":4285,"href":"https:\/\/hotelbologna.pisa.it\/de\/wp-json\/wp\/v2\/pages\/4282\/revisions\/4285"}],"up":[{"embeddable":true,"href":"https:\/\/hotelbologna.pisa.it\/de\/wp-json\/wp\/v2\/pages\/4225"}],"wp:attachment":[{"href":"https:\/\/hotelbologna.pisa.it\/de\/wp-json\/wp\/v2\/media?parent=4282"}],"curies":[{"name":"wp","href":"https:\/\/api.w.org\/{rel}","templated":true}]}}