{"id":4295,"date":"2016-04-13T17:11:01","date_gmt":"2016-04-13T15:11:01","guid":{"rendered":"http:\/\/www.proclic-test.it\/hotel\/?page_id=4295"},"modified":"2016-04-13T17:11:01","modified_gmt":"2016-04-13T15:11:01","slug":"hotel-sala-convegno-pisa","status":"publish","type":"page","link":"https:\/\/hotelbologna.pisa.it\/de\/hotel_pisa\/hotel-sala-convegno-pisa.html","title":{"rendered":"Hotel Sala Convegno pisa"},"content":{"rendered":"<p class=\"qtranxs-available-languages-message qtranxs-available-languages-message-de\">Leider ist der Eintrag nur auf <a href=\"https:\/\/hotelbologna.pisa.it\/it\/wp-json\/wp\/v2\/pages\/4295\" class=\"qtranxs-available-language-link qtranxs-available-language-link-it\" title=\"Italiano\">Italienisch<\/a> verf\u00fcgbar. Der Inhalt wird unten in einer verf\u00fcgbaren Sprache angezeigt. Klicken Sie auf den Link, um die aktuelle Sprache zu \u00e4ndern.<\/p><p><\/p>\n<div id=\"titolo-descrizione\">\n<h1><strong>Hotel con centro congressi a Pisa<\/strong><\/h1>\n<\/div>\n<p>Se il vostro team sta pensando ad un weekend diverso, dove poter unire lavoro e cultura, allora state cercando un <strong>albergo con centro congressi a Pisa<\/strong>.<\/p>\n<p>L\u2019Hotel Bologna \u00e8 un fantastico albergo per organizzare i convegni a Pisa. \u00c8 situato nel centro storico della citt\u00e0, ed \u00e8 in grado di fornirvi l\u2019eleganza e la tecnologia adatta ad ogni tipo di meeting di lavoro.<\/p>\n<p>L\u2019hotel Bologna \u00e8 situato in una posizione molto comoda, a soli 500 metri dalla stazione, in pieno centro storico, facilmente raggiungibile anche in macchina grazie ad uno spazioso parcheggio interno custodito.<\/p>\n<p>Per il vostro congresso scegliete l\u2019Hotel Bologna.<\/p>\n<p>Potrete usufruire della sala convegno, la quale \u00e8 dotata di ogni tipo di attrezzature, ha una capienza di 36 posti, videoproiettore, collegamento alla rete, microfono, ottimo impianto di amplificazione e lavagna a fogli mobili oltre che la possibilit\u00e0 di richiedere personale di supporto e l\u2019allestimento del coffee-break.<\/p>\n<p>Inoltre, durante il convegno sar\u00e0 al vostro servizio anche il nostro personale di supporto multi-lingue e possibilit\u00e0 di coffee break forniti dallo staff dell\u2019hotel.<\/p>\n<p>Scopri tutti i servizi dell\u2019<a title=\"hotel pisa\" href=\"http:\/\/www.hotelbologna.pisa.it\/default.php\">albergo<\/a> e per i tuoi incontri di business scegli l\u2019Hotel Bologna!<\/p>","protected":false},"excerpt":{"rendered":"<p>Leider ist der Eintrag nur auf Italienisch verf\u00fcgbar. Der Inhalt wird unten in einer verf\u00fcgbaren Sprache angezeigt. Klicken Sie auf den Link, um die aktuelle Sprache zu \u00e4ndern. Hotel con centro congressi a Pisa Se il vostro team sta pensando ad un weekend diverso, dove poter unire lavoro e cultura, allora state cercando un albergo&#8230; <\/p>\n<div class=\"clear\"><\/div>\n<p><a href=\"https:\/\/hotelbologna.pisa.it\/de\/hotel_pisa\/hotel-sala-convegno-pisa.html\" class=\"excerpt-read-more\">Continue Reading<i class=\"fa fa-long-arrow-right icon-long-arrow-right\"><\/i><\/a><\/p>\n","protected":false},"author":1,"featured_media":0,"parent":4225,"menu_order":0,"comment_status":"closed","ping_status":"closed","template":"","meta":[],"_links":{"self":[{"href":"https:\/\/hotelbologna.pisa.it\/de\/wp-json\/wp\/v2\/pages\/4295"}],"collection":[{"href":"https:\/\/hotelbologna.pisa.it\/de\/wp-json\/wp\/v2\/pages"}],"about":[{"href":"https:\/\/hotelbologna.pisa.it\/de\/wp-json\/wp\/v2\/types\/page"}],"author":[{"embeddable":true,"href":"https:\/\/hotelbologna.pisa.it\/de\/wp-json\/wp\/v2\/users\/1"}],"replies":[{"embeddable":true,"href":"https:\/\/hotelbologna.pisa.it\/de\/wp-json\/wp\/v2\/comments?post=4295"}],"version-history":[{"count":1,"href":"https:\/\/hotelbologna.pisa.it\/de\/wp-json\/wp\/v2\/pages\/4295\/revisions"}],"predecessor-version":[{"id":4296,"href":"https:\/\/hotelbologna.pisa.it\/de\/wp-json\/wp\/v2\/pages\/4295\/revisions\/4296"}],"up":[{"embeddable":true,"href":"https:\/\/hotelbologna.pisa.it\/de\/wp-json\/wp\/v2\/pages\/4225"}],"wp:attachment":[{"href":"https:\/\/hotelbologna.pisa.it\/de\/wp-json\/wp\/v2\/media?parent=4295"}],"curies":[{"name":"wp","href":"https:\/\/api.w.org\/{rel}","templated":true}]}}