{"id":4300,"date":"2016-04-13T17:13:29","date_gmt":"2016-04-13T15:13:29","guid":{"rendered":"http:\/\/www.proclic-test.it\/hotel\/?page_id=4300"},"modified":"2016-04-13T17:13:29","modified_gmt":"2016-04-13T15:13:29","slug":"prenotazione-hotel-pisa","status":"publish","type":"page","link":"https:\/\/hotelbologna.pisa.it\/de\/hotel_pisa\/prenotazione-hotel-pisa.html","title":{"rendered":"Prenotazione hotel pisa"},"content":{"rendered":"<p class=\"qtranxs-available-languages-message qtranxs-available-languages-message-de\">Leider ist der Eintrag nur auf <a href=\"https:\/\/hotelbologna.pisa.it\/it\/wp-json\/wp\/v2\/pages\/4300\" class=\"qtranxs-available-language-link qtranxs-available-language-link-it\" title=\"Italiano\">Italienisch<\/a> verf\u00fcgbar. Der Inhalt wird unten in einer verf\u00fcgbaren Sprache angezeigt. Klicken Sie auf den Link, um die aktuelle Sprache zu \u00e4ndern.<\/p><p><\/p>\n<div id=\"titolo-descrizione\">\n<h1><strong>Prenota online su Hotel Bologna: il tuo hotel a Pisa<\/strong><\/h1>\n<\/div>\n<p>Per la prenotazione del vostro albergo a Pisa, affidatevi alla lunga esperienza della famiglia Gherardi. Da oltre 50 anni curiamo ogni dettaglio del prestigioso Hotel Bologna, situato nel cuore di Pisa, a due passi dal centro storico, ma comodamente raggiungibile dalla stazione ferroviaria o dalle autostrade.<\/p>\n<p>L\u2019Hotel Bologna mette a vostra disposizione vari servizi: minibar, connessione wifi, ampia terrazza, sala riunioni, parcheggio interno custodito. Inoltre \u00e8 possibile richiedere un <strong>servizio shuttle<\/strong>, per usufruire di eleganti vetture anche per destinazioni fuori citt\u00e0; l\u2019organizzazione di escursioni, sull\u2019Arno o nel centro storico; il noleggio di bici, per godersi la meravigliosa Pisa.<\/p>\n<p>Sono disponibili <strong>numerose soluzioni per il vostro soggiorno<\/strong> e un <strong>servizio di prim\u2019ordine<\/strong> che allieteranno la vostra permanenza nel cuore di una citt\u00e0 che unisce alla bellezza degli scenari naturali il fascino di un\u2019ambientazione per certi versi ancora medievale.<\/p>\n<p>La prenotazione per l\u2019hotel di Pisa a 4 stelle pu\u00f2 avvenire comodamente on-line e a disposizione staff giovane e preparato ed un livello di servizi che ha meritato il <strong>Marchio di Qualit\u00e0<\/strong>!<\/p>\n<p>Come prenotare una camera all\u2019Hotel Bologna? Semplice: basta cliccare <a title=\"prenotazione hotel pisa\" href=\"http:\/\/www.hotelbologna.pisa.it\/prenotazioni.asp\">qui<\/a>, compilare il form e il nostro staff multilingue vi risponder\u00e0 al pi\u00f9 presto, con la cortesia che caratterizza l\u2019Hotel Bologna.<\/p>\n<p>Fatelo ora, scoprite tutti i vantaggi riservate alle <a title=\"hotel pisa\" href=\"http:\/\/www.hotelbologna.pisa.it\/default.php\">prenotazioni online<\/a>!<\/p>","protected":false},"excerpt":{"rendered":"<p>Leider ist der Eintrag nur auf Italienisch verf\u00fcgbar. Der Inhalt wird unten in einer verf\u00fcgbaren Sprache angezeigt. Klicken Sie auf den Link, um die aktuelle Sprache zu \u00e4ndern. Prenota online su Hotel Bologna: il tuo hotel a Pisa Per la prenotazione del vostro albergo a Pisa, affidatevi alla lunga esperienza della famiglia Gherardi. Da oltre&#8230; <\/p>\n<div class=\"clear\"><\/div>\n<p><a href=\"https:\/\/hotelbologna.pisa.it\/de\/hotel_pisa\/prenotazione-hotel-pisa.html\" class=\"excerpt-read-more\">Continue Reading<i class=\"fa fa-long-arrow-right icon-long-arrow-right\"><\/i><\/a><\/p>\n","protected":false},"author":1,"featured_media":0,"parent":4225,"menu_order":0,"comment_status":"closed","ping_status":"closed","template":"","meta":[],"_links":{"self":[{"href":"https:\/\/hotelbologna.pisa.it\/de\/wp-json\/wp\/v2\/pages\/4300"}],"collection":[{"href":"https:\/\/hotelbologna.pisa.it\/de\/wp-json\/wp\/v2\/pages"}],"about":[{"href":"https:\/\/hotelbologna.pisa.it\/de\/wp-json\/wp\/v2\/types\/page"}],"author":[{"embeddable":true,"href":"https:\/\/hotelbologna.pisa.it\/de\/wp-json\/wp\/v2\/users\/1"}],"replies":[{"embeddable":true,"href":"https:\/\/hotelbologna.pisa.it\/de\/wp-json\/wp\/v2\/comments?post=4300"}],"version-history":[{"count":1,"href":"https:\/\/hotelbologna.pisa.it\/de\/wp-json\/wp\/v2\/pages\/4300\/revisions"}],"predecessor-version":[{"id":4301,"href":"https:\/\/hotelbologna.pisa.it\/de\/wp-json\/wp\/v2\/pages\/4300\/revisions\/4301"}],"up":[{"embeddable":true,"href":"https:\/\/hotelbologna.pisa.it\/de\/wp-json\/wp\/v2\/pages\/4225"}],"wp:attachment":[{"href":"https:\/\/hotelbologna.pisa.it\/de\/wp-json\/wp\/v2\/media?parent=4300"}],"curies":[{"name":"wp","href":"https:\/\/api.w.org\/{rel}","templated":true}]}}