{"id":4302,"date":"2016-04-13T17:14:35","date_gmt":"2016-04-13T15:14:35","guid":{"rendered":"http:\/\/www.proclic-test.it\/hotel\/?page_id=4302"},"modified":"2016-04-13T17:14:35","modified_gmt":"2016-04-13T15:14:35","slug":"vacanze-a-pisa","status":"publish","type":"page","link":"https:\/\/hotelbologna.pisa.it\/de\/hotel_pisa\/vacanze-a-pisa.html","title":{"rendered":"Vacanze a pisa"},"content":{"rendered":"<p class=\"qtranxs-available-languages-message qtranxs-available-languages-message-de\">Leider ist der Eintrag nur auf <a href=\"https:\/\/hotelbologna.pisa.it\/it\/wp-json\/wp\/v2\/pages\/4302\" class=\"qtranxs-available-language-link qtranxs-available-language-link-it\" title=\"Italiano\">Italienisch<\/a> verf\u00fcgbar. Der Inhalt wird unten in einer verf\u00fcgbaren Sprache angezeigt. Klicken Sie auf den Link, um die aktuelle Sprache zu \u00e4ndern.<\/p><p><\/p>\n<div id=\"descrizione\">\n<div id=\"titolo-descrizione\">\n<h1><strong>Hotel Bologna, per una vacanza soggiorno a Pisa<\/strong><\/h1>\n<\/div>\n<p>Le <a title=\"hotel pisa\" href=\"http:\/\/www.hotelbologna.pisa.it\/default.php\"><strong>vacanze a Pisa<\/strong><\/a> sono un\u2019esperienza indimenticabile con l\u2019<strong>Hotel Bologna<\/strong>.<\/p>\n<p>Se avete deciso di concedervi un periodo di relax e scoperta di luoghi, sapori e tradizioni l\u2019Hotel per la vostra vacanza a Pisa \u00e8 sicuramente l\u2019<strong>Hotel Bologna<\/strong>: il suo mondo di servizi con Marchio di Qualit\u00e0 sapr\u00e0 accogliervi ed accompagnarvi per un periodo di assoluto benessere!<\/p>\n<p>L\u2019Hotel Bologna, infatti, non si propone solo di essere l\u2019<strong>Hotel per la vostra vacanza a Pisa<\/strong> ma con il suo staff giovane e preparato \u00e8 in grado di guidarvi lungo itinerari turistici e museali o alle migliori offerte gastronomiche della citt\u00e0.<br \/>\n<strong><br \/>\nPer un viaggio d\u2019affari, un weekend di relax o una vacanza culturale<\/strong>, qualunque idea abbiate l\u2019Albergo per un soggiorno a Pisa \u00e8 l\u2019Hotel Bologna dove troverete tutto il comfort e l\u2019atmosfera migliore per trascorrere momenti piacevoli e di benessere.<\/p>\n<p>L\u2019Hotel Bologna, inoltre, mette a disposizione dei clienti lo Shuttle Service, noleggio bici, la Sala Meeting, sala lettura e ampie camere con la pay tv, connessione wifi, terrazze a tanto altro ancora!<\/p>\n<p>Visitate il sito dell\u2019<a title=\"hotel pisa\" href=\"http:\/\/www.hotelbologna.pisa.it\/default.php\"><strong>Hotel Bologna<\/strong><\/a> e scoprite com&#8217;\u00e8 semplice e veloce prenotare on-line l\u2019Albergo per un soggiorno indimenticabile!<\/p>\n<\/div>\n<div id=\"noi\"><\/div>\n<p><\/p>","protected":false},"excerpt":{"rendered":"<p>Leider ist der Eintrag nur auf Italienisch verf\u00fcgbar. Der Inhalt wird unten in einer verf\u00fcgbaren Sprache angezeigt. Klicken Sie auf den Link, um die aktuelle Sprache zu \u00e4ndern. Hotel Bologna, per una vacanza soggiorno a Pisa Le vacanze a Pisa sono un\u2019esperienza indimenticabile con l\u2019Hotel Bologna. Se avete deciso di concedervi un periodo di relax&#8230; <\/p>\n<div class=\"clear\"><\/div>\n<p><a href=\"https:\/\/hotelbologna.pisa.it\/de\/hotel_pisa\/vacanze-a-pisa.html\" class=\"excerpt-read-more\">Continue Reading<i class=\"fa fa-long-arrow-right icon-long-arrow-right\"><\/i><\/a><\/p>\n","protected":false},"author":1,"featured_media":0,"parent":4225,"menu_order":0,"comment_status":"closed","ping_status":"closed","template":"","meta":[],"_links":{"self":[{"href":"https:\/\/hotelbologna.pisa.it\/de\/wp-json\/wp\/v2\/pages\/4302"}],"collection":[{"href":"https:\/\/hotelbologna.pisa.it\/de\/wp-json\/wp\/v2\/pages"}],"about":[{"href":"https:\/\/hotelbologna.pisa.it\/de\/wp-json\/wp\/v2\/types\/page"}],"author":[{"embeddable":true,"href":"https:\/\/hotelbologna.pisa.it\/de\/wp-json\/wp\/v2\/users\/1"}],"replies":[{"embeddable":true,"href":"https:\/\/hotelbologna.pisa.it\/de\/wp-json\/wp\/v2\/comments?post=4302"}],"version-history":[{"count":1,"href":"https:\/\/hotelbologna.pisa.it\/de\/wp-json\/wp\/v2\/pages\/4302\/revisions"}],"predecessor-version":[{"id":4303,"href":"https:\/\/hotelbologna.pisa.it\/de\/wp-json\/wp\/v2\/pages\/4302\/revisions\/4303"}],"up":[{"embeddable":true,"href":"https:\/\/hotelbologna.pisa.it\/de\/wp-json\/wp\/v2\/pages\/4225"}],"wp:attachment":[{"href":"https:\/\/hotelbologna.pisa.it\/de\/wp-json\/wp\/v2\/media?parent=4302"}],"curies":[{"name":"wp","href":"https:\/\/api.w.org\/{rel}","templated":true}]}}