{"id":4306,"date":"2016-04-13T17:16:49","date_gmt":"2016-04-13T15:16:49","guid":{"rendered":"http:\/\/www.proclic-test.it\/hotel\/?page_id=4306"},"modified":"2016-04-13T17:17:02","modified_gmt":"2016-04-13T15:17:02","slug":"albergo-aeroporto-pisa","status":"publish","type":"page","link":"https:\/\/hotelbologna.pisa.it\/de\/hotel_pisa\/albergo-aeroporto-pisa.html","title":{"rendered":"Albergo Aeroporto Pisa"},"content":{"rendered":"<p class=\"qtranxs-available-languages-message qtranxs-available-languages-message-de\">Leider ist der Eintrag nur auf <a href=\"https:\/\/hotelbologna.pisa.it\/it\/wp-json\/wp\/v2\/pages\/4306\" class=\"qtranxs-available-language-link qtranxs-available-language-link-it\" title=\"Italiano\">Italienisch<\/a> verf\u00fcgbar. Der Inhalt wird unten in einer verf\u00fcgbaren Sprache angezeigt. Klicken Sie auf den Link, um die aktuelle Sprache zu \u00e4ndern.<\/p><p><\/p>\n<div id=\"descrizione\">\n<div id=\"titolo-descrizione\">\n<h1><strong>Albergo aeroporto di Pisa: l\u2019eleganza unica dell\u2019Hotel Bologna.<\/strong><\/h1>\n<\/div>\n<p>Cercate un <strong>albergo vicino all\u2019aeroporto di Pisa<\/strong>? Ora l\u2019avete trovato: l\u2019<strong>Hotel Bologna<\/strong> con i suoi servizi rendono indimenticabile anche un breve viaggio d\u2019affari.<\/p>\n<p>Se arrivate in aereo cosa c\u2019\u00e8 di pi\u00f9 comodo di alloggiare in un <a title=\"hotel pisa\" href=\"http:\/\/www.hotelbologna.pisa.it\/default.php\"><strong>Albergo nei pressi dell\u2019aeroporto a Pisa<\/strong><\/a>?<\/p>\n<p>A pochi chilometri di distanza tra loro, l\u2019<strong>Albergo e l\u2019Aeroporto di Pisa<\/strong> sono messi in comunicazione dal nostro <strong>servizio Shuttle Service<\/strong>: vetture di assoluto prestigio sono a disposizione della clientela <strong>24 ore su 24<\/strong>.<br \/>\nPer i clienti sar\u00e0 cos\u00ec possibile spostarsi agevolmente dall\u2019Albergo all\u2019aeroporto di Pisa o programmare piacevoli itinerari culturali, naturalistici ed eno-gastronomici in citt\u00e0!<\/p>\n<p>Tra i <strong>numerosi servizi<\/strong> troverete: camere spaziose, sala meeting, parcheggio custodito, connessione wireless, un&#8217;ampia terrazza. Ed infine avrete la possibilit\u00e0 di partecipare a escursioni organizzate dal nostro staff multilingue, noleggiare bici o richiedere un servizio shuttle con eleganti vetture.<\/p>\n<p>Tutto questo e molto di pi\u00f9 \u00e8 l\u2019<strong>Hotel Bologna<\/strong>: il vostro <strong>Albergo vicino all\u2019Aeroporto di Pisa<\/strong> vi regaler\u00e0 un soggiorno indimenticabile, forte della sua lunga carriera di successi.<\/p>\n<p>Visitate il sito dell\u2019<a title=\"hotel pisa\" href=\"http:\/\/www.hotelbologna.pisa.it\/default.php\"><strong>Hotel Bologna<\/strong>!<\/a> Scoprite dove siamo e tutti i servizi che ci hanno fatto guadagnare il<strong>Marchio di Qualit\u00e0<\/strong>..<\/p>\n<\/div>\n<div id=\"noi\"><\/div>\n<p><\/p>","protected":false},"excerpt":{"rendered":"<p>Leider ist der Eintrag nur auf Italienisch verf\u00fcgbar. Der Inhalt wird unten in einer verf\u00fcgbaren Sprache angezeigt. Klicken Sie auf den Link, um die aktuelle Sprache zu \u00e4ndern. Albergo aeroporto di Pisa: l\u2019eleganza unica dell\u2019Hotel Bologna. Cercate un albergo vicino all\u2019aeroporto di Pisa? Ora l\u2019avete trovato: l\u2019Hotel Bologna con i suoi servizi rendono indimenticabile anche&#8230; <\/p>\n<div class=\"clear\"><\/div>\n<p><a href=\"https:\/\/hotelbologna.pisa.it\/de\/hotel_pisa\/albergo-aeroporto-pisa.html\" class=\"excerpt-read-more\">Continue Reading<i class=\"fa fa-long-arrow-right icon-long-arrow-right\"><\/i><\/a><\/p>\n","protected":false},"author":1,"featured_media":0,"parent":4225,"menu_order":0,"comment_status":"closed","ping_status":"closed","template":"","meta":[],"_links":{"self":[{"href":"https:\/\/hotelbologna.pisa.it\/de\/wp-json\/wp\/v2\/pages\/4306"}],"collection":[{"href":"https:\/\/hotelbologna.pisa.it\/de\/wp-json\/wp\/v2\/pages"}],"about":[{"href":"https:\/\/hotelbologna.pisa.it\/de\/wp-json\/wp\/v2\/types\/page"}],"author":[{"embeddable":true,"href":"https:\/\/hotelbologna.pisa.it\/de\/wp-json\/wp\/v2\/users\/1"}],"replies":[{"embeddable":true,"href":"https:\/\/hotelbologna.pisa.it\/de\/wp-json\/wp\/v2\/comments?post=4306"}],"version-history":[{"count":2,"href":"https:\/\/hotelbologna.pisa.it\/de\/wp-json\/wp\/v2\/pages\/4306\/revisions"}],"predecessor-version":[{"id":4308,"href":"https:\/\/hotelbologna.pisa.it\/de\/wp-json\/wp\/v2\/pages\/4306\/revisions\/4308"}],"up":[{"embeddable":true,"href":"https:\/\/hotelbologna.pisa.it\/de\/wp-json\/wp\/v2\/pages\/4225"}],"wp:attachment":[{"href":"https:\/\/hotelbologna.pisa.it\/de\/wp-json\/wp\/v2\/media?parent=4306"}],"curies":[{"name":"wp","href":"https:\/\/api.w.org\/{rel}","templated":true}]}}