{"id":4326,"date":"2016-04-13T17:29:50","date_gmt":"2016-04-13T15:29:50","guid":{"rendered":"http:\/\/www.proclic-test.it\/hotel\/?page_id=4326"},"modified":"2016-05-10T11:09:25","modified_gmt":"2016-05-10T09:09:25","slug":"hotel-vicino-stazione-pisa","status":"publish","type":"page","link":"https:\/\/hotelbologna.pisa.it\/de\/hotel_pisa\/hotel-vicino-stazione-pisa.html","title":{"rendered":"Hotel Vicino Stazione Pisa"},"content":{"rendered":"<p class=\"qtranxs-available-languages-message qtranxs-available-languages-message-de\">Leider ist der Eintrag nur auf <a href=\"https:\/\/hotelbologna.pisa.it\/it\/wp-json\/wp\/v2\/pages\/4326\" class=\"qtranxs-available-language-link qtranxs-available-language-link-it\" title=\"Italiano\">Italienisch<\/a> verf\u00fcgbar. Der Inhalt wird unten in einer verf\u00fcgbaren Sprache angezeigt. Klicken Sie auf den Link, um die aktuelle Sprache zu \u00e4ndern.<\/p><p><\/p>\n<div id=\"titolo-descrizione\">\n<h1><strong>Cerchi un Hotel Vicino alla Stazione di Pisa, nel cuore della citt\u00e0?<\/strong><\/h1>\n<\/div>\n<p><strong>Scopri l&#8217;Hotel Bologna.<\/strong><\/p>\n<p>L&#8217;<a href=\"http:\/\/www.hotelbologna.pisa.it\/hotel.php\" target=\"_blank\"> <strong>Hotel, vicino alla Stazione di Pisa <\/strong><\/a>ti permette di raggiungerla in soli 5 minuti a piedi. Non soltanto non avrai bisogno di cercare taxi o aspettare autobus per raggiungere la stazione, ma anche per muoverti in citt\u00e0!<br \/>\nInfatti l&#8217;<strong>Hotel \u00e8 vicino alla stazione di Pisa<\/strong>, certo, ma \u00e8 nello stesso tempo immerso nel cuore del <strong>Centro Storico<\/strong>.<\/p>\n<p><strong>Corso Italia<\/strong>, la via principale, i pittoreschi <strong>Lungarni<\/strong>, la <strong>Torre<\/strong>, le <strong>Piazze<\/strong> pi\u00f9 importanti, le <strong>Chiese<\/strong>, gli <strong>Edifici Storici<\/strong>, i <strong>Monumenti<\/strong>&#8230;\u00e8 tutto a portata di &#8220;piede&#8221; soggiornando all&#8217;<strong>Hotel Bologna<\/strong>.<br \/>\nSe invece devi prendere l&#8217; <strong>aereo<\/strong> e sei a <strong>Pisa<\/strong> soltanto di passaggio puoi raggiungere l&#8217;<strong>Aeroporto<\/strong>comodamente con 5 minuti di taxi o di autobus, senza per\u00f2 dover rinunciare a visitare la citt\u00e0 prima di partire.<\/p>\n<p>Il tuo soggiorno all&#8217;<strong>Hotel Bologna<\/strong> sar\u00e0 reso unico ed indimenticabile dai numerosi servizi che avrai a disposizione: servizio in camera 24 ore su 24, cassaforte, frigo bar con acqua gratuita, bollitore, condizionatore autonomo, colazione ricca, servizio lavanderia, internet point, area bar, sala lettura, ampia terrazza e sala conferenze.<\/p>\n<p>Avrai inoltre a disposizione un servizio shuttle, il noleggio di biciclette e scooter, per raggiungere nel migliore dei modi i dintorni della citt\u00e0 e itinerari ed escursioni, per raggiungere le aree pi\u00f9 nascoste di Pisa.<\/p>\n<p>Non rinunciare alla comodit\u00e0 di un <a href=\"http:\/\/www.hotelbologna.pisa.it\/dovesiamo.php\" target=\"_blank\"><strong>Hotel vicino alla Stazione di Pisa<\/strong><\/a> in grado di offrirti questa ampia scelta di <a href=\"http:\/\/www.hotelbologna.pisa.it\/servizi.php\" target=\"_blank\"><strong>Servizi<\/strong><\/a>.<\/p>\n<p>Contatta l&#8217;Hotel Bologna per maggiori informazioni o <a href=\"http:\/\/www.hotelbologna.pisa.it\/prenotazioni.php\" target=\"_blank\"><strong>Prenota<\/strong><\/a> subito! <strong>Prenotando dal sito ufficiale avrai il prezzo migliore!<\/strong><\/p>\n<p><a href=\"http:\/\/www.hotelbologna.pisa.it\/hotel.php\"><img loading=\"lazy\" class=\"aligncenter size-full wp-image-4328\" src=\"http:\/\/www.hotelbologna.pisa.it\/wp-content\/uploads\/2016\/04\/hotel-vicino-stazione-pisa.jpg\" alt=\"hotel-vicino-stazione-pisa\" width=\"580\" height=\"240\" srcset=\"https:\/\/hotelbologna.pisa.it\/wp-content\/uploads\/2016\/04\/hotel-vicino-stazione-pisa.jpg 580w, https:\/\/hotelbologna.pisa.it\/wp-content\/uploads\/2016\/04\/hotel-vicino-stazione-pisa-300x124.jpg 300w\" sizes=\"(max-width: 580px) 100vw, 580px\" \/><\/a><\/p>","protected":false},"excerpt":{"rendered":"<p>Leider ist der Eintrag nur auf Italienisch verf\u00fcgbar. Der Inhalt wird unten in einer verf\u00fcgbaren Sprache angezeigt. Klicken Sie auf den Link, um die aktuelle Sprache zu \u00e4ndern. Cerchi un Hotel Vicino alla Stazione di Pisa, nel cuore della citt\u00e0? Scopri l&#8217;Hotel Bologna. L&#8217; Hotel, vicino alla Stazione di Pisa ti permette di raggiungerla in&#8230; <\/p>\n<div class=\"clear\"><\/div>\n<p><a href=\"https:\/\/hotelbologna.pisa.it\/de\/hotel_pisa\/hotel-vicino-stazione-pisa.html\" class=\"excerpt-read-more\">Continue Reading<i class=\"fa fa-long-arrow-right icon-long-arrow-right\"><\/i><\/a><\/p>\n","protected":false},"author":1,"featured_media":0,"parent":4225,"menu_order":0,"comment_status":"closed","ping_status":"closed","template":"","meta":[],"_links":{"self":[{"href":"https:\/\/hotelbologna.pisa.it\/de\/wp-json\/wp\/v2\/pages\/4326"}],"collection":[{"href":"https:\/\/hotelbologna.pisa.it\/de\/wp-json\/wp\/v2\/pages"}],"about":[{"href":"https:\/\/hotelbologna.pisa.it\/de\/wp-json\/wp\/v2\/types\/page"}],"author":[{"embeddable":true,"href":"https:\/\/hotelbologna.pisa.it\/de\/wp-json\/wp\/v2\/users\/1"}],"replies":[{"embeddable":true,"href":"https:\/\/hotelbologna.pisa.it\/de\/wp-json\/wp\/v2\/comments?post=4326"}],"version-history":[{"count":3,"href":"https:\/\/hotelbologna.pisa.it\/de\/wp-json\/wp\/v2\/pages\/4326\/revisions"}],"predecessor-version":[{"id":4724,"href":"https:\/\/hotelbologna.pisa.it\/de\/wp-json\/wp\/v2\/pages\/4326\/revisions\/4724"}],"up":[{"embeddable":true,"href":"https:\/\/hotelbologna.pisa.it\/de\/wp-json\/wp\/v2\/pages\/4225"}],"wp:attachment":[{"href":"https:\/\/hotelbologna.pisa.it\/de\/wp-json\/wp\/v2\/media?parent=4326"}],"curies":[{"name":"wp","href":"https:\/\/api.w.org\/{rel}","templated":true}]}}