{"id":4330,"date":"2016-04-13T17:34:11","date_gmt":"2016-04-13T15:34:11","guid":{"rendered":"http:\/\/www.proclic-test.it\/hotel\/?page_id=4330"},"modified":"2016-05-10T11:13:12","modified_gmt":"2016-05-10T09:13:12","slug":"prenota-hotel-pisa","status":"publish","type":"page","link":"https:\/\/hotelbologna.pisa.it\/de\/hotel_pisa\/prenota-hotel-pisa.html","title":{"rendered":"Prenota hotel Pisa"},"content":{"rendered":"<p class=\"qtranxs-available-languages-message qtranxs-available-languages-message-de\">Leider ist der Eintrag nur auf <a href=\"https:\/\/hotelbologna.pisa.it\/it\/wp-json\/wp\/v2\/pages\/4330\" class=\"qtranxs-available-language-link qtranxs-available-language-link-it\" title=\"Italiano\">Italienisch<\/a> verf\u00fcgbar. Der Inhalt wird unten in einer verf\u00fcgbaren Sprache angezeigt. Klicken Sie auf den Link, um die aktuelle Sprache zu \u00e4ndern.<\/p><p><\/p>\n<div id=\"titolo-descrizione\">\n<h1><strong>Prenota un Hotel a Pisa, prenota l&#8217;Hotel Bologna!<\/strong><\/h1>\n<\/div>\n<p><strong>Per risparmiare fallo dal Sito Ufficiale dell&#8217;Hotel!<\/strong><\/p>\n<p><iframe loading=\"lazy\" src=\"https:\/\/www.youtube.com\/embed\/SLSuRAkJM5U\" width=\"480\" height=\"315\" frameborder=\"0\" allowfullscreen=\"allowfullscreen\"><\/iframe><\/p>\n<p><a href=\"http:\/\/www.hotelbologna.pisa.it\/prenotazioni.php\" target=\"_blank\"><strong>Prenota un Hotel a Pisa <\/strong><\/a>: L&#8217;Hotel Bologna ti offre un <strong>Servizio Prenotazione online<\/strong> direttamente dal sito web ufficiale: se ne usufruisci puoi risparmiare notevolmente rispetto alla prenotazione attraverso un&#8217;altra qualsiasi pagina disponibile sul web!<\/p>\n<p>&nbsp;<\/p>\n<p><a href=\"http:\/\/www.hotelbologna.pisa.it\/prenotazioni.php\"><img loading=\"lazy\" class=\"size-full wp-image-4331 alignleft\" src=\"http:\/\/www.hotelbologna.pisa.it\/wp-content\/uploads\/2016\/04\/prenota-hotel-pisa.jpg\" alt=\"prenota-hotel-pisa\" width=\"580\" height=\"241\" srcset=\"https:\/\/hotelbologna.pisa.it\/wp-content\/uploads\/2016\/04\/prenota-hotel-pisa.jpg 580w, https:\/\/hotelbologna.pisa.it\/wp-content\/uploads\/2016\/04\/prenota-hotel-pisa-300x125.jpg 300w\" sizes=\"(max-width: 580px) 100vw, 580px\" \/><\/a><\/p>\n<p><strong>Praticit\u00e0, comfort ed eleganza<\/strong>: l&#8217;Hotel \u00e8 vicino alla stazione, vicino all&#8217;aeroporto e alle principali vie di comunicazione. La comodit\u00e0 di essere nel <strong>Cuore del Centro di Pisa<\/strong> si unisce all&#8217;eleganza e alla tradizione del Palazzo Storico nel quale l&#8217;<strong>Hotel Bologna<\/strong> sorge. Guarda sul sito tutti i<strong> <a href=\"http:\/\/www.hotelbologna.pisa.it\/servizi.php\" target=\"_blank\">Servizi<\/a><\/strong> che l&#8217;Hotel Bologna pu\u00f2 offrirti,<a href=\"http:\/\/www.hotelbologna.pisa.it\/prenotazioni.php\" target=\"_blank\"> <strong>Prenota l&#8217;Hotel! Pisa <\/strong><\/a><strong>non \u00e8 mai stata pi\u00f9 vicina a te.<\/strong><\/p>","protected":false},"excerpt":{"rendered":"<p>Leider ist der Eintrag nur auf Italienisch verf\u00fcgbar. Der Inhalt wird unten in einer verf\u00fcgbaren Sprache angezeigt. Klicken Sie auf den Link, um die aktuelle Sprache zu \u00e4ndern. Prenota un Hotel a Pisa, prenota l&#8217;Hotel Bologna! Per risparmiare fallo dal Sito Ufficiale dell&#8217;Hotel! Prenota un Hotel a Pisa : L&#8217;Hotel Bologna ti offre un Servizio&#8230; <\/p>\n<div class=\"clear\"><\/div>\n<p><a href=\"https:\/\/hotelbologna.pisa.it\/de\/hotel_pisa\/prenota-hotel-pisa.html\" class=\"excerpt-read-more\">Continue Reading<i class=\"fa fa-long-arrow-right icon-long-arrow-right\"><\/i><\/a><\/p>\n","protected":false},"author":1,"featured_media":0,"parent":4225,"menu_order":0,"comment_status":"closed","ping_status":"closed","template":"","meta":[],"_links":{"self":[{"href":"https:\/\/hotelbologna.pisa.it\/de\/wp-json\/wp\/v2\/pages\/4330"}],"collection":[{"href":"https:\/\/hotelbologna.pisa.it\/de\/wp-json\/wp\/v2\/pages"}],"about":[{"href":"https:\/\/hotelbologna.pisa.it\/de\/wp-json\/wp\/v2\/types\/page"}],"author":[{"embeddable":true,"href":"https:\/\/hotelbologna.pisa.it\/de\/wp-json\/wp\/v2\/users\/1"}],"replies":[{"embeddable":true,"href":"https:\/\/hotelbologna.pisa.it\/de\/wp-json\/wp\/v2\/comments?post=4330"}],"version-history":[{"count":4,"href":"https:\/\/hotelbologna.pisa.it\/de\/wp-json\/wp\/v2\/pages\/4330\/revisions"}],"predecessor-version":[{"id":4726,"href":"https:\/\/hotelbologna.pisa.it\/de\/wp-json\/wp\/v2\/pages\/4330\/revisions\/4726"}],"up":[{"embeddable":true,"href":"https:\/\/hotelbologna.pisa.it\/de\/wp-json\/wp\/v2\/pages\/4225"}],"wp:attachment":[{"href":"https:\/\/hotelbologna.pisa.it\/de\/wp-json\/wp\/v2\/media?parent=4330"}],"curies":[{"name":"wp","href":"https:\/\/api.w.org\/{rel}","templated":true}]}}