{"id":4333,"date":"2016-04-13T17:35:17","date_gmt":"2016-04-13T15:35:17","guid":{"rendered":"http:\/\/www.proclic-test.it\/hotel\/?page_id=4333"},"modified":"2016-04-13T17:35:17","modified_gmt":"2016-04-13T15:35:17","slug":"hotel-pisa","status":"publish","type":"page","link":"https:\/\/hotelbologna.pisa.it\/de\/hotel_pisa\/hotel-pisa.html","title":{"rendered":"hotel pisa"},"content":{"rendered":"<p class=\"qtranxs-available-languages-message qtranxs-available-languages-message-de\">Leider ist der Eintrag nur auf <a href=\"https:\/\/hotelbologna.pisa.it\/it\/wp-json\/wp\/v2\/pages\/4333\" class=\"qtranxs-available-language-link qtranxs-available-language-link-it\" title=\"Italiano\">Italienisch<\/a> verf\u00fcgbar. Der Inhalt wird unten in einer verf\u00fcgbaren Sprache angezeigt. Klicken Sie auf den Link, um die aktuelle Sprache zu \u00e4ndern.<\/p><p><\/p>\n<div id=\"titolo-descrizione\">\n<h1><strong>Hotel Pisa : tutto il comfort di un Hotel a 4 stelle!<\/strong><\/h1>\n<\/div>\n<p>A pochi passi dal centro storico l\u2019<strong>Hotel Bologna<\/strong> da oltre 50 anni rappresenta un riferimento tra gli <a title=\"hotel pisa\" href=\"http:\/\/www.hotelbologna.pisa.it\/hotel.php\"><strong>Hotel a Pisa<\/strong><\/a>, per la sua eleganza e tradizione, i servizi e l\u2019accoglienza che riserva ai suoi ospiti.<\/p>\n<p>L\u2019<strong>Hotel Bologna a Pisa<\/strong> spicca per <strong>l\u2019eleganza<\/strong> e <strong>le offerte<\/strong> di cui godono i clienti: sala meeting, connessione wifi, pay tv, ampia terrazza, parcheggio interno custodito sono solo alcuni tra questi. C\u2019\u00e8 poi la possibilit\u00e0 di usufruire di vetture di lusso per un servizio shuttle, o dell\u2019organizzazione di escursioni sull\u2019Arno o nel centro storico.<\/p>\n<p>Questo Hotel a Pisa risulta facilmente raggiungibile dalla stazione dei treni e dalle autostrade ed offre un contesto davvero unico, <strong>a pochi passi dal Duomo e dal centro storico<\/strong>, in un elegante palazzo costruito ed arredato secondo il gusto toscano.<\/p>\n<p>Per un viaggio d\u2019affari, un <strong>weekend di relax<\/strong> o una <strong>vacanza culturale<\/strong>, qualunque idea abbiate l\u2019Albergo per un soggiorno a Pisa \u00e8 l\u2019<strong>Hotel Bologna<\/strong> dove troverete tutto il comfort e l\u2019atmosfera migliore per trascorrere momenti piacevoli e di benessere.<\/p>\n<p><a title=\"hotel pisa\" href=\"http:\/\/www.hotelbologna.pisa.it\/default.php\"><strong>Vieni a scoprire tutte le offerte del nostro Hotel a Pisa<\/strong><\/a> e prenota ora la tua vacanza unica!<\/p>","protected":false},"excerpt":{"rendered":"<p>Leider ist der Eintrag nur auf Italienisch verf\u00fcgbar. Der Inhalt wird unten in einer verf\u00fcgbaren Sprache angezeigt. Klicken Sie auf den Link, um die aktuelle Sprache zu \u00e4ndern. Hotel Pisa : tutto il comfort di un Hotel a 4 stelle! A pochi passi dal centro storico l\u2019Hotel Bologna da oltre 50 anni rappresenta un riferimento&#8230; <\/p>\n<div class=\"clear\"><\/div>\n<p><a href=\"https:\/\/hotelbologna.pisa.it\/de\/hotel_pisa\/hotel-pisa.html\" class=\"excerpt-read-more\">Continue Reading<i class=\"fa fa-long-arrow-right icon-long-arrow-right\"><\/i><\/a><\/p>\n","protected":false},"author":1,"featured_media":0,"parent":4225,"menu_order":0,"comment_status":"closed","ping_status":"closed","template":"","meta":[],"_links":{"self":[{"href":"https:\/\/hotelbologna.pisa.it\/de\/wp-json\/wp\/v2\/pages\/4333"}],"collection":[{"href":"https:\/\/hotelbologna.pisa.it\/de\/wp-json\/wp\/v2\/pages"}],"about":[{"href":"https:\/\/hotelbologna.pisa.it\/de\/wp-json\/wp\/v2\/types\/page"}],"author":[{"embeddable":true,"href":"https:\/\/hotelbologna.pisa.it\/de\/wp-json\/wp\/v2\/users\/1"}],"replies":[{"embeddable":true,"href":"https:\/\/hotelbologna.pisa.it\/de\/wp-json\/wp\/v2\/comments?post=4333"}],"version-history":[{"count":1,"href":"https:\/\/hotelbologna.pisa.it\/de\/wp-json\/wp\/v2\/pages\/4333\/revisions"}],"predecessor-version":[{"id":4334,"href":"https:\/\/hotelbologna.pisa.it\/de\/wp-json\/wp\/v2\/pages\/4333\/revisions\/4334"}],"up":[{"embeddable":true,"href":"https:\/\/hotelbologna.pisa.it\/de\/wp-json\/wp\/v2\/pages\/4225"}],"wp:attachment":[{"href":"https:\/\/hotelbologna.pisa.it\/de\/wp-json\/wp\/v2\/media?parent=4333"}],"curies":[{"name":"wp","href":"https:\/\/api.w.org\/{rel}","templated":true}]}}