{"id":4838,"date":"2019-07-11T10:38:31","date_gmt":"2019-07-11T08:38:31","guid":{"rendered":"https:\/\/hotelbologna.pisa.it\/?page_id=4838"},"modified":"2019-07-12T16:07:53","modified_gmt":"2019-07-12T14:07:53","slug":"privacy-policy","status":"publish","type":"page","link":"https:\/\/hotelbologna.pisa.it\/de\/privacy-policy.html","title":{"rendered":"Privacy Policy"},"content":{"rendered":"<p class=\"qtranxs-available-languages-message qtranxs-available-languages-message-de\">Leider ist der Eintrag nur auf <a href=\"https:\/\/hotelbologna.pisa.it\/it\/wp-json\/wp\/v2\/pages\/4838\" class=\"qtranxs-available-language-link qtranxs-available-language-link-it\" title=\"Italiano\">Italienisch<\/a> verf\u00fcgbar. Der Inhalt wird unten in einer verf\u00fcgbaren Sprache angezeigt. Klicken Sie auf den Link, um die aktuelle Sprache zu \u00e4ndern.<\/p><p>[vc_row][vc_column el_class=&#8221;privacy&#8221;][vc_column_text]<\/p>\n<h3 style=\"text-align: center;\">ELENCO DELLE INFORMATIVE SULLA PRIVACY AI SENSI DEL REGOLAMENTO EUROPEO GDPR 2016\/679<\/h3>\n<p>[\/vc_column_text][vc_column_text]<\/p>\n<p style=\"text-align: center;\"><a href=\"https:\/\/www.privacylab.it\/informativa.php?11670364327\" target=\"_blank\"><strong>Informativa: Navigatori Sito Internet<\/strong><\/a><br \/>\n<a href=\"https:\/\/www.privacylab.it\/informativa.php?11670403238\" target=\"_blank\"><strong>Informativa: Utenti pagine social<\/strong>\u00a0<\/a><br \/>\n<strong><a href=\"https:\/\/www.privacylab.it\/informativa.php?11670364319\" target=\"_blank\">Informativa: Clienti<\/a>\u00a0<\/strong><br \/>\n<strong><a href=\"https:\/\/www.privacylab.it\/informativa.php?11670364323\" target=\"_blank\">Informativa: potenziali Clienti<\/a>\u00a0<\/strong><br \/>\n<a href=\"https:\/\/www.privacylab.it\/informativa.php?11670364324\" target=\"_blank\"><strong>Informativa: Referenti presso Aziende Clienti\u00a0<\/strong><\/a><br \/>\n<strong><a href=\"https:\/\/www.privacylab.it\/informativa.php?11670364321\" target=\"_blank\">Informativa: Fornitori<\/a>\u00a0<\/strong><br \/>\n<a href=\"https:\/\/www.privacylab.it\/informativa.php?11670364326\" target=\"_blank\"><strong>Informativa: Referenti presso Aziende Fornitrici\u00a0<\/strong><\/a><br \/>\n<a href=\"https:\/\/www.privacylab.it\/informativa.php?11670364329\" target=\"_blank\"><strong>Informativa: Interessati alle registrazioni per Videosorveglianza<\/strong><\/a><br \/>\n<a href=\"https:\/\/www.privacylab.it\/informativa.php?11670364320\" target=\"_blank\"><strong>Informativa: Candidati da considerare per l&#8217;instaurazione di un rapporto di lavoro\u00a0<\/strong><\/a><\/p>\n<p>[\/vc_column_text][\/vc_column][\/vc_row]<\/p>","protected":false},"excerpt":{"rendered":"<p>Leider ist der Eintrag nur auf Italienisch verf\u00fcgbar. Der Inhalt wird unten in einer verf\u00fcgbaren Sprache angezeigt. Klicken Sie auf den Link, um die aktuelle Sprache zu \u00e4ndern.[vc_row][vc_column el_class=&#8221;privacy&#8221;][vc_column_text] ELENCO DELLE INFORMATIVE SULLA PRIVACY AI SENSI DEL REGOLAMENTO EUROPEO GDPR 2016\/679 [\/vc_column_text][vc_column_text] Informativa: Navigatori Sito Internet Informativa: Utenti pagine social\u00a0 Informativa: Clienti\u00a0 Informativa: potenziali Clienti\u00a0&#8230; <\/p>\n<div class=\"clear\"><\/div>\n<p><a href=\"https:\/\/hotelbologna.pisa.it\/de\/privacy-policy.html\" class=\"excerpt-read-more\">Continue Reading<i class=\"fa fa-long-arrow-right icon-long-arrow-right\"><\/i><\/a><\/p>\n","protected":false},"author":1,"featured_media":0,"parent":0,"menu_order":0,"comment_status":"closed","ping_status":"closed","template":"","meta":[],"_links":{"self":[{"href":"https:\/\/hotelbologna.pisa.it\/de\/wp-json\/wp\/v2\/pages\/4838"}],"collection":[{"href":"https:\/\/hotelbologna.pisa.it\/de\/wp-json\/wp\/v2\/pages"}],"about":[{"href":"https:\/\/hotelbologna.pisa.it\/de\/wp-json\/wp\/v2\/types\/page"}],"author":[{"embeddable":true,"href":"https:\/\/hotelbologna.pisa.it\/de\/wp-json\/wp\/v2\/users\/1"}],"replies":[{"embeddable":true,"href":"https:\/\/hotelbologna.pisa.it\/de\/wp-json\/wp\/v2\/comments?post=4838"}],"version-history":[{"count":7,"href":"https:\/\/hotelbologna.pisa.it\/de\/wp-json\/wp\/v2\/pages\/4838\/revisions"}],"predecessor-version":[{"id":4866,"href":"https:\/\/hotelbologna.pisa.it\/de\/wp-json\/wp\/v2\/pages\/4838\/revisions\/4866"}],"wp:attachment":[{"href":"https:\/\/hotelbologna.pisa.it\/de\/wp-json\/wp\/v2\/media?parent=4838"}],"curies":[{"name":"wp","href":"https:\/\/api.w.org\/{rel}","templated":true}]}}