{"id":4218,"date":"2016-04-11T15:02:11","date_gmt":"2016-04-11T13:02:11","guid":{"rendered":"http:\/\/www.proclic-test.it\/hotel\/?page_id=4218"},"modified":"2016-04-13T17:09:33","modified_gmt":"2016-04-13T15:09:33","slug":"hotel-a-pisa","status":"publish","type":"page","link":"https:\/\/hotelbologna.pisa.it\/en\/hotel-a-pisa.html","title":{"rendered":"Hotel a Pisa"},"content":{"rendered":"<div id=\"titolo-descrizione\">\n<h1><strong>Hotel a Pisa<\/strong><\/h1>\n<h2><strong>Stai cercando un <a href=\"http:\/\/www.hotelbologna.pisa.it\/index.php\">Hotel a Pisa <\/a>? L&#8217; Hotel Bologna \u00e8 l&#8217;ideale per qualsiasi tipo di soggiorno.<\/strong><\/h2>\n<\/div>\n<p>L&#8217;<strong>Hotel Bologna a Pisa<\/strong> \u00e8 posto in una <strong>posizione strategica<\/strong>, nel centro della citt\u00e0 e a <strong>pochi minuti<\/strong> a piedi dalle <strong>principali attrazioni turistiche<\/strong>. <strong>Piazza dei Miracoli<\/strong> con la Torre Pendente \u00e8 a soli 12 minuti dall&#8217;Hotel Bologna a Pisa. Il <strong>Palazzo Blu<\/strong>, dove annualmente vengono ospitate mostre dei pi\u00f9 famosi pittori come<strong>Monet, Picasso, Kandinsky e Andy Warhol<\/strong> \u00e8 a soli 2 minuti a piedi.<\/p>\n<p><a href=\"http:\/\/www.hotelbologna.pisa.it\/salameeting.php\" target=\"_blank\"><strong>Hotel a Pisa per soggiorni di lavoro.<\/strong><\/a><br \/>\nAll&#8217;<strong>Hotel Bologna a Pisa<\/strong> troverai tutti i principali<strong> comfort<\/strong> per trascorrere al meglio il tuo soggiorno di lavoro. La nostra struttura mette a disposizione:<strong> sala riunioni per Meeting<\/strong> e <strong>Conferenze<\/strong>, un <strong>parcheggio<\/strong> riservato e custodito, diversi spazi dove potersi<strong> rilassare<\/strong> e proseguire con il vostro lavoro e <strong>punti di connessione internet<\/strong>. Inoltre l&#8217;Hotel \u00e8 a pochi metri dalle vie del centro di Pisa.<\/p>\n<p><strong>Hotel a Pisa per soggiorni turistici.<\/strong><br \/>\nL&#8217;<strong>Hotel Bologna a Pisa<\/strong> organizza, su richiesta, escursioni per conoscere tutte le bellezze che si trovano in Citt\u00e0 e fuori Citt\u00e0. Per esempio si organizzano gite alle <strong>Cave di Marmo di Carrara<\/strong> e al paesino di<strong>Colonnata<\/strong>, alla scoperta del pregiato<strong> Lardo IGP<\/strong>, o alle <strong>Cinque terre<\/strong>, piccolo tratto di costa ligure suggestivo ed affascinante.<br \/>\nPer chi desidera scoprire la citt\u00e0 proponiamo il <strong>Noleggio Bici<\/strong> e il <strong>Noleggio di Scooter<\/strong>.<\/p>\n<p>Apprensivi, frenetici, distratti; rilassati, ordinati, calcolatori: qualunque idea abbiate di un soggiorno turistico o di lavoro, qualunque sia la vostra personalit\u00e0, l\u2019<strong>atmosfera qui \u00e8 sempre la migliore<\/strong>.<\/p>\n<p><strong>Se cerchi un <a href=\"http:\/\/www.hotelbologna.pisa.it\/index.php\">Hotel a Pisa<\/a> scegli il migliore.<br \/>\n<a href=\"http:\/\/www.hotelbologna.pisa.it\/filmato.php\" target=\"_blank\">Guarda tutti i video di presentazione<\/a> del&#8217;Hotel Bologna.<\/strong><\/p>\n","protected":false},"excerpt":{"rendered":"<p>Hotel a Pisa Stai cercando un Hotel a Pisa ? L&#8217; Hotel Bologna \u00e8 l&#8217;ideale per qualsiasi tipo di soggiorno. L&#8217;Hotel Bologna a Pisa \u00e8 posto in una posizione strategica, nel centro della citt\u00e0 e a pochi minuti a piedi dalle principali attrazioni turistiche. Piazza dei Miracoli con la Torre Pendente \u00e8 a soli 12&#8230; <\/p>\n<div class=\"clear\"><\/div>\n<p><a href=\"https:\/\/hotelbologna.pisa.it\/en\/hotel-a-pisa.html\" class=\"excerpt-read-more\">Continue Reading<i class=\"fa fa-long-arrow-right icon-long-arrow-right\"><\/i><\/a><\/p>\n","protected":false},"author":1,"featured_media":0,"parent":0,"menu_order":0,"comment_status":"closed","ping_status":"closed","template":"","meta":[],"_links":{"self":[{"href":"https:\/\/hotelbologna.pisa.it\/en\/wp-json\/wp\/v2\/pages\/4218"}],"collection":[{"href":"https:\/\/hotelbologna.pisa.it\/en\/wp-json\/wp\/v2\/pages"}],"about":[{"href":"https:\/\/hotelbologna.pisa.it\/en\/wp-json\/wp\/v2\/types\/page"}],"author":[{"embeddable":true,"href":"https:\/\/hotelbologna.pisa.it\/en\/wp-json\/wp\/v2\/users\/1"}],"replies":[{"embeddable":true,"href":"https:\/\/hotelbologna.pisa.it\/en\/wp-json\/wp\/v2\/comments?post=4218"}],"version-history":[{"count":3,"href":"https:\/\/hotelbologna.pisa.it\/en\/wp-json\/wp\/v2\/pages\/4218\/revisions"}],"predecessor-version":[{"id":4294,"href":"https:\/\/hotelbologna.pisa.it\/en\/wp-json\/wp\/v2\/pages\/4218\/revisions\/4294"}],"wp:attachment":[{"href":"https:\/\/hotelbologna.pisa.it\/en\/wp-json\/wp\/v2\/media?parent=4218"}],"curies":[{"name":"wp","href":"https:\/\/api.w.org\/{rel}","templated":true}]}}