{"id":4079,"date":"2016-04-08T17:17:13","date_gmt":"2016-04-08T15:17:13","guid":{"rendered":"http:\/\/www.proclic-test.it\/hotel\/?page_id=4079"},"modified":"2016-05-11T09:20:15","modified_gmt":"2016-05-11T07:20:15","slug":"hotel","status":"publish","type":"page","link":"https:\/\/hotelbologna.pisa.it\/es\/hotel.html","title":{"rendered":"UBICACI\u00d3N"},"content":{"rendered":"<p>[vc_row][vc_column][vc_column_text]<\/p>\n<div id=\"titolo-descrizione\">\n<div id=\"descrizione\">\n<iframe loading=\"lazy\" src=\"https:\/\/www.google.it\/maps?layer=c&amp;sll=43.714194,10.398925&amp;cid=3275583757075749045&amp;panoid=sBdDQjmS9VoAAAGu0hMxwQ&amp;cbp=13,99.61,,0,0&amp;q=hotel+bologna+pisa+maps&amp;ie=UTF8&amp;hq=&amp;hnear=&amp;t=m&amp;cbll=43.71429,10.398897&amp;source=embed&amp;ll=43.712925,10.398903&amp;spn=0.004808,0.016093&amp;z=16&amp;output=svembed\" width=\"100%\" height=\"300\" frameborder=\"0\" marginwidth=\"0\" marginheight=\"0\" scrolling=\"no\"><\/iframe> <\/p>\n<p>El Hotel Bologna se sit\u00faa en el centro hist\u00f3rico de Pisa. En un edificio elegante, que se distingue por el t\u00edpico estilo arquitect\u00f3nico de la tradici\u00f3n toscana, se encuentra uno de los complejos hoteleros m\u00e1s prestigiosos de la ciudad.<\/p>\n<p>La calle a la que da el Hotel, c\u00e9ntrica y al mismo tiempo recogida, est\u00e1 a 500 m. de la estaci\u00f3n de trenes. Se puede llegar f\u00e1cilmente a pie a la Catedral, al Corso y a las principales atracciones tur\u00edsticas de la ciudad, mientras que la salida de la autopista A12 PISA CENTRO y la carretera principal Florencia-Pisa-Livorno s\u00f3lo distan 3 km.<\/p>\n<p>Para los clientes que se desplazan en veh\u00edculo propio, el Hotel pone su disposici\u00f3n, en el patio interno, un aparcamiento vigilado. Los clientes disfrutar\u00e1n de un permiso especial de tr\u00e1fico para acceder a la zona de tr\u00e1fico limitado. La validez de dicho permiso abarcar\u00e1 toda la estancia.<\/p>\n<\/div>\n<\/div>\n<table border=\"0\" width=\"600\">\n<tbody>\n<tr>\n<td align=\"center\"><img loading=\"lazy\" width=\"193\" height=\"193\" class=\"aligncenter size-full wp-image-4566\" style=\"width: 50px; opacity: 1;\" src=\"http:\/\/www.hotelbologna.pisa.it\/wp-content\/uploads\/2016\/04\/train-station.png\" sizes=\"(max-width: 193px) 100vw, 193px\" srcset=\"https:\/\/hotelbologna.pisa.it\/wp-content\/uploads\/2016\/04\/train-station.png 193w, https:\/\/hotelbologna.pisa.it\/wp-content\/uploads\/2016\/04\/train-station-150x150.png 150w\" alt=\"train-station\" \/><\/td>\n<td align=\"center\">Estati\u00f3n<\/td>\n<td align=\"center\">5 Minutos<\/td>\n<td align=\"center\"><img style=\"width: 40px; opacity: 1;\" src=\"http:\/\/www.hotelbologna.pisa.it\/wp-content\/uploads\/2016\/04\/caminando.png\" \/><\/td>\n<\/tr>\n<tr>\n<td align=\"center\"><img loading=\"lazy\" width=\"193\" height=\"193\" class=\"aligncenter size-full wp-image-4621\" style=\"width: 50px; opacity: 1;\" src=\"http:\/\/www.hotelbologna.pisa.it\/wp-content\/uploads\/2016\/04\/purse.png\" sizes=\"(max-width: 193px) 100vw, 193px\" srcset=\"https:\/\/hotelbologna.pisa.it\/wp-content\/uploads\/2016\/04\/purse.png 193w, https:\/\/hotelbologna.pisa.it\/wp-content\/uploads\/2016\/04\/purse-150x150.png 150w\" alt=\"purse\" \/><\/td>\n<td align=\"center\">Corso Italia<\/td>\n<td align=\"center\">1 Minuto<\/td>\n<td align=\"center\"><img style=\"width: 40px; opacity: 1;\" src=\"http:\/\/www.hotelbologna.pisa.it\/wp-content\/uploads\/2016\/04\/caminando.png\" \/><\/td>\n<\/tr>\n<tr>\n<td align=\"center\"><img loading=\"lazy\" width=\"193\" height=\"193\" class=\"aligncenter size-full wp-image-4559\" style=\"width: 50px; opacity: 1;\" src=\"http:\/\/www.hotelbologna.pisa.it\/wp-content\/uploads\/2016\/04\/chiesa.png\" sizes=\"(max-width: 193px) 100vw, 193px\" srcset=\"https:\/\/hotelbologna.pisa.it\/wp-content\/uploads\/2016\/04\/chiesa.png 193w, https:\/\/hotelbologna.pisa.it\/wp-content\/uploads\/2016\/04\/chiesa-150x150.png 150w\" alt=\"chiesa\" \/><\/td>\n<td align=\"center\">Chiesa della Spina<\/td>\n<td align=\"center\">2 Minutos<\/td>\n<td align=\"center\"><img style=\"width: 40px; opacity: 1;\" src=\"http:\/\/www.hotelbologna.pisa.it\/wp-content\/uploads\/2016\/04\/caminando.png\" \/><\/td>\n<\/tr>\n<tr>\n<td align=\"center\"><img loading=\"lazy\" width=\"193\" height=\"193\" class=\"aligncenter size-full wp-image-4560\" style=\"width: 50px; opacity: 1;\" src=\"http:\/\/www.hotelbologna.pisa.it\/wp-content\/uploads\/2016\/04\/torre-di-pisa.png\" sizes=\"(max-width: 193px) 100vw, 193px\" srcset=\"https:\/\/hotelbologna.pisa.it\/wp-content\/uploads\/2016\/04\/torre-di-pisa.png 193w, https:\/\/hotelbologna.pisa.it\/wp-content\/uploads\/2016\/04\/torre-di-pisa-150x150.png 150w\" alt=\"torre-di-pisa\" \/><\/td>\n<td align=\"center\">Torre de Pisa<\/td>\n<td align=\"center\">12 Minutos<\/td>\n<td align=\"center\"><img style=\"width: 40px; opacity: 1;\" src=\"http:\/\/www.hotelbologna.pisa.it\/wp-content\/uploads\/2016\/04\/caminando.png\" \/><\/td>\n<\/tr>\n<tr>\n<td align=\"center\"><img loading=\"lazy\" width=\"193\" height=\"193\" class=\"aligncenter size-full wp-image-4561\" style=\"width: 50px; opacity: 1;\" src=\"http:\/\/www.hotelbologna.pisa.it\/wp-content\/uploads\/2016\/04\/aeroporto.png\" sizes=\"(max-width: 193px) 100vw, 193px\" srcset=\"https:\/\/hotelbologna.pisa.it\/wp-content\/uploads\/2016\/04\/aeroporto.png 193w, https:\/\/hotelbologna.pisa.it\/wp-content\/uploads\/2016\/04\/aeroporto-150x150.png 150w\" alt=\"aeroporto\" \/><\/td>\n<td align=\"center\">Aeropuerto<\/td>\n<td align=\"center\">5 Minutos<\/td>\n<td align=\"center\"><img style=\"width: 40px; opacity: 1;\" src=\"http:\/\/www.hotelbologna.pisa.it\/wp-content\/uploads\/2016\/04\/machina.png\" alt=\"Macchina\" \/><\/td>\n<\/tr>\n<\/tbody>\n<\/table>\n<p>[\/vc_column_text][\/vc_column][\/vc_row]<\/p>","protected":false},"excerpt":{"rendered":"<p>[vc_row][vc_column][vc_column_text] El Hotel Bologna se sit\u00faa en el centro hist\u00f3rico de Pisa. En un edificio elegante, que se distingue por el t\u00edpico estilo arquitect\u00f3nico de la tradici\u00f3n toscana, se encuentra uno de los complejos hoteleros m\u00e1s prestigiosos de la ciudad. La calle a la que da el Hotel, c\u00e9ntrica y al mismo tiempo recogida, est\u00e1&#8230; <\/p>\n<div class=\"clear\"><\/div>\n<p><a href=\"https:\/\/hotelbologna.pisa.it\/es\/hotel.html\" class=\"excerpt-read-more\">Continue Reading<i class=\"fa fa-long-arrow-right icon-long-arrow-right\"><\/i><\/a><\/p>\n","protected":false},"author":1,"featured_media":0,"parent":0,"menu_order":0,"comment_status":"closed","ping_status":"closed","template":"","meta":[],"_links":{"self":[{"href":"https:\/\/hotelbologna.pisa.it\/es\/wp-json\/wp\/v2\/pages\/4079"}],"collection":[{"href":"https:\/\/hotelbologna.pisa.it\/es\/wp-json\/wp\/v2\/pages"}],"about":[{"href":"https:\/\/hotelbologna.pisa.it\/es\/wp-json\/wp\/v2\/types\/page"}],"author":[{"embeddable":true,"href":"https:\/\/hotelbologna.pisa.it\/es\/wp-json\/wp\/v2\/users\/1"}],"replies":[{"embeddable":true,"href":"https:\/\/hotelbologna.pisa.it\/es\/wp-json\/wp\/v2\/comments?post=4079"}],"version-history":[{"count":11,"href":"https:\/\/hotelbologna.pisa.it\/es\/wp-json\/wp\/v2\/pages\/4079\/revisions"}],"predecessor-version":[{"id":4743,"href":"https:\/\/hotelbologna.pisa.it\/es\/wp-json\/wp\/v2\/pages\/4079\/revisions\/4743"}],"wp:attachment":[{"href":"https:\/\/hotelbologna.pisa.it\/es\/wp-json\/wp\/v2\/media?parent=4079"}],"curies":[{"name":"wp","href":"https:\/\/api.w.org\/{rel}","templated":true}]}}