{"id":4086,"date":"2016-04-08T17:26:14","date_gmt":"2016-04-08T15:26:14","guid":{"rendered":"http:\/\/www.proclic-test.it\/hotel\/?page_id=4086"},"modified":"2016-05-09T16:30:18","modified_gmt":"2016-05-09T14:30:18","slug":"atmosfera","status":"publish","type":"page","link":"https:\/\/hotelbologna.pisa.it\/es\/atmosfera.html","title":{"rendered":"AMBIENTE"},"content":{"rendered":"<p><\/p>\n<div id=\"descrizione\">\n<div id=\"titolo-descrizione\">\n<div id=\"titolo-descrizione\"><strong>AMBIENTE<\/strong><\/div>\n<p><img loading=\"lazy\" class=\"alignleft\" src=\"http:\/\/www.hotelbologna.pisa.it\/img\/lato-atmosfera.png\" width=\"169\" height=\"200\" \/>El interior del Hotel Bologna recibe al hu\u00e9sped con una <strong>elegancia moderada<\/strong>. No es dif\u00edcil descubrir en un rinc\u00f3n un elemento sorprendente o una soluci\u00f3n que le hace esbozar una sonrisa complacida. La <strong>tonalidad<\/strong> de la pintura est\u00e1 <strong>difuminada<\/strong>, y la iluminaci\u00f3n le da un toque m\u00e1s <strong>\u00edntimo<\/strong>. Se<strong> cuidan los detalles en todo momento<\/strong>, y se privilegia la atenci\u00f3n al cliente.<\/p>\n<p>Aprensivos, fren\u00e9ticos, distra\u00eddos, relajados, ordenados, calculadores: cualquiera que sea la idea que tiene de una estancia tur\u00edstica o laboral, e independientemente de su personalidad, le <strong>ofrecemos siempre el ambiente m\u00e1s acogedor<\/strong>.\n<\/div>\n<\/div>\n<p><\/p>","protected":false},"excerpt":{"rendered":"<p>AMBIENTE El interior del Hotel Bologna recibe al hu\u00e9sped con una elegancia moderada. No es dif\u00edcil descubrir en un rinc\u00f3n un elemento sorprendente o una soluci\u00f3n que le hace esbozar una sonrisa complacida. La tonalidad de la pintura est\u00e1 difuminada, y la iluminaci\u00f3n le da un toque m\u00e1s \u00edntimo. Se cuidan los detalles en todo&#8230; <\/p>\n<div class=\"clear\"><\/div>\n<p><a href=\"https:\/\/hotelbologna.pisa.it\/es\/atmosfera.html\" class=\"excerpt-read-more\">Continue Reading<i class=\"fa fa-long-arrow-right icon-long-arrow-right\"><\/i><\/a><\/p>\n","protected":false},"author":1,"featured_media":0,"parent":0,"menu_order":0,"comment_status":"closed","ping_status":"closed","template":"","meta":[],"_links":{"self":[{"href":"https:\/\/hotelbologna.pisa.it\/es\/wp-json\/wp\/v2\/pages\/4086"}],"collection":[{"href":"https:\/\/hotelbologna.pisa.it\/es\/wp-json\/wp\/v2\/pages"}],"about":[{"href":"https:\/\/hotelbologna.pisa.it\/es\/wp-json\/wp\/v2\/types\/page"}],"author":[{"embeddable":true,"href":"https:\/\/hotelbologna.pisa.it\/es\/wp-json\/wp\/v2\/users\/1"}],"replies":[{"embeddable":true,"href":"https:\/\/hotelbologna.pisa.it\/es\/wp-json\/wp\/v2\/comments?post=4086"}],"version-history":[{"count":3,"href":"https:\/\/hotelbologna.pisa.it\/es\/wp-json\/wp\/v2\/pages\/4086\/revisions"}],"predecessor-version":[{"id":4626,"href":"https:\/\/hotelbologna.pisa.it\/es\/wp-json\/wp\/v2\/pages\/4086\/revisions\/4626"}],"wp:attachment":[{"href":"https:\/\/hotelbologna.pisa.it\/es\/wp-json\/wp\/v2\/media?parent=4086"}],"curies":[{"name":"wp","href":"https:\/\/api.w.org\/{rel}","templated":true}]}}