{"id":4088,"date":"2016-04-08T17:26:44","date_gmt":"2016-04-08T15:26:44","guid":{"rendered":"http:\/\/www.proclic-test.it\/hotel\/?page_id=4088"},"modified":"2016-05-09T16:32:16","modified_gmt":"2016-05-09T14:32:16","slug":"qualita","status":"publish","type":"page","link":"https:\/\/hotelbologna.pisa.it\/es\/qualita.html","title":{"rendered":"CALIDAD"},"content":{"rendered":"<p><\/p>\n<div id=\"descrizione\">\n<div id=\"titolo-descrizione\">\n<div id=\"descrizione\">\n<div id=\"titolo-descrizione\"><strong>B\u00daSQUEDA CONTINUA DE LA CALIDAD<\/strong><\/div>\n<p>Desde hace m\u00e1s de 50 a\u00f1os la familia Gherardi, propietaria del Hotel, se compromete a ofrecer una<strong>hospitalidad de primera categor\u00eda<\/strong>, basada en la <strong>cortes\u00eda<\/strong> y en la adecuaci\u00f3n continua de sus servicios a las exigencias de cada \u00e9poca. Por lo tanto, estamos hablando de un Hotel en crecimiento continuo que ha decidido dar preferencia siempre y por encima de todo a la <strong>calidad<\/strong>.<\/p>\n<p>Para conseguir su prop\u00f3sito, el Hotel Bologna ha decidido examinarse todos los a\u00f1os, someti\u00e9ndose a evaluaciones rigurosas con respecto a los <a href=\"http:\/\/www.hotelbologna.pisa.it\/online\/es\/servizi.php\">servicios ofrecidos<\/a> con la finalidad de conseguir el <strong>Distintivo de Calidad<\/strong>, la <strong>certificaci\u00f3n<\/strong> que promueven las C\u00e1maras de Comercio italianas con el objetivo de realizar una selecci\u00f3n significativa que premie s\u00f3lo a las <strong>estructuras de excelencia<\/strong>.<\/p>\n<p><img loading=\"lazy\" src=\"http:\/\/www.hotelbologna.pisa.it\/img\/marchioqualita2.gif\" alt=\"Seal of Quality\" width=\"180\" height=\"40\" \/><\/p>\n<p><a href=\"http:\/\/www.hotelbologna.pisa.it\/online\/es\/marchiodiqualita.php?cam=3#\"><img loading=\"lazy\" src=\"http:\/\/www.hotelbologna.pisa.it\/img\/trip-advisor-7.png\" alt=\"Tripadivsor\" width=\"180\" height=\"30\" \/><\/a><\/p>\n<p><a href=\"http:\/\/www.hotelbologna.pisa.it\/online\/es\/marchiodiqualita.php?cam=3#\">Vea lo que piensan de nosotros<\/a><\/p>\n<\/div>\n<\/div>\n<\/div>\n<p><\/p>","protected":false},"excerpt":{"rendered":"<p>B\u00daSQUEDA CONTINUA DE LA CALIDAD Desde hace m\u00e1s de 50 a\u00f1os la familia Gherardi, propietaria del Hotel, se compromete a ofrecer unahospitalidad de primera categor\u00eda, basada en la cortes\u00eda y en la adecuaci\u00f3n continua de sus servicios a las exigencias de cada \u00e9poca. Por lo tanto, estamos hablando de un Hotel en crecimiento continuo que&#8230; <\/p>\n<div class=\"clear\"><\/div>\n<p><a href=\"https:\/\/hotelbologna.pisa.it\/es\/qualita.html\" class=\"excerpt-read-more\">Continue Reading<i class=\"fa fa-long-arrow-right icon-long-arrow-right\"><\/i><\/a><\/p>\n","protected":false},"author":1,"featured_media":0,"parent":0,"menu_order":0,"comment_status":"closed","ping_status":"closed","template":"","meta":[],"_links":{"self":[{"href":"https:\/\/hotelbologna.pisa.it\/es\/wp-json\/wp\/v2\/pages\/4088"}],"collection":[{"href":"https:\/\/hotelbologna.pisa.it\/es\/wp-json\/wp\/v2\/pages"}],"about":[{"href":"https:\/\/hotelbologna.pisa.it\/es\/wp-json\/wp\/v2\/types\/page"}],"author":[{"embeddable":true,"href":"https:\/\/hotelbologna.pisa.it\/es\/wp-json\/wp\/v2\/users\/1"}],"replies":[{"embeddable":true,"href":"https:\/\/hotelbologna.pisa.it\/es\/wp-json\/wp\/v2\/comments?post=4088"}],"version-history":[{"count":3,"href":"https:\/\/hotelbologna.pisa.it\/es\/wp-json\/wp\/v2\/pages\/4088\/revisions"}],"predecessor-version":[{"id":4627,"href":"https:\/\/hotelbologna.pisa.it\/es\/wp-json\/wp\/v2\/pages\/4088\/revisions\/4627"}],"wp:attachment":[{"href":"https:\/\/hotelbologna.pisa.it\/es\/wp-json\/wp\/v2\/media?parent=4088"}],"curies":[{"name":"wp","href":"https:\/\/api.w.org\/{rel}","templated":true}]}}