{"id":4090,"date":"2016-04-08T17:27:03","date_gmt":"2016-04-08T15:27:03","guid":{"rendered":"http:\/\/www.proclic-test.it\/hotel\/?page_id=4090"},"modified":"2016-05-09T16:34:40","modified_gmt":"2016-05-09T14:34:40","slug":"staff","status":"publish","type":"page","link":"https:\/\/hotelbologna.pisa.it\/es\/staff.html","title":{"rendered":"PERSONAL"},"content":{"rendered":"<p><\/p>\n<div id=\"descrizione\">\n<div id=\"titolo-descrizione\">\n<div id=\"titolo-descrizione\"><strong>PERSONAL<\/strong><\/div>\n<p>El Hotel cuenta con los servicios de un personal joven, capaz de colaborar activamente para que su estancia en el hotel sea un \u00e9xito. \u00c9ste es uno de los puntos fuertes en que se basa la estrategia del Hotel.<\/p>\n<p>La acogida no tarda en convertirse en asistencia, en todo momento de la estancia. El <strong>perfecto dominio de idiomas<\/strong> y la capacidad de interpretar las exigencias de cada tipo de cliente, de cualquier edad o procedencia, convierten al personal en un valor a\u00f1adido que contribuye a mejorar al prestigio del complejo.<\/p>\n<p>Adem\u00e1s, el personal del Hotel conoce la ciudad y la regi\u00f3n por lo que podr\u00e1 facilitarle <strong>indicaciones sobre itinerarios tur\u00edsticos y visitas a museos<\/strong>. Asimismo, tampoco faltar\u00e1n los consejos m\u00e1s acertados sobre<strong>la mejor oferta gastron\u00f3mica<\/strong> de la ciudad.<\/p>\n<\/div>\n<\/div>\n<p><\/p>","protected":false},"excerpt":{"rendered":"<p>PERSONAL El Hotel cuenta con los servicios de un personal joven, capaz de colaborar activamente para que su estancia en el hotel sea un \u00e9xito. \u00c9ste es uno de los puntos fuertes en que se basa la estrategia del Hotel. La acogida no tarda en convertirse en asistencia, en todo momento de la estancia. El&#8230; <\/p>\n<div class=\"clear\"><\/div>\n<p><a href=\"https:\/\/hotelbologna.pisa.it\/es\/staff.html\" class=\"excerpt-read-more\">Continue Reading<i class=\"fa fa-long-arrow-right icon-long-arrow-right\"><\/i><\/a><\/p>\n","protected":false},"author":1,"featured_media":0,"parent":0,"menu_order":0,"comment_status":"closed","ping_status":"closed","template":"","meta":[],"_links":{"self":[{"href":"https:\/\/hotelbologna.pisa.it\/es\/wp-json\/wp\/v2\/pages\/4090"}],"collection":[{"href":"https:\/\/hotelbologna.pisa.it\/es\/wp-json\/wp\/v2\/pages"}],"about":[{"href":"https:\/\/hotelbologna.pisa.it\/es\/wp-json\/wp\/v2\/types\/page"}],"author":[{"embeddable":true,"href":"https:\/\/hotelbologna.pisa.it\/es\/wp-json\/wp\/v2\/users\/1"}],"replies":[{"embeddable":true,"href":"https:\/\/hotelbologna.pisa.it\/es\/wp-json\/wp\/v2\/comments?post=4090"}],"version-history":[{"count":3,"href":"https:\/\/hotelbologna.pisa.it\/es\/wp-json\/wp\/v2\/pages\/4090\/revisions"}],"predecessor-version":[{"id":4628,"href":"https:\/\/hotelbologna.pisa.it\/es\/wp-json\/wp\/v2\/pages\/4090\/revisions\/4628"}],"wp:attachment":[{"href":"https:\/\/hotelbologna.pisa.it\/es\/wp-json\/wp\/v2\/media?parent=4090"}],"curies":[{"name":"wp","href":"https:\/\/api.w.org\/{rel}","templated":true}]}}