{"id":4096,"date":"2016-04-08T17:30:14","date_gmt":"2016-04-08T15:30:14","guid":{"rendered":"http:\/\/www.proclic-test.it\/hotel\/?page_id=4096"},"modified":"2016-05-09T16:36:51","modified_gmt":"2016-05-09T14:36:51","slug":"camere","status":"publish","type":"page","link":"https:\/\/hotelbologna.pisa.it\/es\/camere.html","title":{"rendered":"HABITACIONES"},"content":{"rendered":"<p>[vc_row][vc_column][vc_column_text]<\/p>\n<h2>HABITACIONES<\/h2>\n<p>[\/vc_column_text][vc_posts_slider count=&#8221;4&#8243; interval=&#8221;3&#8243; slides_content=&#8221;teaser&#8221; slides_title=&#8221;1&#8243; thumb_size=&#8221;full&#8221; posttypes=&#8221;room&#8221;][vc_column_text]<\/p>\n<div id=\"descrizione\">\n<div>\n<p>En el Hotel Bologna el calor de las tonalidades frescas de ocre, melocot\u00f3n y verde \u2013 que distinguen los estilos dominantes en el ambiente y la decoraci\u00f3n \u2013 le recibir\u00e1n en cada per\u00edodo del a\u00f1o del modo m\u00e1s adecuado.<\/p>\n<p>Las numerosas <strong>soluciones exclusivas<\/strong> que podr\u00e1 elegir para su estancia y un <strong>servicio de prior orden<\/strong> le sumergir\u00e1n en el coraz\u00f3n de una ciudad que a\u00fana la belleza de los entornos naturales y el encanto de una ambientaci\u00f3n todav\u00eda medieval en determinados aspectos. Se trata del encanto de los escorzos, las casas habilitadas en el interiore de torres, de una configuraci\u00f3n arquitect\u00f3nica que ha permanecido intacta a lo largo del tiempo y que podr\u00e1 observar desde las ventanas de su habitaci\u00f3n.<\/p>\n<p>En todas las habitaciones: <strong>Sat-TV en 4 idiomas, sistema de conexi\u00f3n inal\u00e1mbrica<strong>libre<\/strong>, caja fuerte, minibar, fon, climatizaci\u00f3n aut\u00f3noma, servicio de habitaci\u00f3n las 24h<\/strong>.<\/p>\n<\/div>\n<\/div>\n<p>[\/vc_column_text][vc_raw_html]JTNDc3R5bGUlM0UuaWNvbi1hbmdsZS1sZWZ0JTNBYmVmb3JlJTJDJTIwLmljb24tYW5nbGUtcmlnaHQlM0FiZWZvcmUlN0Jjb250ZW50JTNBbm9uZSUyMUltcG9ydGFudCUzQiU3RCUzQyUyRnN0eWxlJTNF[\/vc_raw_html][vc_row_inner][vc_column_inner width=&#8221;1\/4&#8243;][\/vc_column_inner][vc_column_inner width=&#8221;1\/2&#8243;][vc_column_text]<\/p>\n<div class=\"gdlr-shortcode-wrapper\"><div class=\"gdlr-gallery-item gdlr-item\" ><div class=\"gallery-column one-fifth column\"><div class=\"gallery-item\"><img src=\"https:\/\/hotelbologna.pisa.it\/wp-content\/uploads\/2016\/04\/wi-fi.png\" alt=\"\" width=\"55\" height=\"55\" \/><\/div><\/div><div class=\"gallery-column one-fifth column\"><div class=\"gallery-item\"><img src=\"https:\/\/hotelbologna.pisa.it\/wp-content\/uploads\/2016\/04\/servizi-bollitore.png\" alt=\"\" width=\"55\" height=\"55\" \/><\/div><\/div><div class=\"gallery-column one-fifth column\"><div class=\"gallery-item\"><img src=\"https:\/\/hotelbologna.pisa.it\/wp-content\/uploads\/2016\/04\/climatizzazione.png\" alt=\"\" width=\"55\" height=\"55\" \/><\/div><\/div><div class=\"gallery-column one-fifth column\"><div class=\"gallery-item\"><img src=\"https:\/\/hotelbologna.pisa.it\/wp-content\/uploads\/2016\/04\/cassaforte.png\" alt=\"\" width=\"55\" height=\"55\" \/><\/div><\/div><div class=\"gallery-column one-fifth column\"><div class=\"gallery-item\"><img src=\"https:\/\/hotelbologna.pisa.it\/wp-content\/uploads\/2016\/04\/servizi-fon.png\" alt=\"\" width=\"55\" height=\"55\" \/><\/div><\/div><div class=\"clear\"><\/div><\/div><\/div>\n<p>[\/vc_column_text][\/vc_column_inner][vc_column_inner width=&#8221;1\/4&#8243;][\/vc_column_inner][\/vc_row_inner][\/vc_column][\/vc_row]<\/p>","protected":false},"excerpt":{"rendered":"<p>[vc_row][vc_column][vc_column_text] HABITACIONES [\/vc_column_text][vc_posts_slider count=&#8221;4&#8243; interval=&#8221;3&#8243; slides_content=&#8221;teaser&#8221; slides_title=&#8221;1&#8243; thumb_size=&#8221;full&#8221; posttypes=&#8221;room&#8221;][vc_column_text] En el Hotel Bologna el calor de las tonalidades frescas de ocre, melocot\u00f3n y verde \u2013 que distinguen los estilos dominantes en el ambiente y la decoraci\u00f3n \u2013 le recibir\u00e1n en cada per\u00edodo del a\u00f1o del modo m\u00e1s adecuado. Las numerosas soluciones exclusivas que podr\u00e1 elegir&#8230; <\/p>\n<div class=\"clear\"><\/div>\n<p><a href=\"https:\/\/hotelbologna.pisa.it\/es\/camere.html\" class=\"excerpt-read-more\">Continue Reading<i class=\"fa fa-long-arrow-right icon-long-arrow-right\"><\/i><\/a><\/p>\n","protected":false},"author":1,"featured_media":0,"parent":0,"menu_order":0,"comment_status":"closed","ping_status":"closed","template":"","meta":[],"_links":{"self":[{"href":"https:\/\/hotelbologna.pisa.it\/es\/wp-json\/wp\/v2\/pages\/4096"}],"collection":[{"href":"https:\/\/hotelbologna.pisa.it\/es\/wp-json\/wp\/v2\/pages"}],"about":[{"href":"https:\/\/hotelbologna.pisa.it\/es\/wp-json\/wp\/v2\/types\/page"}],"author":[{"embeddable":true,"href":"https:\/\/hotelbologna.pisa.it\/es\/wp-json\/wp\/v2\/users\/1"}],"replies":[{"embeddable":true,"href":"https:\/\/hotelbologna.pisa.it\/es\/wp-json\/wp\/v2\/comments?post=4096"}],"version-history":[{"count":10,"href":"https:\/\/hotelbologna.pisa.it\/es\/wp-json\/wp\/v2\/pages\/4096\/revisions"}],"predecessor-version":[{"id":4707,"href":"https:\/\/hotelbologna.pisa.it\/es\/wp-json\/wp\/v2\/pages\/4096\/revisions\/4707"}],"wp:attachment":[{"href":"https:\/\/hotelbologna.pisa.it\/es\/wp-json\/wp\/v2\/media?parent=4096"}],"curies":[{"name":"wp","href":"https:\/\/api.w.org\/{rel}","templated":true}]}}