{"id":4133,"date":"2016-04-08T18:01:11","date_gmt":"2016-04-08T16:01:11","guid":{"rendered":"http:\/\/www.proclic-test.it\/hotel\/?page_id=4133"},"modified":"2024-08-14T16:44:38","modified_gmt":"2024-08-14T14:44:38","slug":"shuttle-service","status":"publish","type":"page","link":"https:\/\/hotelbologna.pisa.it\/es\/shuttle-service.html","title":{"rendered":"SERVICIO DE TRANSFER"},"content":{"rendered":"<p><\/p>\n<div id=\"descrizione\">\n<div id=\"titolo-descrizione\"><strong>SERVICIO DE TRANSFER<\/strong><\/div>\n<p><img src=\"http:\/\/www.hotelbologna.pisa.it\/img\/img-pag-servizi-shuttle.jpg\" width=\"600\" \/>Ofrecemos un <strong>Servicio Privado<\/strong> y c\u00f3modo para acompa\u00f1ar a nuestros <strong>Clientes<\/strong> dal\/a la Estaci\u00f3n y el Aeropuerto. El <strong>Servicio de Transporte<\/strong> (Hotel-Aeropuerto-Hotel y la Estaci\u00f3n) es <strong>Gratuito*<\/strong> y est\u00e1 disponible todos los d\u00edas desde las <strong>07.00<\/strong> a las <strong>20.00<\/strong>.<\/p>\n<p>Ne precisa de una reserva \u2013 es sufficiente llamarnos al <strong>+39-050-502120<\/strong> a su llegada. Llegaremos en pocos minutos.<\/p>\n<p>*El servicio est\u00e1 absolutamente gratis para todas las reservas efectuadas directamente con el hotel utilizando la nuestra <strong>p\u00e1gina web www.hotelbologna.pisa.it<\/strong>, nuestro servicio <strong>e-mail info@hotelbologna.pisa.it<\/strong> o llam\u00e1ndonos al <strong>0039-050502120<\/strong>.<br \/>\nPara todas la otras <strong>reservas efectuadas en canales diferentes<\/strong> a los sobra mencionados, el servicio es de pago.<\/p>\n<\/div>\n<div id=\"noi\"><\/div>\n<p><\/p>","protected":false},"excerpt":{"rendered":"<p>SERVICIO DE TRANSFER Ofrecemos un Servicio Privado y c\u00f3modo para acompa\u00f1ar a nuestros Clientes dal\/a la Estaci\u00f3n y el Aeropuerto. El Servicio de Transporte (Hotel-Aeropuerto-Hotel y la Estaci\u00f3n) es Gratuito* y est\u00e1 disponible todos los d\u00edas desde las 07.00 a las 20.00. Ne precisa de una reserva \u2013 es sufficiente llamarnos al +39-050-502120 a su&#8230; <\/p>\n<div class=\"clear\"><\/div>\n<p><a href=\"https:\/\/hotelbologna.pisa.it\/es\/shuttle-service.html\" class=\"excerpt-read-more\">Continue Reading<i class=\"fa fa-long-arrow-right icon-long-arrow-right\"><\/i><\/a><\/p>\n","protected":false},"author":1,"featured_media":0,"parent":0,"menu_order":0,"comment_status":"closed","ping_status":"closed","template":"","meta":[],"_links":{"self":[{"href":"https:\/\/hotelbologna.pisa.it\/es\/wp-json\/wp\/v2\/pages\/4133"}],"collection":[{"href":"https:\/\/hotelbologna.pisa.it\/es\/wp-json\/wp\/v2\/pages"}],"about":[{"href":"https:\/\/hotelbologna.pisa.it\/es\/wp-json\/wp\/v2\/types\/page"}],"author":[{"embeddable":true,"href":"https:\/\/hotelbologna.pisa.it\/es\/wp-json\/wp\/v2\/users\/1"}],"replies":[{"embeddable":true,"href":"https:\/\/hotelbologna.pisa.it\/es\/wp-json\/wp\/v2\/comments?post=4133"}],"version-history":[{"count":8,"href":"https:\/\/hotelbologna.pisa.it\/es\/wp-json\/wp\/v2\/pages\/4133\/revisions"}],"predecessor-version":[{"id":4942,"href":"https:\/\/hotelbologna.pisa.it\/es\/wp-json\/wp\/v2\/pages\/4133\/revisions\/4942"}],"wp:attachment":[{"href":"https:\/\/hotelbologna.pisa.it\/es\/wp-json\/wp\/v2\/media?parent=4133"}],"curies":[{"name":"wp","href":"https:\/\/api.w.org\/{rel}","templated":true}]}}