{"id":4142,"date":"2016-04-08T18:08:21","date_gmt":"2016-04-08T16:08:21","guid":{"rendered":"http:\/\/www.proclic-test.it\/hotel\/?page_id=4142"},"modified":"2021-08-14T16:22:49","modified_gmt":"2021-08-14T14:22:49","slug":"noleggio-bike","status":"publish","type":"page","link":"https:\/\/hotelbologna.pisa.it\/es\/noleggio-bike.html","title":{"rendered":"ALQUILER DE BICICLETAS"},"content":{"rendered":"<p><\/p>\n<div id=\"titolo-descrizione\"><strong>ALQUILER DE BICICLETAS<\/strong><\/div>\n<p>Pisa es una ciudad construida a medida del hombre. No sufre los problemas de tr\u00e1fico que afectan a otras muchas ciudades. Pisa es al mismo tiempo una <strong>ciudad rica en arte<\/strong>, en <strong>monumentos<\/strong> famosos pero tambi\u00e9n en peque\u00f1os e intensos escorzos arquitect\u00f3nicos que ir\u00e1 descubriendo e interpretando sobre la marcha.<\/p>\n<p>Information \/ Informazione: <a class=\"\" href=\"http:\/\/www.labelleequipe.it\/\">www.labelleequipe.it<\/a><\/p>","protected":false},"excerpt":{"rendered":"<p>ALQUILER DE BICICLETAS Pisa es una ciudad construida a medida del hombre. No sufre los problemas de tr\u00e1fico que afectan a otras muchas ciudades. Pisa es al mismo tiempo una ciudad rica en arte, en monumentos famosos pero tambi\u00e9n en peque\u00f1os e intensos escorzos arquitect\u00f3nicos que ir\u00e1 descubriendo e interpretando sobre la marcha. Information \/&#8230; <\/p>\n<div class=\"clear\"><\/div>\n<p><a href=\"https:\/\/hotelbologna.pisa.it\/es\/noleggio-bike.html\" class=\"excerpt-read-more\">Continue Reading<i class=\"fa fa-long-arrow-right icon-long-arrow-right\"><\/i><\/a><\/p>\n","protected":false},"author":1,"featured_media":0,"parent":0,"menu_order":0,"comment_status":"closed","ping_status":"closed","template":"","meta":[],"_links":{"self":[{"href":"https:\/\/hotelbologna.pisa.it\/es\/wp-json\/wp\/v2\/pages\/4142"}],"collection":[{"href":"https:\/\/hotelbologna.pisa.it\/es\/wp-json\/wp\/v2\/pages"}],"about":[{"href":"https:\/\/hotelbologna.pisa.it\/es\/wp-json\/wp\/v2\/types\/page"}],"author":[{"embeddable":true,"href":"https:\/\/hotelbologna.pisa.it\/es\/wp-json\/wp\/v2\/users\/1"}],"replies":[{"embeddable":true,"href":"https:\/\/hotelbologna.pisa.it\/es\/wp-json\/wp\/v2\/comments?post=4142"}],"version-history":[{"count":6,"href":"https:\/\/hotelbologna.pisa.it\/es\/wp-json\/wp\/v2\/pages\/4142\/revisions"}],"predecessor-version":[{"id":4880,"href":"https:\/\/hotelbologna.pisa.it\/es\/wp-json\/wp\/v2\/pages\/4142\/revisions\/4880"}],"wp:attachment":[{"href":"https:\/\/hotelbologna.pisa.it\/es\/wp-json\/wp\/v2\/media?parent=4142"}],"curies":[{"name":"wp","href":"https:\/\/api.w.org\/{rel}","templated":true}]}}