{"id":4144,"date":"2016-04-08T18:08:43","date_gmt":"2016-04-08T16:08:43","guid":{"rendered":"http:\/\/www.proclic-test.it\/hotel\/?page_id=4144"},"modified":"2016-05-10T12:07:42","modified_gmt":"2016-05-10T10:07:42","slug":"servizi-riservati-escursioni","status":"publish","type":"page","link":"https:\/\/hotelbologna.pisa.it\/es\/servizi-riservati-escursioni.html","title":{"rendered":"EXCURSIONES ORGANIZADAS"},"content":{"rendered":"<p><\/p>\n<div id=\"descrizione\">\n<div id=\"descrizione\">\n<div id=\"titolo-descrizione\"><strong>EXCURSIONES ORGANIZADAS<\/strong><\/div>\n<p>Si lo solicita previamente, pueden organizarse <strong>excursiones<\/strong> en autobuses tur\u00edsticos concretos y en el<strong>barco que cruza la ciudad<\/strong> surcando las aguas del r\u00edo Arno.<\/p>\n<p>Se prestar\u00e1 una atenci\u00f3n especial a <strong>lugares<\/strong> de <strong>inter\u00e9s tur\u00edstico<\/strong> destacado como: los <strong>Arsenali Medicei<\/strong>, que incluye en su interior la exposici\u00f3n de los extraordinarios <strong>restos arqueol\u00f3gicos<\/strong> de numerosos barcos romanos; la <strong>Chiesa dei Cavalieri<\/strong>, donde se encuentran los estandartes de la batalla de Lepanto; las <strong>Rovine dei Bagni di Nerone<\/strong>, importante centro termal perteneciente a la \u00e9poca romana.<\/p>\n<div>\n<p><a href=\"http:\/\/www.hotelbologna.pisa.it\/online\/es\/servizi-riservati-escursioni.php?cam=3#\">Vigilar Walking in Pisa<\/a><\/p>\n<div><a href=\"http:\/\/www.pisaunicaterra.it\/en\/\" target=\"_blank\"><img src=\"http:\/\/www.hotelbologna.pisa.it\/img\/banner-pisaunicaterra.png\" border=\"0\" \/><\/a><\/div>\n<p><a href=\"http:\/\/www.hotelbologna.pisa.it\/online\/es\/servizi-riservati-escursioni.php?cam=3#\">Vigilar Sightseeing Pisa<\/a><\/p>\n<\/div>\n<p><a href=\"http:\/\/www.hotelbologna.pisa.it\/online\/es\/servizi-riservati-escursioni.php?cam=3#\">Visita Palazzo Blu Pisa<\/a><\/p>\n<table border=\"0\" width=\"600\">\n<tbody>\n<tr>\n<td colspan=\"2\"><a href=\"http:\/\/www.hotelbologna.pisa.it\/online\/es\/servizi-riservati-escursioni.php?cam=3#\">Half day tour to Carrara marble quarries and Colonnata<\/a> (Wednesday and Sunday)<\/td>\n<\/tr>\n<tr>\n<td><\/td>\n<td><img loading=\"lazy\" src=\"http:\/\/www.hotelbologna.pisa.it\/img\/escursioni-escursioni-cave.jpg\" alt=\"Half day tour to Carrara marble quarries and Colonnata\" width=\"200\" height=\"184\" \/><\/p>\n<p>We visit a real working quarry in order to learn how the marble was and is extracted nowadays, our guide gives also us some geological information on the territory surrounded by the <strong>Alpi Apuane<\/strong>, nown worldwide for their \u201c<em>white gold<\/em>\u201d marble.<\/p>\n<p>Our discovery continues through the Tunnel of the ancient \u201c<em>Marmifera<\/em>\u201d railway by which the marble was carried from the quarry to the harbor of Marina di Carrara. This means of transport had been working for almost one century as it has been permanently stopped in 1964 to develop the road transport.<\/p>\n<p>We finish our trip in the sign of taste towards <strong>Colonnata<\/strong>, we visit a \u201c<em>Lard House<\/em>\u201d where the famous \u201c<em>Lardo di Colonnata IGP<\/em>\u201d, is produced and spend some time relaxing and tasting the lovely lard.<\/td>\n<\/tr>\n<tr>\n<td colspan=\"2\"><\/td>\n<\/tr>\n<tr>\n<td colspan=\"2\"><a href=\"http:\/\/www.hotelbologna.pisa.it\/online\/es\/servizi-riservati-escursioni.php?cam=3#\">Full day trip to Cinque Terre<\/a> (Wednesday and Saturday)<\/td>\n<\/tr>\n<tr>\n<td><\/td>\n<td><img loading=\"lazy\" src=\"http:\/\/www.hotelbologna.pisa.it\/img\/escursioni-cinqueterre.jpg\" alt=\"Full day trip to Cinque Terre\" width=\"200\" height=\"301\" \/><\/p>\n<p>First stop of our itinerary is <em><strong>Manarola<\/strong><\/em>, where, besides the fascinating village, it will be possible to visit the Museum of Sciacchetr\u00e0 (local liqueur) or the panoramic village of Volastra.<\/p>\n<p>After lunch, a bit of romanticism along \u201cLovers Path\u201d towards<em><strong>Riomaggiore<\/strong><\/em>.<\/p>\n<p>Then, train or boat, according to sea conditions, to <em><strong>Monterosso<\/strong><\/em>.<\/p>\n<p>Free time to discover the village or to lie on the central sandy beach.<\/p>\n<p>We arrive in <em><strong>Vernazza<\/strong><\/em>, by train in the late afternoon to visit one of the most beautiful and colourful villages in the world enjoying an unforgettable view.<\/p>\n<p>Train to La Spezia where the bus waits to drive us back.<\/td>\n<\/tr>\n<tr>\n<td colspan=\"2\"><\/td>\n<\/tr>\n<tr>\n<td colspan=\"2\">For further tours check following site: <a href=\"http:\/\/www.hotelbologna.pisa.it\/online\/es\/servizi-riservati-escursioni.php?cam=3#\">www.exclusivetour.it<\/a><\/td>\n<\/tr>\n<\/tbody>\n<\/table>\n<\/div>\n<div id=\"noi\"><\/div>\n<\/div>\n<p><\/p>","protected":false},"excerpt":{"rendered":"<p>EXCURSIONES ORGANIZADAS Si lo solicita previamente, pueden organizarse excursiones en autobuses tur\u00edsticos concretos y en elbarco que cruza la ciudad surcando las aguas del r\u00edo Arno. Se prestar\u00e1 una atenci\u00f3n especial a lugares de inter\u00e9s tur\u00edstico destacado como: los Arsenali Medicei, que incluye en su interior la exposici\u00f3n de los extraordinarios restos arqueol\u00f3gicos de numerosos&#8230; <\/p>\n<div class=\"clear\"><\/div>\n<p><a href=\"https:\/\/hotelbologna.pisa.it\/es\/servizi-riservati-escursioni.html\" class=\"excerpt-read-more\">Continue Reading<i class=\"fa fa-long-arrow-right icon-long-arrow-right\"><\/i><\/a><\/p>\n","protected":false},"author":1,"featured_media":0,"parent":0,"menu_order":0,"comment_status":"closed","ping_status":"closed","template":"","meta":[],"_links":{"self":[{"href":"https:\/\/hotelbologna.pisa.it\/es\/wp-json\/wp\/v2\/pages\/4144"}],"collection":[{"href":"https:\/\/hotelbologna.pisa.it\/es\/wp-json\/wp\/v2\/pages"}],"about":[{"href":"https:\/\/hotelbologna.pisa.it\/es\/wp-json\/wp\/v2\/types\/page"}],"author":[{"embeddable":true,"href":"https:\/\/hotelbologna.pisa.it\/es\/wp-json\/wp\/v2\/users\/1"}],"replies":[{"embeddable":true,"href":"https:\/\/hotelbologna.pisa.it\/es\/wp-json\/wp\/v2\/comments?post=4144"}],"version-history":[{"count":5,"href":"https:\/\/hotelbologna.pisa.it\/es\/wp-json\/wp\/v2\/pages\/4144\/revisions"}],"predecessor-version":[{"id":4729,"href":"https:\/\/hotelbologna.pisa.it\/es\/wp-json\/wp\/v2\/pages\/4144\/revisions\/4729"}],"wp:attachment":[{"href":"https:\/\/hotelbologna.pisa.it\/es\/wp-json\/wp\/v2\/media?parent=4144"}],"curies":[{"name":"wp","href":"https:\/\/api.w.org\/{rel}","templated":true}]}}