{"id":4163,"date":"2016-04-08T18:18:07","date_gmt":"2016-04-08T16:18:07","guid":{"rendered":"http:\/\/www.proclic-test.it\/hotel\/?page_id=4163"},"modified":"2016-05-05T11:26:59","modified_gmt":"2016-05-05T09:26:59","slug":"food-and-beverage-ristoranti","status":"publish","type":"page","link":"https:\/\/hotelbologna.pisa.it\/es\/food-and-beverage-ristoranti.html","title":{"rendered":"FOOD AND BEVERAGE &#8211; RESTAURANTES"},"content":{"rendered":"<p>A Pisa se come bien\u2026 <strong>Cerca del Hotel<\/strong>, andando, encontrar\u00e1 muchos y buenos restaurantes con <strong>comida t\u00edpica toscana<\/strong>.<\/p>\n<p>Hemos elaborado una breve lista: para m\u00e1s informaci\u00f3n, nuestro personal le aconsejar\u00e1 el mejor restaurante seg\u00fan sus preferencias.<\/p>\n<p>Restaurantes recomendados:<\/p>\n<p>&nbsp;<\/p>\n<p>&#8211; 50 metros <a><strong>Repubbliche Marinare<\/strong><\/a><\/p>\n<p><a><img src=\"http:\/\/www.hotelbologna.pisa.it\/img\/repubbliche-marinare.jpg\" alt=\"\" \/><\/a><\/p>\n<p>&#8211; <a><strong>Osteria San Paolo<\/strong><\/a><\/p>\n<p><a><img src=\"http:\/\/www.hotelbologna.pisa.it\/img\/osteria-san-paolo.jpg\" alt=\"\" \/><\/a><\/p>\n<p>&#8211; a 450 metri <a><strong>La Sosta dei Cavalieri<\/strong><\/a><\/p>\n<p><a><img src=\"http:\/\/www.hotelbologna.pisa.it\/img\/sosta-cavalieri.jpg\" alt=\"\" \/><\/a><\/p>\n<p>&#8211; a 500 metri <a><strong>Osteria dei Cavalieri<\/strong><\/a><\/p>\n<p><a><img src=\"http:\/\/www.hotelbologna.pisa.it\/img\/osteria-cavalieri.jpg\" alt=\"\" \/><\/a><\/p>","protected":false},"excerpt":{"rendered":"<p>A Pisa se come bien\u2026 Cerca del Hotel, andando, encontrar\u00e1 muchos y buenos restaurantes con comida t\u00edpica toscana. Hemos elaborado una breve lista: para m\u00e1s informaci\u00f3n, nuestro personal le aconsejar\u00e1 el mejor restaurante seg\u00fan sus preferencias. Restaurantes recomendados: &nbsp; &#8211; 50 metros Repubbliche Marinare &#8211; Osteria San Paolo &#8211; a 450 metri La Sosta dei&#8230; <\/p>\n<div class=\"clear\"><\/div>\n<p><a href=\"https:\/\/hotelbologna.pisa.it\/es\/food-and-beverage-ristoranti.html\" class=\"excerpt-read-more\">Continue Reading<i class=\"fa fa-long-arrow-right icon-long-arrow-right\"><\/i><\/a><\/p>\n","protected":false},"author":1,"featured_media":0,"parent":0,"menu_order":0,"comment_status":"closed","ping_status":"closed","template":"","meta":[],"_links":{"self":[{"href":"https:\/\/hotelbologna.pisa.it\/es\/wp-json\/wp\/v2\/pages\/4163"}],"collection":[{"href":"https:\/\/hotelbologna.pisa.it\/es\/wp-json\/wp\/v2\/pages"}],"about":[{"href":"https:\/\/hotelbologna.pisa.it\/es\/wp-json\/wp\/v2\/types\/page"}],"author":[{"embeddable":true,"href":"https:\/\/hotelbologna.pisa.it\/es\/wp-json\/wp\/v2\/users\/1"}],"replies":[{"embeddable":true,"href":"https:\/\/hotelbologna.pisa.it\/es\/wp-json\/wp\/v2\/comments?post=4163"}],"version-history":[{"count":10,"href":"https:\/\/hotelbologna.pisa.it\/es\/wp-json\/wp\/v2\/pages\/4163\/revisions"}],"predecessor-version":[{"id":4682,"href":"https:\/\/hotelbologna.pisa.it\/es\/wp-json\/wp\/v2\/pages\/4163\/revisions\/4682"}],"wp:attachment":[{"href":"https:\/\/hotelbologna.pisa.it\/es\/wp-json\/wp\/v2\/media?parent=4163"}],"curies":[{"name":"wp","href":"https:\/\/api.w.org\/{rel}","templated":true}]}}