{"id":4170,"date":"2016-04-11T09:40:40","date_gmt":"2016-04-11T07:40:40","guid":{"rendered":"http:\/\/www.proclic-test.it\/hotel\/?page_id=4170"},"modified":"2023-09-04T10:10:26","modified_gmt":"2023-09-04T08:10:26","slug":"servizi","status":"publish","type":"page","link":"https:\/\/hotelbologna.pisa.it\/es\/servizi.html","title":{"rendered":"SERVICIOS"},"content":{"rendered":"<p>[vc_row][vc_column][vc_column_text]<\/p>\n<div id=\"descrizione\">\n<table border=\"0\" width=\"560\">\n<tbody>\n<tr>\n<td width=\"250\"><strong>EN TODAS LAS HABITACIONES<\/strong><\/td>\n<td width=\"300\"><strong>A DISPOSICI\u00d3N DE LOS HU\u00c9SPEDES<\/strong><\/td>\n<\/tr>\n<tr>\n<td>\n<ul>\n<li>SAT-TV en 4 idiomas<\/li>\n<\/ul>\n<\/td>\n<td><\/td>\n<\/tr>\n<tr>\n<td>\n<ul>\n<li>sistema de conexi\u00f3n inal\u00e1mbrica <strong>libre<\/strong><\/li>\n<\/ul>\n<\/td>\n<td>\n<ul>\n<li>aparcamiento interno vigilado\u00a0(\u20ac 15,00)<\/li>\n<\/ul>\n<\/td>\n<\/tr>\n<tr>\n<td>\n<ul>\n<li>caja fuerte<\/li>\n<\/ul>\n<\/td>\n<td>\n<ul>\n<li>desayuno continental adem\u00e1s de huevos,\u00a0embutidos y quesos<\/li>\n<\/ul>\n<\/td>\n<\/tr>\n<tr>\n<td>\n<ul>\n<li>minibar, el agua <strong>libre<\/strong><\/li>\n<\/ul>\n<\/td>\n<td>\n<ul>\n<li>servicio de lavander\u00eda<\/li>\n<\/ul>\n<\/td>\n<\/tr>\n<tr>\n<td>\n<ul>\n<li>climatizaci\u00f3n aut\u00f3noma<\/li>\n<\/ul>\n<\/td>\n<td>\n<ul>\n<li>2 conexi\u00f3n a Internet en la entrada<\/li>\n<\/ul>\n<\/td>\n<\/tr>\n<tr>\n<td>\n<ul>\n<li>hervidor<\/li>\n<\/ul>\n<\/td>\n<td>\n<ul>\n<li>bar<\/li>\n<\/ul>\n<\/td>\n<\/tr>\n<tr>\n<td>\n<ul>\n<li>servicio de habitaci\u00f3n las 24he<\/li>\n<\/ul>\n<\/td>\n<td>\n<ul>\n<li>sala de lectura<\/li>\n<\/ul>\n<\/td>\n<\/tr>\n<tr>\n<td><\/td>\n<td><\/td>\n<\/tr>\n<tr>\n<td>\n<div class=\"gdlr-shortcode-wrapper\"><div class=\"gdlr-gallery-item gdlr-item\" ><div class=\"gallery-column four columns\"><div class=\"gallery-item\"><img src=\"https:\/\/hotelbologna.pisa.it\/wp-content\/uploads\/2016\/04\/wi-fi.png\" alt=\"\" width=\"55\" height=\"55\" \/><\/div><\/div><div class=\"gallery-column four columns\"><div class=\"gallery-item\"><img src=\"https:\/\/hotelbologna.pisa.it\/wp-content\/uploads\/2016\/04\/cassaforte.png\" alt=\"\" width=\"55\" height=\"55\" \/><\/div><\/div><div class=\"gallery-column four columns\"><div class=\"gallery-item\"><img src=\"https:\/\/hotelbologna.pisa.it\/wp-content\/uploads\/2016\/04\/climatizzazione.png\" alt=\"\" width=\"55\" height=\"55\" \/><\/div><\/div><div class=\"clear\"><\/div><div class=\"gallery-column four columns\"><div class=\"gallery-item\"><img src=\"https:\/\/hotelbologna.pisa.it\/wp-content\/uploads\/2016\/04\/servizi-bollitore.png\" alt=\"\" width=\"55\" height=\"55\" \/><\/div><\/div><div class=\"gallery-column four columns\"><div class=\"gallery-item\"><img src=\"https:\/\/hotelbologna.pisa.it\/wp-content\/uploads\/2016\/04\/servizi-fon.png\" alt=\"\" width=\"55\" height=\"55\" \/><\/div><\/div><div class=\"clear\"><\/div><\/div><\/div>\n<\/td>\n<td>\n<div class=\"gdlr-shortcode-wrapper\"><div class=\"gdlr-gallery-item gdlr-item\" ><div class=\"gallery-column four columns\"><div class=\"gallery-item\"><img src=\"https:\/\/hotelbologna.pisa.it\/wp-content\/uploads\/2016\/04\/servizi-free-shuttle.png\" alt=\"\" width=\"55\" height=\"55\" \/><\/div><\/div><div class=\"gallery-column four columns\"><div class=\"gallery-item\"><img src=\"https:\/\/hotelbologna.pisa.it\/wp-content\/uploads\/2016\/04\/servizi-colazione.png\" alt=\"\" width=\"55\" height=\"55\" \/><\/div><\/div><div class=\"gallery-column four columns\"><div class=\"gallery-item\"><img src=\"https:\/\/hotelbologna.pisa.it\/wp-content\/uploads\/2016\/04\/wi-fi-1.png\" alt=\"\" width=\"55\" height=\"55\" \/><\/div><\/div><div class=\"clear\"><\/div><div class=\"gallery-column four columns\"><div class=\"gallery-item\"><img src=\"https:\/\/hotelbologna.pisa.it\/wp-content\/uploads\/2016\/04\/servizi-cocktail.png\" alt=\"\" width=\"55\" height=\"55\" \/><\/div><\/div><div class=\"gallery-column four columns\"><div class=\"gallery-item\"><img src=\"https:\/\/hotelbologna.pisa.it\/wp-content\/uploads\/2016\/04\/servizi-parcheggio-custodito.png\" alt=\"\" width=\"55\" height=\"55\" \/><\/div><\/div><div class=\"clear\"><\/div><\/div><\/div>\n<\/td>\n<\/tr>\n<\/tbody>\n<\/table>\n<div id=\"titolo-descrizione\">\n<div id=\"titolo-descrizione\"><strong>SUPPLEMENTARY SERVICES<\/strong><\/div>\n<\/div>\n<p>Del mismo modo, el Hotel Bologna pone a su disposici\u00f3n una serie de <strong>servicios suplementarios<\/strong>gracias a los cuales sus vacaciones y estancias ser\u00e1n todav\u00eda m\u00e1s c\u00f3modas e interesantes si cabe.<\/p>\n<ul>\n<li><a href=\"https:\/\/hotelbologna.pisa.it\/shuttle-service\/\">Shuttle<\/a><\/li>\n<li><a href=\"https:\/\/hotelbologna.pisa.it\/escursioni\/\">Alquilar de bicicletas<\/a><\/li>\n<\/ul>\n<\/div>\n<div id=\"noi\"><\/div>\n<p>[\/vc_column_text][vc_raw_html]JTNDc3R5bGUlM0V0YWJsZSUyMHRyJTIwdGQlMjAlN0IlMEElMjAlMjAlMjAlMjBwYWRkaW5nJTNBJTIwMTVweCUyMDEwcHglMjAwcHglMjAyMHB4JTNCJTBBJTIwJTIwJTIwJTIwYm9yZGVyLWJvdHRvbS13aWR0aCUzQSUyMDBweCUzQiUwQSUyMCUyMCUyMCUyMGJvcmRlci1ib3R0b20tc3R5bGUlM0ElMjBzb2xpZCUzQiUwQSU3RHRkJTNBbnRoLWNoaWxkJTI4MiUyOSU3QmJvcmRlci1sZWZ0JTNBJTIwJTIwLjVweCUyMHNvbGlkJTIwJTIzRDZDNUI3JTNCJTdEJTIwdGFibGUlMjAlN0IlMEElMjAlMjAlMjAlMjB3aWR0aCUzQSUyMDEwMCUyNSUzQiUwQSUyMCUyMCUyMCUyMHRleHQtYWxpZ24lM0ElMjBsZWZ0JTNCJTIwJTIwJTBBJTdEdGQlM0V1bCUzRWxpJTIwJTdCJTBBJTIwJTIwJTIwJTIwbGlzdC1zdHlsZS1pbWFnZSUzQSUyMHVybCUyOCUyN2h0dHAlM0ElMkYlMkZ3d3cucHJvY2xpYy10ZXN0Lml0JTJGaG90ZWwlMkZ3cC1jb250ZW50JTJGdXBsb2FkcyUyRjIwMTYlMkYwNCUyRnRpY2stMS5wbmclMjclMjklM0IlMEElN0QlM0MlMkZzdHlsZSUzRQ==[\/vc_raw_html][\/vc_column][\/vc_row]<\/p>","protected":false},"excerpt":{"rendered":"<p>[vc_row][vc_column][vc_column_text] EN TODAS LAS HABITACIONES A DISPOSICI\u00d3N DE LOS HU\u00c9SPEDES SAT-TV en 4 idiomas sistema de conexi\u00f3n inal\u00e1mbrica libre aparcamiento interno vigilado\u00a0(\u20ac 15,00) caja fuerte desayuno continental adem\u00e1s de huevos,\u00a0embutidos y quesos minibar, el agua libre servicio de lavander\u00eda climatizaci\u00f3n aut\u00f3noma 2 conexi\u00f3n a Internet en la entrada hervidor bar servicio de habitaci\u00f3n las 24he&#8230; <\/p>\n<div class=\"clear\"><\/div>\n<p><a href=\"https:\/\/hotelbologna.pisa.it\/es\/servizi.html\" class=\"excerpt-read-more\">Continue Reading<i class=\"fa fa-long-arrow-right icon-long-arrow-right\"><\/i><\/a><\/p>\n","protected":false},"author":1,"featured_media":0,"parent":0,"menu_order":0,"comment_status":"closed","ping_status":"closed","template":"","meta":[],"_links":{"self":[{"href":"https:\/\/hotelbologna.pisa.it\/es\/wp-json\/wp\/v2\/pages\/4170"}],"collection":[{"href":"https:\/\/hotelbologna.pisa.it\/es\/wp-json\/wp\/v2\/pages"}],"about":[{"href":"https:\/\/hotelbologna.pisa.it\/es\/wp-json\/wp\/v2\/types\/page"}],"author":[{"embeddable":true,"href":"https:\/\/hotelbologna.pisa.it\/es\/wp-json\/wp\/v2\/users\/1"}],"replies":[{"embeddable":true,"href":"https:\/\/hotelbologna.pisa.it\/es\/wp-json\/wp\/v2\/comments?post=4170"}],"version-history":[{"count":9,"href":"https:\/\/hotelbologna.pisa.it\/es\/wp-json\/wp\/v2\/pages\/4170\/revisions"}],"predecessor-version":[{"id":4901,"href":"https:\/\/hotelbologna.pisa.it\/es\/wp-json\/wp\/v2\/pages\/4170\/revisions\/4901"}],"wp:attachment":[{"href":"https:\/\/hotelbologna.pisa.it\/es\/wp-json\/wp\/v2\/media?parent=4170"}],"curies":[{"name":"wp","href":"https:\/\/api.w.org\/{rel}","templated":true}]}}