{"id":4177,"date":"2016-04-11T09:52:57","date_gmt":"2016-04-11T07:52:57","guid":{"rendered":"http:\/\/www.proclic-test.it\/hotel\/?page_id=4177"},"modified":"2016-05-27T15:25:34","modified_gmt":"2016-05-27T13:25:34","slug":"sala-meeting-platea","status":"publish","type":"page","link":"https:\/\/hotelbologna.pisa.it\/es\/sala-meeting-platea.html","title":{"rendered":"Sala de Reuniones &#8211; PLATEA"},"content":{"rendered":"<p><\/p>\n<div id=\"descrizione\">\n<p>El <strong>hotel<\/strong> ofrece una <strong>sala de reuniones<\/strong> totalmente equipada para conferencias, cursos de formaci\u00f3n, reuniones de negocios y reuniones de negocios.Decoradas en total acuerdo con el resto del edificio, la sala ofrece la posibilidad de 36 asientos, proyector, conexi\u00f3n de red, micr\u00f3fono, sistema de sonido excelente y rotafolio.<\/p>\n<p>Tambi\u00e9n puede solicitar la asistencia de personal de apoyo, elegante y multiling\u00fce, para hacer perfecta la organizaci\u00f3n de su reuni\u00f3n.<\/p>\n<p>Sin embargo, siempre es un servicio de bar a disposici\u00f3n de los participantes, con la puesta en escena de la pausa para el caf\u00e9 en el Hotel con cuidado.<\/p>\n<ul>\n<li>Beamer<\/li>\n<li>micr\u00f3fono<\/li>\n<li>sistema de sonido<\/li>\n<li>Voltear de hojas sueltas<\/li>\n<li>acceso a Internet<\/li>\n<li>\u00e1rea acondicionado<\/li>\n<\/ul>\n<\/div>\n<p><\/p>","protected":false},"excerpt":{"rendered":"<p>El hotel ofrece una sala de reuniones totalmente equipada para conferencias, cursos de formaci\u00f3n, reuniones de negocios y reuniones de negocios.Decoradas en total acuerdo con el resto del edificio, la sala ofrece la posibilidad de 36 asientos, proyector, conexi\u00f3n de red, micr\u00f3fono, sistema de sonido excelente y rotafolio. Tambi\u00e9n puede solicitar la asistencia de personal&#8230; <\/p>\n<div class=\"clear\"><\/div>\n<p><a href=\"https:\/\/hotelbologna.pisa.it\/es\/sala-meeting-platea.html\" class=\"excerpt-read-more\">Continue Reading<i class=\"fa fa-long-arrow-right icon-long-arrow-right\"><\/i><\/a><\/p>\n","protected":false},"author":1,"featured_media":0,"parent":0,"menu_order":0,"comment_status":"closed","ping_status":"closed","template":"","meta":[],"_links":{"self":[{"href":"https:\/\/hotelbologna.pisa.it\/es\/wp-json\/wp\/v2\/pages\/4177"}],"collection":[{"href":"https:\/\/hotelbologna.pisa.it\/es\/wp-json\/wp\/v2\/pages"}],"about":[{"href":"https:\/\/hotelbologna.pisa.it\/es\/wp-json\/wp\/v2\/types\/page"}],"author":[{"embeddable":true,"href":"https:\/\/hotelbologna.pisa.it\/es\/wp-json\/wp\/v2\/users\/1"}],"replies":[{"embeddable":true,"href":"https:\/\/hotelbologna.pisa.it\/es\/wp-json\/wp\/v2\/comments?post=4177"}],"version-history":[{"count":8,"href":"https:\/\/hotelbologna.pisa.it\/es\/wp-json\/wp\/v2\/pages\/4177\/revisions"}],"predecessor-version":[{"id":4810,"href":"https:\/\/hotelbologna.pisa.it\/es\/wp-json\/wp\/v2\/pages\/4177\/revisions\/4810"}],"wp:attachment":[{"href":"https:\/\/hotelbologna.pisa.it\/es\/wp-json\/wp\/v2\/media?parent=4177"}],"curies":[{"name":"wp","href":"https:\/\/api.w.org\/{rel}","templated":true}]}}