{"id":4194,"date":"2016-04-11T10:47:35","date_gmt":"2016-04-11T08:47:35","guid":{"rendered":"http:\/\/www.proclic-test.it\/hotel\/?page_id=4194"},"modified":"2016-04-18T10:21:06","modified_gmt":"2016-04-18T08:21:06","slug":"toscana","status":"publish","type":"page","link":"https:\/\/hotelbologna.pisa.it\/es\/toscana.html","title":{"rendered":"TOSCANA"},"content":{"rendered":"<div id=\"descrizione\">\n<p>\u00c8 possibile richiedere il servizio di accompagnamento <strong>shuttle service <\/strong>indicando qualsiasi localit\u00e0, in Toscana e altrove. Per i clienti non in possesso di una vettura sar\u00e0 cos\u00ec possibile spostarsi agevolmente, programmando piacevoli itinerari.<\/p>\n<p class=\"testo\">Queste le distanze dell\u2019Hotel dalle principali citt\u00e0 della Toscana:<\/p>\n<table border=\"0\" width=\"300\">\n<tbody>\n<tr>\n<td><strong>Firenze<\/strong><\/td>\n<td align=\"center\">90 Km<\/td>\n<\/tr>\n<tr>\n<td><strong>Lucca<\/strong><\/td>\n<td align=\"center\">18 Km<\/td>\n<\/tr>\n<tr>\n<td><strong>Livorno<\/strong><\/td>\n<td align=\"center\">25 Km<\/td>\n<\/tr>\n<tr>\n<td><strong>Siena<\/strong><\/td>\n<td align=\"center\">120 Km<\/td>\n<\/tr>\n<tr>\n<td><strong>Volterra<\/strong><\/td>\n<td align=\"center\">95 km<\/td>\n<\/tr>\n<tr>\n<td><strong>Viareggio<\/strong><\/td>\n<td align=\"center\">25 Km<\/td>\n<\/tr>\n<tr>\n<td><strong>Torre del Lago Puccini<\/strong><\/td>\n<td align=\"center\">20 Km<\/td>\n<\/tr>\n<tr>\n<td><strong>Forte dei Marmi<\/strong><\/td>\n<td align=\"center\">30 Km<\/td>\n<\/tr>\n<tr>\n<td><strong>Arezzo<\/strong><\/td>\n<td align=\"center\">160 Km<\/td>\n<\/tr>\n<tr>\n<td><strong>Grosseto<\/strong><\/td>\n<td align=\"center\">155 Km<\/td>\n<\/tr>\n<tr>\n<td><strong>Le Cinque Terre<\/strong><\/td>\n<td align=\"center\">90 Km<\/td>\n<\/tr>\n<\/tbody>\n<\/table>\n<\/div>\n<div id=\"noi\"><\/div>\n","protected":false},"excerpt":{"rendered":"<p>\u00c8 possibile richiedere il servizio di accompagnamento shuttle service indicando qualsiasi localit\u00e0, in Toscana e altrove. Per i clienti non in possesso di una vettura sar\u00e0 cos\u00ec possibile spostarsi agevolmente, programmando piacevoli itinerari. Queste le distanze dell\u2019Hotel dalle principali citt\u00e0 della Toscana: Firenze 90 Km Lucca 18 Km Livorno 25 Km Siena 120 Km Volterra&#8230; <\/p>\n<div class=\"clear\"><\/div>\n<p><a href=\"https:\/\/hotelbologna.pisa.it\/es\/toscana.html\" class=\"excerpt-read-more\">Continue Reading<i class=\"fa fa-long-arrow-right icon-long-arrow-right\"><\/i><\/a><\/p>\n","protected":false},"author":1,"featured_media":0,"parent":0,"menu_order":0,"comment_status":"closed","ping_status":"closed","template":"","meta":[],"_links":{"self":[{"href":"https:\/\/hotelbologna.pisa.it\/es\/wp-json\/wp\/v2\/pages\/4194"}],"collection":[{"href":"https:\/\/hotelbologna.pisa.it\/es\/wp-json\/wp\/v2\/pages"}],"about":[{"href":"https:\/\/hotelbologna.pisa.it\/es\/wp-json\/wp\/v2\/types\/page"}],"author":[{"embeddable":true,"href":"https:\/\/hotelbologna.pisa.it\/es\/wp-json\/wp\/v2\/users\/1"}],"replies":[{"embeddable":true,"href":"https:\/\/hotelbologna.pisa.it\/es\/wp-json\/wp\/v2\/comments?post=4194"}],"version-history":[{"count":2,"href":"https:\/\/hotelbologna.pisa.it\/es\/wp-json\/wp\/v2\/pages\/4194\/revisions"}],"predecessor-version":[{"id":4433,"href":"https:\/\/hotelbologna.pisa.it\/es\/wp-json\/wp\/v2\/pages\/4194\/revisions\/4433"}],"wp:attachment":[{"href":"https:\/\/hotelbologna.pisa.it\/es\/wp-json\/wp\/v2\/media?parent=4194"}],"curies":[{"name":"wp","href":"https:\/\/api.w.org\/{rel}","templated":true}]}}