{"id":4221,"date":"2016-04-11T15:07:19","date_gmt":"2016-04-11T13:07:19","guid":{"rendered":"http:\/\/www.proclic-test.it\/hotel\/?page_id=4221"},"modified":"2016-04-13T17:09:25","modified_gmt":"2016-04-13T15:09:25","slug":"hotel-pisa","status":"publish","type":"page","link":"https:\/\/hotelbologna.pisa.it\/es\/hotel-a-pisa\/hotel-pisa.html","title":{"rendered":"Hotel Pisa"},"content":{"rendered":"<div id=\"titolo-descrizione\">\n<h1><strong>Hotel Pisa<\/strong><\/h1>\n<h2>Dove trovare un <a href=\"http:\/\/www.hotelbologna.pisa.it\/index.php\"><strong>Hotel a Pisa<\/strong><\/a> in una posizione strategica e con i comfort di un hotel 4 stelle?<\/h2>\n<\/div>\n<p>L&#8217;<strong>Hotel Bologna a Pisa<\/strong> \u00e8 una struttura alberghiera rinomata ed elegante, a due passi dalle maggiori attrazioni turistiche della citt\u00e0 e a pochi chilometri da stazione e aeroporto.<\/p>\n<p>L&#8217;<strong>Hotel Bologna<\/strong> \u00e8 il luogo perfetto per chi cerca:<\/p>\n<p><strong>Hotel a Pisa per un soggiorno turistico<\/strong>:<br \/>\n<strong>Piazza dei Miracoli<\/strong> con la Torre Pendente \u00e8 a soli 12 minuti dall&#8217;Hotel Bologna a Pisa. Il <strong>Palazzo Blu<\/strong>, dove annualmente vengono ospitate mostre dei pi\u00f9 famosi artisti come <strong>Picasso, Modigliani<\/strong>. A portata di mano sono anche<strong> Piazza dei Cavalieri<\/strong>, il <strong>Giardino Scotto<\/strong>, Il Murales di Keith Haring e molti altri monumenti storici e chiese da visitare.<\/p>\n<p><strong>Hotel a Pisa per un soggiorno di lavoro<\/strong>:<br \/>\nAll&#8217;interno della struttura troverete: <strong>sala riunioni per Meeting e Conferenze<\/strong>, un <strong>parcheggio<\/strong> riservato e custodito, diversi spazi dove potrete rilassarvi e proseguire con il vostro lavoro e punti di connessione internet. Inoltre l&#8217;Hotel \u00e8 <strong>a pochi metri dalle vie del centro di Pisa<\/strong>.<\/p>\n<p><strong>Hotel a Pisa per un soggiorno di coppia<\/strong>:<br \/>\nL&#8217;<strong>Hotel Bologna a Pisa<\/strong> si trova a pochi metri dalle <strong>vie dello shopping<\/strong> e dalle vie della <strong>movida pisana<\/strong>. Di sera i <strong>Lungarni si animano con i propri locali<\/strong> e la lunga passeggiata chiusa al traffico.<\/p>\n<p>Inoltre il nostro staff giovane e preparato \u00e8 in grado di guidarvi lungo<strong> itinerari turistici e museali<\/strong> o alle<strong>migliori offerte gastronomiche della citt\u00e0<\/strong>.<\/p>\n<p><strong><a href=\"http:\/\/www.hotelbologna.pisa.it\/filmato.php\" target=\"_blank\">Scopri tutti i nostri servizi<\/a> e scegli l&#8217;<a href=\"http:\/\/www.hotelbologna.pisa.it\/index.php\">Hotel a Pisa<\/a> perfetto per ogni tipo di vacanza: l&#8217;Hotel Bologna.<\/strong><\/p>\n<p><a href=\"http:\/\/www.hotelbologna.pisa.it\/prenotazioni.php\">PRENOTA ORA: LE MIGLIORI TARIFFE PER LA TUA VACANZA 4 STELLE A PISA LE TROVI ALL&#8217;HOTEL BOLOGNA.<\/a><\/p>\n","protected":false},"excerpt":{"rendered":"<p>Hotel Pisa Dove trovare un Hotel a Pisa in una posizione strategica e con i comfort di un hotel 4 stelle? L&#8217;Hotel Bologna a Pisa \u00e8 una struttura alberghiera rinomata ed elegante, a due passi dalle maggiori attrazioni turistiche della citt\u00e0 e a pochi chilometri da stazione e aeroporto. L&#8217;Hotel Bologna \u00e8 il luogo perfetto&#8230; <\/p>\n<div class=\"clear\"><\/div>\n<p><a href=\"https:\/\/hotelbologna.pisa.it\/es\/hotel-a-pisa\/hotel-pisa.html\" class=\"excerpt-read-more\">Continue Reading<i class=\"fa fa-long-arrow-right icon-long-arrow-right\"><\/i><\/a><\/p>\n","protected":false},"author":1,"featured_media":0,"parent":4218,"menu_order":0,"comment_status":"closed","ping_status":"closed","template":"","meta":[],"_links":{"self":[{"href":"https:\/\/hotelbologna.pisa.it\/es\/wp-json\/wp\/v2\/pages\/4221"}],"collection":[{"href":"https:\/\/hotelbologna.pisa.it\/es\/wp-json\/wp\/v2\/pages"}],"about":[{"href":"https:\/\/hotelbologna.pisa.it\/es\/wp-json\/wp\/v2\/types\/page"}],"author":[{"embeddable":true,"href":"https:\/\/hotelbologna.pisa.it\/es\/wp-json\/wp\/v2\/users\/1"}],"replies":[{"embeddable":true,"href":"https:\/\/hotelbologna.pisa.it\/es\/wp-json\/wp\/v2\/comments?post=4221"}],"version-history":[{"count":3,"href":"https:\/\/hotelbologna.pisa.it\/es\/wp-json\/wp\/v2\/pages\/4221\/revisions"}],"predecessor-version":[{"id":4293,"href":"https:\/\/hotelbologna.pisa.it\/es\/wp-json\/wp\/v2\/pages\/4221\/revisions\/4293"}],"up":[{"embeddable":true,"href":"https:\/\/hotelbologna.pisa.it\/es\/wp-json\/wp\/v2\/pages\/4218"}],"wp:attachment":[{"href":"https:\/\/hotelbologna.pisa.it\/es\/wp-json\/wp\/v2\/media?parent=4221"}],"curies":[{"name":"wp","href":"https:\/\/api.w.org\/{rel}","templated":true}]}}