{"id":4274,"date":"2016-04-13T16:58:52","date_gmt":"2016-04-13T14:58:52","guid":{"rendered":"http:\/\/www.proclic-test.it\/hotel\/?page_id=4274"},"modified":"2016-04-13T17:08:33","modified_gmt":"2016-04-13T15:08:33","slug":"hotel-aeroporto-pisa","status":"publish","type":"page","link":"https:\/\/hotelbologna.pisa.it\/es\/hotel_pisa\/hotel-aeroporto-pisa.html","title":{"rendered":"Hotel aeroporto Pisa"},"content":{"rendered":"<p class=\"qtranxs-available-languages-message qtranxs-available-languages-message-es\">Disculpa, pero esta entrada est\u00e1 disponible s\u00f3lo en <a href=\"https:\/\/hotelbologna.pisa.it\/it\/wp-json\/wp\/v2\/pages\/4274\" class=\"qtranxs-available-language-link qtranxs-available-language-link-it\" title=\"Italiano\">Italiano<\/a>. For the sake of viewer convenience, the content is shown below in the alternative language. You may click the link to switch the active language.<\/p><p><\/p>\n<div id=\"titolo-descrizione\">\n<h1><strong>Hotel Albergo Pisa aeroporto: l\u2019eleganza unica dell\u2019Hotel Bologna.<\/strong><\/h1>\n<\/div>\n<p>Cercate un <strong>albergo vicino all\u2019aeroporto di Pisa<\/strong>? Ora l\u2019avete trovato: l\u2019Hotel Bologna, i cui servizi rendono indimenticabile anche un breve viaggio d\u2019affari.<\/p>\n<p>Se arrivate in aereo, cosa c\u2019\u00e8 di pi\u00f9 comodo di alloggiare in un <strong>Hotel a Pisa vicino l\u2019aeroporto<\/strong>?<\/p>\n<p>L\u2019Hotel Bologna, tra i suoi numerosi servizi, mette a disposizione gli shuttle. Il servizio di accompagnamento all\u2019aeroporto \u00e8 a disposizione della clientela 24 ore su 24, con supplemento per servizi effettuati durante le ore notturne. Il servizio viene effettuato su vetture di assoluto prestigio.<\/p>\n<p>Grazie a questo servizio, potrete raggiungere l\u2019hotel in piena comodit\u00e0, visitare una delle pi\u00f9 belle citt\u00e0 d\u2019arte italiane, soggiornare nel centro storico e vivere la vostra vacanza in piena rilassatezza.<\/p>\n<p>A pochi chilometri di distanza, l\u2019Albergo e l\u2019aeroporto di Pisa, sono messi in comunicazione dal <strong>servizio Shuttle Service dell\u2019Hotel Bologna<\/strong>: vetture di assoluto prestigio sono a disposizione della clientela 24 ore su 24.<\/p>\n<p>Per i clienti non in possesso di una vettura sar\u00e0 cos\u00ec possibile spostarsi agevolmente dall\u2019Albergo all\u2019aeroporto di Pisa o programmando piacevoli itinerari culturali, naturalistici ed eno-gastronomici in citt\u00e0 e in tutta la Toscana!<\/p>\n<p>Tra i numerosi servizi, troverete camere spaziose, la sala meeting, il parcheggio custodito, la connessione wireless, l\u2019ampia terrazza. Ed infine, avrete la possibilit\u00e0 di godere di escursioni organizzate dal nostro staff multilingue, di noleggiare bici o richiedere un servizio shuttle con eleganti vetture.<\/p>\n<p>Tutto questo \u00e8 l\u2019Hotel Bologna, e molto di pi\u00f9: il vostro <strong>hotel vicino l\u2019aeroporto di Pisa<\/strong> vi regaler\u00e0 un soggiorno indimenticabile, forte della sua lunga carriera di successi.<\/p>\n<p>Visitate il sito dell\u2019<a title=\"hotel pisa\" href=\"http:\/\/www.hotelbologna.pisa.it\/default.php\">Hotel Bologna<\/a> e scoprite dove siamo e gli numerosi servizi a vostra disposizione che hanno fatto guadagnare il Marchio di Qualit\u00e0, tra cui la comodit\u00e0 dell\u2019Albergo a Pisa poco distante dall\u2019aeroporto.<\/p>","protected":false},"excerpt":{"rendered":"<p>Disculpa, pero esta entrada est\u00e1 disponible s\u00f3lo en Italiano. For the sake of viewer convenience, the content is shown below in the alternative language. You may click the link to switch the active language. Hotel Albergo Pisa aeroporto: l\u2019eleganza unica dell\u2019Hotel Bologna. Cercate un albergo vicino all\u2019aeroporto di Pisa? Ora l\u2019avete trovato: l\u2019Hotel Bologna, i&#8230; <\/p>\n<div class=\"clear\"><\/div>\n<p><a href=\"https:\/\/hotelbologna.pisa.it\/es\/hotel_pisa\/hotel-aeroporto-pisa.html\" class=\"excerpt-read-more\">Continue Reading<i class=\"fa fa-long-arrow-right icon-long-arrow-right\"><\/i><\/a><\/p>\n","protected":false},"author":1,"featured_media":0,"parent":4225,"menu_order":0,"comment_status":"closed","ping_status":"closed","template":"","meta":[],"_links":{"self":[{"href":"https:\/\/hotelbologna.pisa.it\/es\/wp-json\/wp\/v2\/pages\/4274"}],"collection":[{"href":"https:\/\/hotelbologna.pisa.it\/es\/wp-json\/wp\/v2\/pages"}],"about":[{"href":"https:\/\/hotelbologna.pisa.it\/es\/wp-json\/wp\/v2\/types\/page"}],"author":[{"embeddable":true,"href":"https:\/\/hotelbologna.pisa.it\/es\/wp-json\/wp\/v2\/users\/1"}],"replies":[{"embeddable":true,"href":"https:\/\/hotelbologna.pisa.it\/es\/wp-json\/wp\/v2\/comments?post=4274"}],"version-history":[{"count":2,"href":"https:\/\/hotelbologna.pisa.it\/es\/wp-json\/wp\/v2\/pages\/4274\/revisions"}],"predecessor-version":[{"id":4288,"href":"https:\/\/hotelbologna.pisa.it\/es\/wp-json\/wp\/v2\/pages\/4274\/revisions\/4288"}],"up":[{"embeddable":true,"href":"https:\/\/hotelbologna.pisa.it\/es\/wp-json\/wp\/v2\/pages\/4225"}],"wp:attachment":[{"href":"https:\/\/hotelbologna.pisa.it\/es\/wp-json\/wp\/v2\/media?parent=4274"}],"curies":[{"name":"wp","href":"https:\/\/api.w.org\/{rel}","templated":true}]}}