{"id":4309,"date":"2016-04-13T17:18:17","date_gmt":"2016-04-13T15:18:17","guid":{"rendered":"http:\/\/www.proclic-test.it\/hotel\/?page_id=4309"},"modified":"2016-04-13T17:18:17","modified_gmt":"2016-04-13T15:18:17","slug":"albergo-vicino-aeroporto-pisa","status":"publish","type":"page","link":"https:\/\/hotelbologna.pisa.it\/es\/hotel_pisa\/albergo-vicino-aeroporto-pisa.html","title":{"rendered":"Albergo Vicino Aeroporto Pisa"},"content":{"rendered":"<p class=\"qtranxs-available-languages-message qtranxs-available-languages-message-es\">Disculpa, pero esta entrada est\u00e1 disponible s\u00f3lo en <a href=\"https:\/\/hotelbologna.pisa.it\/it\/wp-json\/wp\/v2\/pages\/4309\" class=\"qtranxs-available-language-link qtranxs-available-language-link-it\" title=\"Italiano\">Italiano<\/a>. For the sake of viewer convenience, the content is shown below in the alternative language. You may click the link to switch the active language.<\/p><p><\/p>\n<div id=\"descrizione\">\n<div id=\"titolo-descrizione\">\n<h1><strong>Albergo vicino all&#8217;aeroporto di Pisa: l\u2019eleganza unica dell\u2019Hotel Bologna.<\/strong><\/h1>\n<\/div>\n<p>Cercate un <a href=\"http:\/\/www.hotelbologna.pisa.it\/default.php\"><strong>Albergo vicino all\u2019Aeroporto di Pisa<\/strong><\/a>? Ora l\u2019avete trovato: l\u2019Hotel Bologna, i cui servizi rendono indimenticabile anche un breve viaggio d\u2019affari.<\/p>\n<p>Se arrivate in aereo, cosa c\u2019\u00e8 di pi\u00f9 comodo di alloggiare in un <strong>Albergo a Pisa vicino l\u2019aeroporto<\/strong>?<\/p>\n<p>L\u2019<strong>Hotel Bologna<\/strong>, tra i suoi numerosi servizi, mette a disposizione lo <strong>Shuttle Service<\/strong> su vetture di assoluto prestigio. <strong>Il servizio di accompagnamento all\u2019aeroporto<\/strong> \u00e8 a disposizione della clientela 24 ore su 24, con supplemento per servizi effettuati durante le ore notturne.<br \/>\nGrazie a questo servizio potrete: raggiungere l\u2019hotel in piena comodit\u00e0, visitare una delle pi\u00f9 belle citt\u00e0 d\u2019arte italiane, soggiornare nel centro storico e vivere la vostra vacanza in piena rilassatezza.<\/p>\n<p>Tra i nostri numerosi servizi troverete inoltre: camere spaziose, sala meeting, parcheggio custodito, connessione wireless, un&#8217;ampia terrazza. Ed infine avrete la possibilit\u00e0 di godere di escursioni organizzate dal nostro staff multilingue, di noleggiare bici o richiedere un servizio shuttle con eleganti vetture.<\/p>\n<p>Tutto questo, e molto di pi\u00f9, \u00e8 l\u2019<strong>Hotel Bologna<\/strong>: il vostro <strong>Albergo vicino all\u2019aeroporto di Pisa<\/strong> vi regaler\u00e0 un soggiorno indimenticabile, forte della sua lunga carriera di successi.<\/p>\n<p>Visitate il sito dell\u2019<a title=\"hotel pisa\" href=\"http:\/\/www.hotelbologna.pisa.it\/default.php\"><strong>Hotel Bologna<\/strong><\/a> e scoprite dove siamo e i numerosi servizi a vostra disposizione che hanno fatto guadagnare il <strong>Marchio di Qualit\u00e0<\/strong>.<\/p>\n<\/div>\n<div id=\"noi\"><\/div>\n<p><\/p>","protected":false},"excerpt":{"rendered":"<p>Disculpa, pero esta entrada est\u00e1 disponible s\u00f3lo en Italiano. For the sake of viewer convenience, the content is shown below in the alternative language. You may click the link to switch the active language. Albergo vicino all&#8217;aeroporto di Pisa: l\u2019eleganza unica dell\u2019Hotel Bologna. Cercate un Albergo vicino all\u2019Aeroporto di Pisa? Ora l\u2019avete trovato: l\u2019Hotel Bologna,&#8230; <\/p>\n<div class=\"clear\"><\/div>\n<p><a href=\"https:\/\/hotelbologna.pisa.it\/es\/hotel_pisa\/albergo-vicino-aeroporto-pisa.html\" class=\"excerpt-read-more\">Continue Reading<i class=\"fa fa-long-arrow-right icon-long-arrow-right\"><\/i><\/a><\/p>\n","protected":false},"author":1,"featured_media":0,"parent":4225,"menu_order":0,"comment_status":"closed","ping_status":"closed","template":"","meta":[],"_links":{"self":[{"href":"https:\/\/hotelbologna.pisa.it\/es\/wp-json\/wp\/v2\/pages\/4309"}],"collection":[{"href":"https:\/\/hotelbologna.pisa.it\/es\/wp-json\/wp\/v2\/pages"}],"about":[{"href":"https:\/\/hotelbologna.pisa.it\/es\/wp-json\/wp\/v2\/types\/page"}],"author":[{"embeddable":true,"href":"https:\/\/hotelbologna.pisa.it\/es\/wp-json\/wp\/v2\/users\/1"}],"replies":[{"embeddable":true,"href":"https:\/\/hotelbologna.pisa.it\/es\/wp-json\/wp\/v2\/comments?post=4309"}],"version-history":[{"count":1,"href":"https:\/\/hotelbologna.pisa.it\/es\/wp-json\/wp\/v2\/pages\/4309\/revisions"}],"predecessor-version":[{"id":4310,"href":"https:\/\/hotelbologna.pisa.it\/es\/wp-json\/wp\/v2\/pages\/4309\/revisions\/4310"}],"up":[{"embeddable":true,"href":"https:\/\/hotelbologna.pisa.it\/es\/wp-json\/wp\/v2\/pages\/4225"}],"wp:attachment":[{"href":"https:\/\/hotelbologna.pisa.it\/es\/wp-json\/wp\/v2\/media?parent=4309"}],"curies":[{"name":"wp","href":"https:\/\/api.w.org\/{rel}","templated":true}]}}