{"id":4318,"date":"2016-04-13T17:26:37","date_gmt":"2016-04-13T15:26:37","guid":{"rendered":"http:\/\/www.proclic-test.it\/hotel\/?page_id=4318"},"modified":"2016-05-10T11:12:06","modified_gmt":"2016-05-10T09:12:06","slug":"albergo-stazione-pisa","status":"publish","type":"page","link":"https:\/\/hotelbologna.pisa.it\/es\/hotel_pisa\/albergo-stazione-pisa.html","title":{"rendered":"Albergo Stazione Pisa"},"content":{"rendered":"<p class=\"qtranxs-available-languages-message qtranxs-available-languages-message-es\">Disculpa, pero esta entrada est\u00e1 disponible s\u00f3lo en <a href=\"https:\/\/hotelbologna.pisa.it\/it\/wp-json\/wp\/v2\/pages\/4318\" class=\"qtranxs-available-language-link qtranxs-available-language-link-it\" title=\"Italiano\">Italiano<\/a>. For the sake of viewer convenience, the content is shown below in the alternative language. You may click the link to switch the active language.<\/p><p><\/p>\n<div id=\"titolo-descrizione\">\n<h1><strong>Cerchi un Albergo alla Stazione di Pisa?<\/strong><\/h1>\n<\/div>\n<p><strong>Allora prenota all&#8217;Hotel Bologna il tuo soggiorno!<\/strong><\/p>\n<p>Grazie a questo <a href=\"http:\/\/www.hotelbologna.pisa.it\/hotel.php\" target=\"_blank\"><strong>Albergo alla Stazione di Pisa<\/strong><\/a> puoi raggiungerla in soli <strong>5 minuti a piedi<\/strong>. Non dovrai chiamare taxi o dipendere dagli autobus per arrivare al tuo treno, e nello stesso tempo potrai goderti un soggiorno nel pieno <strong>Centro Storico della Citt\u00e0<\/strong>.<\/p>\n<p>Infatti l&#8217;<strong>Hotel Bologna<\/strong> \u00e8 alla <strong>stazione di Pisa<\/strong>, ma nello stesso tempo \u00e8 immerso nel <strong>cuore della citt\u00e0<\/strong>, ad un passo dal<strong> Lungarno<\/strong>, dalla <strong>Chiesa della Spina<\/strong>, da <strong>Piazza dei Miracoli<\/strong> e da tutti i punti di interesse che Pisa pu\u00f2 offrire.<\/p>\n<p>All&#8217;<strong>Hotel Bologna<\/strong> potrai godere di un elevato <strong>numero di servizi e comfort<\/strong>: colazione ricca, servizio in camera 24 ore su 24, frigo bar, bottigliette d&#8217;acqua gratuite, cassaforte, bollitore, condizionatore autonomo, lavanderia, internet point, bar, sala lettura, ampia terrazza e sala conferenze.<\/p>\n<p>Potrai inoltre usufruire del servizio shuttle, del noleggio di biciclette e scooter, e di un servizio itinerari ed escursioni, per raggiungere le aree pi\u00f9 nascoste e di Pisa e fare in modo che la citt\u00e0 non abbia pi\u00f9 segreti per te.<\/p>\n<p>Prenota ora questo <a href=\"http:\/\/www.hotelbologna.pisa.it\/prenotazioni.php\" target=\"_blank\"><strong>Albergo alla Stazione di Pisa<\/strong><\/a> e guarda sul sito che cos&#8217;altro pu\u00f2 dedicare ai propri clienti, un esempio su tutti: l&#8217;iniziativa<strong> <a href=\"http:\/\/www.hotelbologna.pisa.it\/food-and-beverage-taste-tuscany.php?cam=3\" target=\"_blank\">Taste Tuscany<\/a><\/strong> , degustazione gratuita serale di <strong>prodotti tipici toscani.<\/strong><\/p>\n<p> <\/p>","protected":false},"excerpt":{"rendered":"<p>Disculpa, pero esta entrada est\u00e1 disponible s\u00f3lo en Italiano. For the sake of viewer convenience, the content is shown below in the alternative language. You may click the link to switch the active language. Cerchi un Albergo alla Stazione di Pisa? Allora prenota all&#8217;Hotel Bologna il tuo soggiorno! Grazie a questo Albergo alla Stazione di&#8230; <\/p>\n<div class=\"clear\"><\/div>\n<p><a href=\"https:\/\/hotelbologna.pisa.it\/es\/hotel_pisa\/albergo-stazione-pisa.html\" class=\"excerpt-read-more\">Continue Reading<i class=\"fa fa-long-arrow-right icon-long-arrow-right\"><\/i><\/a><\/p>\n","protected":false},"author":1,"featured_media":0,"parent":4225,"menu_order":0,"comment_status":"closed","ping_status":"closed","template":"","meta":[],"_links":{"self":[{"href":"https:\/\/hotelbologna.pisa.it\/es\/wp-json\/wp\/v2\/pages\/4318"}],"collection":[{"href":"https:\/\/hotelbologna.pisa.it\/es\/wp-json\/wp\/v2\/pages"}],"about":[{"href":"https:\/\/hotelbologna.pisa.it\/es\/wp-json\/wp\/v2\/types\/page"}],"author":[{"embeddable":true,"href":"https:\/\/hotelbologna.pisa.it\/es\/wp-json\/wp\/v2\/users\/1"}],"replies":[{"embeddable":true,"href":"https:\/\/hotelbologna.pisa.it\/es\/wp-json\/wp\/v2\/comments?post=4318"}],"version-history":[{"count":3,"href":"https:\/\/hotelbologna.pisa.it\/es\/wp-json\/wp\/v2\/pages\/4318\/revisions"}],"predecessor-version":[{"id":4725,"href":"https:\/\/hotelbologna.pisa.it\/es\/wp-json\/wp\/v2\/pages\/4318\/revisions\/4725"}],"up":[{"embeddable":true,"href":"https:\/\/hotelbologna.pisa.it\/es\/wp-json\/wp\/v2\/pages\/4225"}],"wp:attachment":[{"href":"https:\/\/hotelbologna.pisa.it\/es\/wp-json\/wp\/v2\/media?parent=4318"}],"curies":[{"name":"wp","href":"https:\/\/api.w.org\/{rel}","templated":true}]}}