{"id":4079,"date":"2016-04-08T17:17:13","date_gmt":"2016-04-08T15:17:13","guid":{"rendered":"http:\/\/www.proclic-test.it\/hotel\/?page_id=4079"},"modified":"2016-05-11T09:20:15","modified_gmt":"2016-05-11T07:20:15","slug":"hotel","status":"publish","type":"page","link":"https:\/\/hotelbologna.pisa.it\/fr\/hotel.html","title":{"rendered":"LA POSITION DE L\u2019H\u00d4TEL"},"content":{"rendered":"<p>[vc_row][vc_column][vc_column_text]<\/p>\n<div id=\"titolo-descrizione\">\n<div id=\"descrizione\">\n<iframe loading=\"lazy\" src=\"https:\/\/www.google.it\/maps?layer=c&amp;sll=43.714194,10.398925&amp;cid=3275583757075749045&amp;panoid=sBdDQjmS9VoAAAGu0hMxwQ&amp;cbp=13,99.61,,0,0&amp;q=hotel+bologna+pisa+maps&amp;ie=UTF8&amp;hq=&amp;hnear=&amp;t=m&amp;cbll=43.71429,10.398897&amp;source=embed&amp;ll=43.712925,10.398903&amp;spn=0.004808,0.016093&amp;z=16&amp;output=svembed\" width=\"100%\" height=\"300\" frameborder=\"0\" marginwidth=\"0\" marginheight=\"0\" scrolling=\"no\"><\/iframe><\/p>\n<p>L&#8217;H\u00f4tel Bologna se trouve dans le centre historique de Pise, dans un immeuble \u00e9l\u00e9gant qui se distingue par son style architectural typique de la tradition toscane et qui accueille l\u2019une des plus prestigieuses structures h\u00f4teli\u00e8res de la ville.<\/p>\n<p>L\u2019H\u00f4tel donne sur une rue centrale mais tranquille \u00e0 la fois, \u00e0 500 m\u00e8tres de la Gare Ferroviaire: le D\u00f4me, le Cours et les principales attractions touristiques de la ville sont facilement joignables \u00e0 pied, alors que la sortie de l\u2019autoroute A12 PISE CENTRE et celle de la S.G.C. (Route \u00e0 Grande Communication) Florence-Pise-Livourne se trouvent \u00e0 3 km seulement.<\/p>\n<p>Pour les clients pourvus d\u2019un v\u00e9hicule, l\u2019H\u00f4tel met \u00e0 leur disposition son parking surveill\u00e9 dans la cour int\u00e9rieure: pour acc\u00e9der \u00e0 la zone \u00e0 circulation limit\u00e9e de la ville, les clients jouiront d\u2019un permis sp\u00e9cial de circulation valable pour toute la dur\u00e9e de leur s\u00e9jour.<\/p>\n<p>&nbsp;<\/p>\n<\/div>\n<\/div>\n<table border=\"0\" width=\"600\">\n<tbody>\n<tr>\n<td align=\"center\"><img loading=\"lazy\" width=\"193\" height=\"193\" class=\"aligncenter size-full wp-image-4566\" style=\"width: 50px; opacity: 1;\" src=\"http:\/\/www.hotelbologna.pisa.it\/wp-content\/uploads\/2016\/04\/train-station.png\" sizes=\"(max-width: 193px) 100vw, 193px\" srcset=\"https:\/\/hotelbologna.pisa.it\/wp-content\/uploads\/2016\/04\/train-station.png 193w, https:\/\/hotelbologna.pisa.it\/wp-content\/uploads\/2016\/04\/train-station-150x150.png 150w\" alt=\"train-station\" \/><\/td>\n<td align=\"center\">Station<\/td>\n<td align=\"center\">5 Minutes<\/td>\n<td align=\"center\"><img style=\"width: 40px; opacity: 1;\" src=\"http:\/\/www.hotelbologna.pisa.it\/wp-content\/uploads\/2016\/04\/caminando.png\" \/><\/td>\n<\/tr>\n<tr>\n<td align=\"center\"><img loading=\"lazy\" width=\"193\" height=\"193\" class=\"aligncenter size-full wp-image-4621\" style=\"width: 50px; opacity: 1;\" src=\"http:\/\/www.hotelbologna.pisa.it\/wp-content\/uploads\/2016\/04\/purse.png\" sizes=\"(max-width: 193px) 100vw, 193px\" srcset=\"https:\/\/hotelbologna.pisa.it\/wp-content\/uploads\/2016\/04\/purse.png 193w, https:\/\/hotelbologna.pisa.it\/wp-content\/uploads\/2016\/04\/purse-150x150.png 150w\" alt=\"purse\" \/><\/td>\n<td align=\"center\">Corso Italia<\/td>\n<td align=\"center\">1 Minute<\/td>\n<td align=\"center\"><img style=\"width: 40px; opacity: 1;\" src=\"http:\/\/www.hotelbologna.pisa.it\/wp-content\/uploads\/2016\/04\/caminando.png\" \/><\/td>\n<\/tr>\n<tr>\n<td align=\"center\"><img loading=\"lazy\" width=\"193\" height=\"193\" class=\"aligncenter size-full wp-image-4559\" style=\"width: 50px; opacity: 1;\" src=\"http:\/\/www.hotelbologna.pisa.it\/wp-content\/uploads\/2016\/04\/chiesa.png\" sizes=\"(max-width: 193px) 100vw, 193px\" srcset=\"https:\/\/hotelbologna.pisa.it\/wp-content\/uploads\/2016\/04\/chiesa.png 193w, https:\/\/hotelbologna.pisa.it\/wp-content\/uploads\/2016\/04\/chiesa-150x150.png 150w\" alt=\"chiesa\" \/><\/td>\n<td align=\"center\">Chiesa della Spina<\/td>\n<td align=\"center\">2 Minutes<\/td>\n<td align=\"center\"><img style=\"width: 40px; opacity: 1;\" src=\"http:\/\/www.hotelbologna.pisa.it\/wp-content\/uploads\/2016\/04\/caminando.png\" \/><\/td>\n<\/tr>\n<tr>\n<td align=\"center\"><img loading=\"lazy\" width=\"193\" height=\"193\" class=\"aligncenter size-full wp-image-4560\" style=\"width: 50px; opacity: 1;\" src=\"http:\/\/www.hotelbologna.pisa.it\/wp-content\/uploads\/2016\/04\/torre-di-pisa.png\" sizes=\"(max-width: 193px) 100vw, 193px\" srcset=\"https:\/\/hotelbologna.pisa.it\/wp-content\/uploads\/2016\/04\/torre-di-pisa.png 193w, https:\/\/hotelbologna.pisa.it\/wp-content\/uploads\/2016\/04\/torre-di-pisa-150x150.png 150w\" alt=\"torre-di-pisa\" \/><\/td>\n<td align=\"center\">Tour de Pise<\/td>\n<td align=\"center\">12 Minutes<\/td>\n<td align=\"center\"><img style=\"width: 40px; opacity: 1;\" src=\"http:\/\/www.hotelbologna.pisa.it\/wp-content\/uploads\/2016\/04\/caminando.png\" \/><\/td>\n<\/tr>\n<tr>\n<td align=\"center\"><img loading=\"lazy\" width=\"193\" height=\"193\" class=\"aligncenter size-full wp-image-4561\" style=\"width: 50px; opacity: 1;\" src=\"http:\/\/www.hotelbologna.pisa.it\/wp-content\/uploads\/2016\/04\/aeroporto.png\" sizes=\"(max-width: 193px) 100vw, 193px\" srcset=\"https:\/\/hotelbologna.pisa.it\/wp-content\/uploads\/2016\/04\/aeroporto.png 193w, https:\/\/hotelbologna.pisa.it\/wp-content\/uploads\/2016\/04\/aeroporto-150x150.png 150w\" alt=\"aeroporto\" \/><\/td>\n<td align=\"center\">A\u00e9roport<\/td>\n<td align=\"center\">5 Minutes<\/td>\n<td align=\"center\"><img style=\"width: 40px; opacity: 1;\" src=\"http:\/\/www.hotelbologna.pisa.it\/wp-content\/uploads\/2016\/04\/machina.png\" alt=\"Macchina\" \/><\/td>\n<\/tr>\n<\/tbody>\n<\/table>\n<p>[\/vc_column_text][\/vc_column][\/vc_row]<\/p>","protected":false},"excerpt":{"rendered":"<p>[vc_row][vc_column][vc_column_text] L&#8217;H\u00f4tel Bologna se trouve dans le centre historique de Pise, dans un immeuble \u00e9l\u00e9gant qui se distingue par son style architectural typique de la tradition toscane et qui accueille l\u2019une des plus prestigieuses structures h\u00f4teli\u00e8res de la ville. L\u2019H\u00f4tel donne sur une rue centrale mais tranquille \u00e0 la fois, \u00e0 500 m\u00e8tres de la&#8230; <\/p>\n<div class=\"clear\"><\/div>\n<p><a href=\"https:\/\/hotelbologna.pisa.it\/fr\/hotel.html\" class=\"excerpt-read-more\">Continue Reading<i class=\"fa fa-long-arrow-right icon-long-arrow-right\"><\/i><\/a><\/p>\n","protected":false},"author":1,"featured_media":0,"parent":0,"menu_order":0,"comment_status":"closed","ping_status":"closed","template":"","meta":[],"_links":{"self":[{"href":"https:\/\/hotelbologna.pisa.it\/fr\/wp-json\/wp\/v2\/pages\/4079"}],"collection":[{"href":"https:\/\/hotelbologna.pisa.it\/fr\/wp-json\/wp\/v2\/pages"}],"about":[{"href":"https:\/\/hotelbologna.pisa.it\/fr\/wp-json\/wp\/v2\/types\/page"}],"author":[{"embeddable":true,"href":"https:\/\/hotelbologna.pisa.it\/fr\/wp-json\/wp\/v2\/users\/1"}],"replies":[{"embeddable":true,"href":"https:\/\/hotelbologna.pisa.it\/fr\/wp-json\/wp\/v2\/comments?post=4079"}],"version-history":[{"count":11,"href":"https:\/\/hotelbologna.pisa.it\/fr\/wp-json\/wp\/v2\/pages\/4079\/revisions"}],"predecessor-version":[{"id":4743,"href":"https:\/\/hotelbologna.pisa.it\/fr\/wp-json\/wp\/v2\/pages\/4079\/revisions\/4743"}],"wp:attachment":[{"href":"https:\/\/hotelbologna.pisa.it\/fr\/wp-json\/wp\/v2\/media?parent=4079"}],"curies":[{"name":"wp","href":"https:\/\/api.w.org\/{rel}","templated":true}]}}