{"id":4086,"date":"2016-04-08T17:26:14","date_gmt":"2016-04-08T15:26:14","guid":{"rendered":"http:\/\/www.proclic-test.it\/hotel\/?page_id=4086"},"modified":"2016-05-09T16:30:18","modified_gmt":"2016-05-09T14:30:18","slug":"atmosfera","status":"publish","type":"page","link":"https:\/\/hotelbologna.pisa.it\/fr\/atmosfera.html","title":{"rendered":"L\u2019ATMOSPH\u00c8RE"},"content":{"rendered":"<p><\/p>\n<div id=\"descrizione\">\n<div id=\"titolo-descrizione\">\n<div id=\"titolo-descrizione\"><strong>L\u2019ATMOSPH\u00c8RE<\/strong><\/div>\n<p><img loading=\"lazy\" class=\"alignleft\" src=\"http:\/\/www.hotelbologna.pisa.it\/img\/lato-atmosfera.png\" width=\"169\" height=\"200\" \/>Les espaces int\u00e9rieurs de l\u2019H\u00f4tel Bologna accueillent les h\u00f4tes avec une <strong>\u00e9l\u00e9gance mesur\u00e9e<\/strong>. Il est facile de d\u00e9couvrir dans un coin un d\u00e9tail surprenant, une solution qui provoque un sourire satisfait. La <strong>tonalit\u00e9<\/strong>des nuances est <strong>diffuse<\/strong> et l\u2019illumination la rend plus <strong>intime<\/strong>. Le <strong>soin des d\u00e9tails<\/strong> est s\u00fbr, l\u2019assistance ne manque jamais.<\/p>\n<p>Anxieux, fr\u00e9n\u00e9tiques, distraits; d\u00e9tendus, ordonn\u00e9s, calculateurs: quelle que soit l\u2019id\u00e9e que vous avez d\u2019un s\u00e9jour touristique ou professionnel, quelle que soit votre personnalit\u00e9,<strong> l\u2019atmosph\u00e8re en ces lieux est toujours la meilleure<\/strong>.<\/p>\n<\/div>\n<\/div>\n<p><\/p>","protected":false},"excerpt":{"rendered":"<p>L\u2019ATMOSPH\u00c8RE Les espaces int\u00e9rieurs de l\u2019H\u00f4tel Bologna accueillent les h\u00f4tes avec une \u00e9l\u00e9gance mesur\u00e9e. Il est facile de d\u00e9couvrir dans un coin un d\u00e9tail surprenant, une solution qui provoque un sourire satisfait. La tonalit\u00e9des nuances est diffuse et l\u2019illumination la rend plus intime. Le soin des d\u00e9tails est s\u00fbr, l\u2019assistance ne manque jamais. Anxieux, fr\u00e9n\u00e9tiques,&#8230; <\/p>\n<div class=\"clear\"><\/div>\n<p><a href=\"https:\/\/hotelbologna.pisa.it\/fr\/atmosfera.html\" class=\"excerpt-read-more\">Continue Reading<i class=\"fa fa-long-arrow-right icon-long-arrow-right\"><\/i><\/a><\/p>\n","protected":false},"author":1,"featured_media":0,"parent":0,"menu_order":0,"comment_status":"closed","ping_status":"closed","template":"","meta":[],"_links":{"self":[{"href":"https:\/\/hotelbologna.pisa.it\/fr\/wp-json\/wp\/v2\/pages\/4086"}],"collection":[{"href":"https:\/\/hotelbologna.pisa.it\/fr\/wp-json\/wp\/v2\/pages"}],"about":[{"href":"https:\/\/hotelbologna.pisa.it\/fr\/wp-json\/wp\/v2\/types\/page"}],"author":[{"embeddable":true,"href":"https:\/\/hotelbologna.pisa.it\/fr\/wp-json\/wp\/v2\/users\/1"}],"replies":[{"embeddable":true,"href":"https:\/\/hotelbologna.pisa.it\/fr\/wp-json\/wp\/v2\/comments?post=4086"}],"version-history":[{"count":3,"href":"https:\/\/hotelbologna.pisa.it\/fr\/wp-json\/wp\/v2\/pages\/4086\/revisions"}],"predecessor-version":[{"id":4626,"href":"https:\/\/hotelbologna.pisa.it\/fr\/wp-json\/wp\/v2\/pages\/4086\/revisions\/4626"}],"wp:attachment":[{"href":"https:\/\/hotelbologna.pisa.it\/fr\/wp-json\/wp\/v2\/media?parent=4086"}],"curies":[{"name":"wp","href":"https:\/\/api.w.org\/{rel}","templated":true}]}}