{"id":4088,"date":"2016-04-08T17:26:44","date_gmt":"2016-04-08T15:26:44","guid":{"rendered":"http:\/\/www.proclic-test.it\/hotel\/?page_id=4088"},"modified":"2016-05-09T16:32:16","modified_gmt":"2016-05-09T14:32:16","slug":"qualita","status":"publish","type":"page","link":"https:\/\/hotelbologna.pisa.it\/fr\/qualita.html","title":{"rendered":"QUALIT\u00c9"},"content":{"rendered":"<p><\/p>\n<div id=\"descrizione\">\n<div id=\"titolo-descrizione\">\n<div id=\"descrizione\">\n<div id=\"titolo-descrizione\"><strong>LA RECHERCHE CONTINUE DE LA QUALIT\u00c9<\/strong><\/div>\n<p>Depuis plus de 50 ans, la famille Gherardi, propri\u00e9taire de l\u2019H\u00f4tel, s\u2019engage \u00e0 offrir une <strong>hospitalit\u00e9 de premier ordre<\/strong>, bas\u00e9e sur la <strong>courtoisie<\/strong> et sur l\u2019adaptation de ses <a href=\"http:\/\/www.hotelbologna.pisa.it\/online\/fr\/servizi.php\">services<\/a> aux exigences des temps. Un H\u00f4tel en croissance continue, qui a choisi de privil\u00e9gier encore et toujours la <strong>qualit\u00e9<\/strong>.<\/p>\n<p>A ce propos, l\u2019H\u00f4tel Bologna a d\u00e9cid\u00e9 de remettre en discussion chaque ann\u00e9e, en se soumettant \u00e0 de rigoureuses \u00e9valuations afin d\u2019obtenir la <strong>Marque de Qualit\u00e9<\/strong>, la <strong>certification<\/strong> promue par les Chambres de Commerce italiennes aux fins d\u2019une <strong>s\u00e9lection<\/strong> significative qui d\u00e9cerne des reconnaissances uniquement attribu\u00e9es aux <strong>structures d\u2019excellence<\/strong>.<\/p>\n<p><img loading=\"lazy\" src=\"http:\/\/www.hotelbologna.pisa.it\/img\/marchioqualita2.gif\" alt=\"Seal of Quality\" width=\"180\" height=\"40\" \/><\/p>\n<p><a href=\"http:\/\/www.hotelbologna.pisa.it\/online\/fr\/marchiodiqualita.php?cam=3#\"><img loading=\"lazy\" src=\"http:\/\/www.hotelbologna.pisa.it\/img\/trip-advisor-7.png\" alt=\"Tripadivsor\" width=\"180\" height=\"30\" \/><\/a><\/p>\n<p><a href=\"http:\/\/www.hotelbologna.pisa.it\/online\/fr\/marchiodiqualita.php?cam=3#\">Voir ce qu&#8217;ils pensent de nous<\/a><\/p>\n<\/div>\n<div id=\"noi\"><\/div>\n<\/div>\n<\/div>\n<p><\/p>","protected":false},"excerpt":{"rendered":"<p>LA RECHERCHE CONTINUE DE LA QUALIT\u00c9 Depuis plus de 50 ans, la famille Gherardi, propri\u00e9taire de l\u2019H\u00f4tel, s\u2019engage \u00e0 offrir une hospitalit\u00e9 de premier ordre, bas\u00e9e sur la courtoisie et sur l\u2019adaptation de ses services aux exigences des temps. Un H\u00f4tel en croissance continue, qui a choisi de privil\u00e9gier encore et toujours la qualit\u00e9. A&#8230; <\/p>\n<div class=\"clear\"><\/div>\n<p><a href=\"https:\/\/hotelbologna.pisa.it\/fr\/qualita.html\" class=\"excerpt-read-more\">Continue Reading<i class=\"fa fa-long-arrow-right icon-long-arrow-right\"><\/i><\/a><\/p>\n","protected":false},"author":1,"featured_media":0,"parent":0,"menu_order":0,"comment_status":"closed","ping_status":"closed","template":"","meta":[],"_links":{"self":[{"href":"https:\/\/hotelbologna.pisa.it\/fr\/wp-json\/wp\/v2\/pages\/4088"}],"collection":[{"href":"https:\/\/hotelbologna.pisa.it\/fr\/wp-json\/wp\/v2\/pages"}],"about":[{"href":"https:\/\/hotelbologna.pisa.it\/fr\/wp-json\/wp\/v2\/types\/page"}],"author":[{"embeddable":true,"href":"https:\/\/hotelbologna.pisa.it\/fr\/wp-json\/wp\/v2\/users\/1"}],"replies":[{"embeddable":true,"href":"https:\/\/hotelbologna.pisa.it\/fr\/wp-json\/wp\/v2\/comments?post=4088"}],"version-history":[{"count":3,"href":"https:\/\/hotelbologna.pisa.it\/fr\/wp-json\/wp\/v2\/pages\/4088\/revisions"}],"predecessor-version":[{"id":4627,"href":"https:\/\/hotelbologna.pisa.it\/fr\/wp-json\/wp\/v2\/pages\/4088\/revisions\/4627"}],"wp:attachment":[{"href":"https:\/\/hotelbologna.pisa.it\/fr\/wp-json\/wp\/v2\/media?parent=4088"}],"curies":[{"name":"wp","href":"https:\/\/api.w.org\/{rel}","templated":true}]}}