{"id":4090,"date":"2016-04-08T17:27:03","date_gmt":"2016-04-08T15:27:03","guid":{"rendered":"http:\/\/www.proclic-test.it\/hotel\/?page_id=4090"},"modified":"2016-05-09T16:34:40","modified_gmt":"2016-05-09T14:34:40","slug":"staff","status":"publish","type":"page","link":"https:\/\/hotelbologna.pisa.it\/fr\/staff.html","title":{"rendered":"L\u2019\u00c9QUIPE"},"content":{"rendered":"<p><\/p>\n<div id=\"descrizione\">\n<div id=\"titolo-descrizione\">\n<div id=\"titolo-descrizione\"><strong>L\u2019\u00c9QUIPE<\/strong><\/div>\n<p>Une \u00e9quipe jeune, en mesure de collaborer activement \u00e0 la r\u00e9ussite de votre s\u00e9jour dans notre h\u00f4tel\u00a0: c\u2019est certainement l\u00e0 le point fort de l\u2019H\u00f4tel Bologna.<\/p>\n<p>L&#8217;accueil devient imm\u00e9diatement assistance, \u00e0 tout moment de votre s\u00e9jour. La <strong>parfaite ma\u00eetrise des langues<\/strong> et la capacit\u00e9 d\u2019interpr\u00e9ter les exigences de tous les genres de client\u00e8le, quels que soient leur \u00e2ge et provenance, font de cette \u00e9quipe une valeur ajout\u00e9e au prestige de la structure.<\/p>\n<p>La connaissance de la ville et de la r\u00e9gion de la part des personnes qui animent la vie \u00e0 l\u2019int\u00e9rieur de l\u2019H\u00f4tel vous permettra de recevoir des<strong> indications sur les itin\u00e9raires touristiques et sur les mus\u00e9es<\/strong>, vous recevrez ainsi les meilleurs conseils sur les <strong>meilleures offres \u0153nogastronomiques<\/strong> de la ville.<\/p>\n<\/div>\n<\/div>\n<p><\/p>","protected":false},"excerpt":{"rendered":"<p>L\u2019\u00c9QUIPE Une \u00e9quipe jeune, en mesure de collaborer activement \u00e0 la r\u00e9ussite de votre s\u00e9jour dans notre h\u00f4tel\u00a0: c\u2019est certainement l\u00e0 le point fort de l\u2019H\u00f4tel Bologna. L&#8217;accueil devient imm\u00e9diatement assistance, \u00e0 tout moment de votre s\u00e9jour. La parfaite ma\u00eetrise des langues et la capacit\u00e9 d\u2019interpr\u00e9ter les exigences de tous les genres de client\u00e8le, quels&#8230; <\/p>\n<div class=\"clear\"><\/div>\n<p><a href=\"https:\/\/hotelbologna.pisa.it\/fr\/staff.html\" class=\"excerpt-read-more\">Continue Reading<i class=\"fa fa-long-arrow-right icon-long-arrow-right\"><\/i><\/a><\/p>\n","protected":false},"author":1,"featured_media":0,"parent":0,"menu_order":0,"comment_status":"closed","ping_status":"closed","template":"","meta":[],"_links":{"self":[{"href":"https:\/\/hotelbologna.pisa.it\/fr\/wp-json\/wp\/v2\/pages\/4090"}],"collection":[{"href":"https:\/\/hotelbologna.pisa.it\/fr\/wp-json\/wp\/v2\/pages"}],"about":[{"href":"https:\/\/hotelbologna.pisa.it\/fr\/wp-json\/wp\/v2\/types\/page"}],"author":[{"embeddable":true,"href":"https:\/\/hotelbologna.pisa.it\/fr\/wp-json\/wp\/v2\/users\/1"}],"replies":[{"embeddable":true,"href":"https:\/\/hotelbologna.pisa.it\/fr\/wp-json\/wp\/v2\/comments?post=4090"}],"version-history":[{"count":3,"href":"https:\/\/hotelbologna.pisa.it\/fr\/wp-json\/wp\/v2\/pages\/4090\/revisions"}],"predecessor-version":[{"id":4628,"href":"https:\/\/hotelbologna.pisa.it\/fr\/wp-json\/wp\/v2\/pages\/4090\/revisions\/4628"}],"wp:attachment":[{"href":"https:\/\/hotelbologna.pisa.it\/fr\/wp-json\/wp\/v2\/media?parent=4090"}],"curies":[{"name":"wp","href":"https:\/\/api.w.org\/{rel}","templated":true}]}}