{"id":4096,"date":"2016-04-08T17:30:14","date_gmt":"2016-04-08T15:30:14","guid":{"rendered":"http:\/\/www.proclic-test.it\/hotel\/?page_id=4096"},"modified":"2016-05-09T16:36:51","modified_gmt":"2016-05-09T14:36:51","slug":"camere","status":"publish","type":"page","link":"https:\/\/hotelbologna.pisa.it\/fr\/camere.html","title":{"rendered":"CHAMBRES"},"content":{"rendered":"<p>[vc_row][vc_column][vc_column_text]<\/p>\n<h2>CHAMBRES<\/h2>\n<p>[\/vc_column_text][vc_posts_slider count=&#8221;4&#8243; interval=&#8221;3&#8243; slides_content=&#8221;teaser&#8221; slides_title=&#8221;1&#8243; thumb_size=&#8221;full&#8221; posttypes=&#8221;room&#8221;][vc_column_text]<\/p>\n<div id=\"descrizione\">\n<div>\n<p>\u00c0 l&#8217;H\u00f4tel Bologna, les chaudes tonalit\u00e9s d\u2019ocre, de p\u00eache et de vert \u2013 qui distinguent les dominantes stylistiques de l\u2019acclimatation et de l\u2019ameublement \u2013 sauront vous accueillir \u00e0 tout moment de l\u2019ann\u00e9e de la meilleure fa\u00e7on.<\/p>\n<p>De nombreuses <strong>solutions exclusives<\/strong> pour votre s\u00e9jour et un <strong>service de premier ordre<\/strong> vous projetteront au c\u0153ur d\u2019une ville qui unit la beaut\u00e9 des sc\u00e9narios naturels au charme d\u2019un milieu par certains c\u00f4t\u00e9s encore m\u00e9di\u00e9val; le charme des paysages, des maisons-tours, d\u2019une architecture qui nous est parvenue intacte \u00e0 travers le temps, que vous pourrez admirer depuis les fen\u00eatres de votre chambre.<\/p>\n<p>Dans chaque chambre: <strong>Sat-TV en 4 langues, syst\u00e8me connexion wireless <strong>free<\/strong>, coffre-fort, minibar, fon, climatisation autonome, service en chambre 24H\/24<\/strong>.<\/p>\n<\/div>\n<\/div>\n<p>[\/vc_column_text][vc_raw_html]JTNDc3R5bGUlM0UuaWNvbi1hbmdsZS1sZWZ0JTNBYmVmb3JlJTJDJTIwLmljb24tYW5nbGUtcmlnaHQlM0FiZWZvcmUlN0Jjb250ZW50JTNBbm9uZSUyMUltcG9ydGFudCUzQiU3RCUzQyUyRnN0eWxlJTNF[\/vc_raw_html][vc_row_inner][vc_column_inner width=&#8221;1\/4&#8243;][\/vc_column_inner][vc_column_inner width=&#8221;1\/2&#8243;][vc_column_text]<\/p>\n<div class=\"gdlr-shortcode-wrapper\"><div class=\"gdlr-gallery-item gdlr-item\" ><div class=\"gallery-column one-fifth column\"><div class=\"gallery-item\"><img src=\"https:\/\/hotelbologna.pisa.it\/wp-content\/uploads\/2016\/04\/wi-fi.png\" alt=\"\" width=\"55\" height=\"55\" \/><\/div><\/div><div class=\"gallery-column one-fifth column\"><div class=\"gallery-item\"><img src=\"https:\/\/hotelbologna.pisa.it\/wp-content\/uploads\/2016\/04\/servizi-bollitore.png\" alt=\"\" width=\"55\" height=\"55\" \/><\/div><\/div><div class=\"gallery-column one-fifth column\"><div class=\"gallery-item\"><img src=\"https:\/\/hotelbologna.pisa.it\/wp-content\/uploads\/2016\/04\/climatizzazione.png\" alt=\"\" width=\"55\" height=\"55\" \/><\/div><\/div><div class=\"gallery-column one-fifth column\"><div class=\"gallery-item\"><img src=\"https:\/\/hotelbologna.pisa.it\/wp-content\/uploads\/2016\/04\/cassaforte.png\" alt=\"\" width=\"55\" height=\"55\" \/><\/div><\/div><div class=\"gallery-column one-fifth column\"><div class=\"gallery-item\"><img src=\"https:\/\/hotelbologna.pisa.it\/wp-content\/uploads\/2016\/04\/servizi-fon.png\" alt=\"\" width=\"55\" height=\"55\" \/><\/div><\/div><div class=\"clear\"><\/div><\/div><\/div>\n<p>[\/vc_column_text][\/vc_column_inner][vc_column_inner width=&#8221;1\/4&#8243;][\/vc_column_inner][\/vc_row_inner][\/vc_column][\/vc_row]<\/p>","protected":false},"excerpt":{"rendered":"<p>[vc_row][vc_column][vc_column_text] CHAMBRES [\/vc_column_text][vc_posts_slider count=&#8221;4&#8243; interval=&#8221;3&#8243; slides_content=&#8221;teaser&#8221; slides_title=&#8221;1&#8243; thumb_size=&#8221;full&#8221; posttypes=&#8221;room&#8221;][vc_column_text] \u00c0 l&#8217;H\u00f4tel Bologna, les chaudes tonalit\u00e9s d\u2019ocre, de p\u00eache et de vert \u2013 qui distinguent les dominantes stylistiques de l\u2019acclimatation et de l\u2019ameublement \u2013 sauront vous accueillir \u00e0 tout moment de l\u2019ann\u00e9e de la meilleure fa\u00e7on. De nombreuses solutions exclusives pour votre s\u00e9jour et un service&#8230; <\/p>\n<div class=\"clear\"><\/div>\n<p><a href=\"https:\/\/hotelbologna.pisa.it\/fr\/camere.html\" class=\"excerpt-read-more\">Continue Reading<i class=\"fa fa-long-arrow-right icon-long-arrow-right\"><\/i><\/a><\/p>\n","protected":false},"author":1,"featured_media":0,"parent":0,"menu_order":0,"comment_status":"closed","ping_status":"closed","template":"","meta":[],"_links":{"self":[{"href":"https:\/\/hotelbologna.pisa.it\/fr\/wp-json\/wp\/v2\/pages\/4096"}],"collection":[{"href":"https:\/\/hotelbologna.pisa.it\/fr\/wp-json\/wp\/v2\/pages"}],"about":[{"href":"https:\/\/hotelbologna.pisa.it\/fr\/wp-json\/wp\/v2\/types\/page"}],"author":[{"embeddable":true,"href":"https:\/\/hotelbologna.pisa.it\/fr\/wp-json\/wp\/v2\/users\/1"}],"replies":[{"embeddable":true,"href":"https:\/\/hotelbologna.pisa.it\/fr\/wp-json\/wp\/v2\/comments?post=4096"}],"version-history":[{"count":10,"href":"https:\/\/hotelbologna.pisa.it\/fr\/wp-json\/wp\/v2\/pages\/4096\/revisions"}],"predecessor-version":[{"id":4707,"href":"https:\/\/hotelbologna.pisa.it\/fr\/wp-json\/wp\/v2\/pages\/4096\/revisions\/4707"}],"wp:attachment":[{"href":"https:\/\/hotelbologna.pisa.it\/fr\/wp-json\/wp\/v2\/media?parent=4096"}],"curies":[{"name":"wp","href":"https:\/\/api.w.org\/{rel}","templated":true}]}}