{"id":4133,"date":"2016-04-08T18:01:11","date_gmt":"2016-04-08T16:01:11","guid":{"rendered":"http:\/\/www.proclic-test.it\/hotel\/?page_id=4133"},"modified":"2024-08-14T16:44:38","modified_gmt":"2024-08-14T14:44:38","slug":"shuttle-service","status":"publish","type":"page","link":"https:\/\/hotelbologna.pisa.it\/fr\/shuttle-service.html","title":{"rendered":"SERVICE DE NAVETTE"},"content":{"rendered":"<p><\/p>\n<div id=\"descrizione\">\n<div id=\"titolo-descrizione\"><strong>SERVICE DE NAVETTE<\/strong><\/div>\n<p><img src=\"http:\/\/www.hotelbologna.pisa.it\/img\/img-pag-servizi-shuttle.jpg\" width=\"600\" \/>Nous offrons un confortable <strong>Service de Navette<\/strong> priv\u00e9 pour accompagner nos <strong>Clients<\/strong> \u00e1 la gare et l\u2019a\u00e9roport. Le <strong>Service de Navette<\/strong> (H\u00f4tel-A\u00e9roport-H\u00f4tel et Station) est <strong>Gratuit*<\/strong> et disponible tous les jours de <strong>07,00<\/strong> \u00e1 <strong>20,00<\/strong>.<\/p>\n<p>Vous n\u2019avez pas besoin d\u2019une r\u00e9servation &#8211; appelez-nous au <strong>+39-050-502120<\/strong> \u00e1 l\u2019arriv\u00e9e.<\/p>\n<p>*Le service est gratuit pour toutes les r\u00e9servations effectu\u00e9es directement aupr\u00e8s de nous sur notre <strong>site www.hotelbologna.pisa.it<\/strong>, par e-mail <strong>info@hotelbologna.pisa.it<\/strong>, ou par t\u00e9l\u00e9phone au <strong>0039-050-502120<\/strong>.<br \/>\nPour toutes les<strong> r\u00e9servations effectu\u00e9es par la voie des tiers<\/strong> le service est disponible pour le paiement.<\/p>\n<\/div>\n<div id=\"noi\"><\/div>\n<p><\/p>","protected":false},"excerpt":{"rendered":"<p>SERVICE DE NAVETTE Nous offrons un confortable Service de Navette priv\u00e9 pour accompagner nos Clients \u00e1 la gare et l\u2019a\u00e9roport. Le Service de Navette (H\u00f4tel-A\u00e9roport-H\u00f4tel et Station) est Gratuit* et disponible tous les jours de 07,00 \u00e1 20,00. Vous n\u2019avez pas besoin d\u2019une r\u00e9servation &#8211; appelez-nous au +39-050-502120 \u00e1 l\u2019arriv\u00e9e. *Le service est gratuit pour&#8230; <\/p>\n<div class=\"clear\"><\/div>\n<p><a href=\"https:\/\/hotelbologna.pisa.it\/fr\/shuttle-service.html\" class=\"excerpt-read-more\">Continue Reading<i class=\"fa fa-long-arrow-right icon-long-arrow-right\"><\/i><\/a><\/p>\n","protected":false},"author":1,"featured_media":0,"parent":0,"menu_order":0,"comment_status":"closed","ping_status":"closed","template":"","meta":[],"_links":{"self":[{"href":"https:\/\/hotelbologna.pisa.it\/fr\/wp-json\/wp\/v2\/pages\/4133"}],"collection":[{"href":"https:\/\/hotelbologna.pisa.it\/fr\/wp-json\/wp\/v2\/pages"}],"about":[{"href":"https:\/\/hotelbologna.pisa.it\/fr\/wp-json\/wp\/v2\/types\/page"}],"author":[{"embeddable":true,"href":"https:\/\/hotelbologna.pisa.it\/fr\/wp-json\/wp\/v2\/users\/1"}],"replies":[{"embeddable":true,"href":"https:\/\/hotelbologna.pisa.it\/fr\/wp-json\/wp\/v2\/comments?post=4133"}],"version-history":[{"count":8,"href":"https:\/\/hotelbologna.pisa.it\/fr\/wp-json\/wp\/v2\/pages\/4133\/revisions"}],"predecessor-version":[{"id":4942,"href":"https:\/\/hotelbologna.pisa.it\/fr\/wp-json\/wp\/v2\/pages\/4133\/revisions\/4942"}],"wp:attachment":[{"href":"https:\/\/hotelbologna.pisa.it\/fr\/wp-json\/wp\/v2\/media?parent=4133"}],"curies":[{"name":"wp","href":"https:\/\/api.w.org\/{rel}","templated":true}]}}