{"id":4142,"date":"2016-04-08T18:08:21","date_gmt":"2016-04-08T16:08:21","guid":{"rendered":"http:\/\/www.proclic-test.it\/hotel\/?page_id=4142"},"modified":"2021-08-14T16:22:49","modified_gmt":"2021-08-14T14:22:49","slug":"noleggio-bike","status":"publish","type":"page","link":"https:\/\/hotelbologna.pisa.it\/fr\/noleggio-bike.html","title":{"rendered":"LOCATION V\u00c9LO"},"content":{"rendered":"<p><\/p>\n<div id=\"titolo-descrizione\"><strong>LOCATION V\u00c9LO<\/strong><\/div>\n<p>Pise est une ville aux dimensions humaines: elle n\u2019est pas afflig\u00e9e par les probl\u00e8mes de circulation pr\u00e9sents partout ailleurs. Pise est \u00e0 la fois <strong>une ville riche en art, monuments<\/strong> c\u00e9l\u00e8bres mais \u00e9galement de petits et intenses d\u00e9tails architecturaux que l\u2019on d\u00e9couvre et interpr\u00e8te un par un.<\/p>\n<p>Information \/ Informazione: <a class=\"\" href=\"http:\/\/www.labelleequipe.it\/\">www.labelleequipe.it<\/a><\/p>","protected":false},"excerpt":{"rendered":"<p>LOCATION V\u00c9LO Pise est une ville aux dimensions humaines: elle n\u2019est pas afflig\u00e9e par les probl\u00e8mes de circulation pr\u00e9sents partout ailleurs. Pise est \u00e0 la fois une ville riche en art, monuments c\u00e9l\u00e8bres mais \u00e9galement de petits et intenses d\u00e9tails architecturaux que l\u2019on d\u00e9couvre et interpr\u00e8te un par un. Information \/ Informazione: www.labelleequipe.it<\/p>\n","protected":false},"author":1,"featured_media":0,"parent":0,"menu_order":0,"comment_status":"closed","ping_status":"closed","template":"","meta":[],"_links":{"self":[{"href":"https:\/\/hotelbologna.pisa.it\/fr\/wp-json\/wp\/v2\/pages\/4142"}],"collection":[{"href":"https:\/\/hotelbologna.pisa.it\/fr\/wp-json\/wp\/v2\/pages"}],"about":[{"href":"https:\/\/hotelbologna.pisa.it\/fr\/wp-json\/wp\/v2\/types\/page"}],"author":[{"embeddable":true,"href":"https:\/\/hotelbologna.pisa.it\/fr\/wp-json\/wp\/v2\/users\/1"}],"replies":[{"embeddable":true,"href":"https:\/\/hotelbologna.pisa.it\/fr\/wp-json\/wp\/v2\/comments?post=4142"}],"version-history":[{"count":6,"href":"https:\/\/hotelbologna.pisa.it\/fr\/wp-json\/wp\/v2\/pages\/4142\/revisions"}],"predecessor-version":[{"id":4880,"href":"https:\/\/hotelbologna.pisa.it\/fr\/wp-json\/wp\/v2\/pages\/4142\/revisions\/4880"}],"wp:attachment":[{"href":"https:\/\/hotelbologna.pisa.it\/fr\/wp-json\/wp\/v2\/media?parent=4142"}],"curies":[{"name":"wp","href":"https:\/\/api.w.org\/{rel}","templated":true}]}}