{"id":4144,"date":"2016-04-08T18:08:43","date_gmt":"2016-04-08T16:08:43","guid":{"rendered":"http:\/\/www.proclic-test.it\/hotel\/?page_id=4144"},"modified":"2016-05-10T12:07:42","modified_gmt":"2016-05-10T10:07:42","slug":"servizi-riservati-escursioni","status":"publish","type":"page","link":"https:\/\/hotelbologna.pisa.it\/fr\/servizi-riservati-escursioni.html","title":{"rendered":"EXCURSIONS ORGANIS\u00c9ES"},"content":{"rendered":"<p><\/p>\n<div id=\"descrizione\">\n<div id=\"descrizione\">\n<div id=\"titolo-descrizione\"><strong>EXCURSIONS ORGANIS\u00c9ES<\/strong><\/div>\n<p>\u00c1 la demande des <strong>excursions<\/strong> peuvent \u00eatre organis\u00e9es sur les bus sp\u00e9ciaux pour les touristes et le bateau qui traverse la ville sur les eaux du fleuve Arno.<\/p>\n<p>Une attention particuli\u00e9re sera consacr\u00e9e \u00e0 <strong>Lieux <\/strong><strong>principales attractions touristiques <\/strong>tels que: la<strong>M\u00e9dicis Arsenal <\/strong>, avec une exposition au sein de l\u2019incroyable <strong>d\u00e9couvertes arch\u00e9ologiques <\/strong>de plusieurs navires romains; <strong>\u00e9glise des Chevaliers <\/strong>, avec les \u00e9tendards de la bataille de L\u00e9pante; <strong>les ruines des Thermes de N\u00e9ron <\/strong>, une \u00e8re spa importants romain.<\/p>\n<div>\n<p><a href=\"http:\/\/www.hotelbologna.pisa.it\/online\/fr\/servizi-riservati-escursioni.php?cam=3#\">Regarder Walking in Pisa<\/a><\/p>\n<div><a href=\"http:\/\/www.pisaunicaterra.it\/en\/\" target=\"_blank\"><img src=\"http:\/\/www.hotelbologna.pisa.it\/img\/banner-pisaunicaterra.png\" border=\"0\" \/><\/a><\/div>\n<p><a href=\"http:\/\/www.hotelbologna.pisa.it\/online\/fr\/servizi-riservati-escursioni.php?cam=3#\">Regarder Sightseeing Pisa<\/a><\/p>\n<\/div>\n<p><a href=\"http:\/\/www.hotelbologna.pisa.it\/online\/fr\/servizi-riservati-escursioni.php?cam=3#\">Visite Palazzo Blu Pisa<\/a><\/p>\n<table border=\"0\" width=\"600\">\n<tbody>\n<tr>\n<td colspan=\"2\"><a href=\"http:\/\/www.hotelbologna.pisa.it\/online\/fr\/servizi-riservati-escursioni.php?cam=3#\">Half day tour to Carrara marble quarries and Colonnata<\/a> (Wednesday and Sunday)<\/td>\n<\/tr>\n<tr>\n<td><\/td>\n<td><img loading=\"lazy\" src=\"http:\/\/www.hotelbologna.pisa.it\/img\/escursioni-escursioni-cave.jpg\" alt=\"Half day tour to Carrara marble quarries and Colonnata\" width=\"200\" height=\"184\" \/><\/p>\n<p>We visit a real working quarry in order to learn how the marble was and is extracted nowadays, our guide gives also us some geological information on the territory surrounded by the <strong>Alpi Apuane<\/strong>, nown worldwide for their \u201c<em>white gold<\/em>\u201d marble.<\/p>\n<p>Our discovery continues through the Tunnel of the ancient \u201c<em>Marmifera<\/em>\u201d railway by which the marble was carried from the quarry to the harbor of Marina di Carrara. This means of transport had been working for almost one century as it has been permanently stopped in 1964 to develop the road transport.<\/p>\n<p>We finish our trip in the sign of taste towards <strong>Colonnata<\/strong>, we visit a \u201c<em>Lard House<\/em>\u201d where the famous \u201c<em>Lardo di Colonnata IGP<\/em>\u201d, is produced and spend some time relaxing and tasting the lovely lard.<\/td>\n<\/tr>\n<tr>\n<td colspan=\"2\"><\/td>\n<\/tr>\n<tr>\n<td colspan=\"2\"><a href=\"http:\/\/www.hotelbologna.pisa.it\/online\/fr\/servizi-riservati-escursioni.php?cam=3#\">Full day trip to Cinque Terre<\/a> (Wednesday and Saturday)<\/td>\n<\/tr>\n<tr>\n<td><\/td>\n<td><img loading=\"lazy\" src=\"http:\/\/www.hotelbologna.pisa.it\/img\/escursioni-cinqueterre.jpg\" alt=\"Full day trip to Cinque Terre\" width=\"200\" height=\"301\" \/><\/p>\n<p>First stop of our itinerary is <em><strong>Manarola<\/strong><\/em>, where, besides the fascinating village, it will be possible to visit the Museum of Sciacchetr\u00e0 (local liqueur) or the panoramic village of Volastra.<\/p>\n<p>After lunch, a bit of romanticism along \u201cLovers Path\u201d towards<em><strong>Riomaggiore<\/strong><\/em>.<\/p>\n<p>Then, train or boat, according to sea conditions, to <em><strong>Monterosso<\/strong><\/em>.<\/p>\n<p>Free time to discover the village or to lie on the central sandy beach.<\/p>\n<p>We arrive in <em><strong>Vernazza<\/strong><\/em>, by train in the late afternoon to visit one of the most beautiful and colourful villages in the world enjoying an unforgettable view.<\/p>\n<p>Train to La Spezia where the bus waits to drive us back.<\/td>\n<\/tr>\n<tr>\n<td colspan=\"2\"><\/td>\n<\/tr>\n<tr>\n<td colspan=\"2\">For further tours check following site: <a href=\"http:\/\/www.hotelbologna.pisa.it\/online\/fr\/servizi-riservati-escursioni.php?cam=3#\">www.exclusivetour.it<\/a><\/td>\n<\/tr>\n<\/tbody>\n<\/table>\n<\/div>\n<div id=\"noi\"><\/div>\n<\/div>\n<p><\/p>","protected":false},"excerpt":{"rendered":"<p>EXCURSIONS ORGANIS\u00c9ES \u00c1 la demande des excursions peuvent \u00eatre organis\u00e9es sur les bus sp\u00e9ciaux pour les touristes et le bateau qui traverse la ville sur les eaux du fleuve Arno. Une attention particuli\u00e9re sera consacr\u00e9e \u00e0 Lieux principales attractions touristiques tels que: laM\u00e9dicis Arsenal , avec une exposition au sein de l\u2019incroyable d\u00e9couvertes arch\u00e9ologiques de&#8230; <\/p>\n<div class=\"clear\"><\/div>\n<p><a href=\"https:\/\/hotelbologna.pisa.it\/fr\/servizi-riservati-escursioni.html\" class=\"excerpt-read-more\">Continue Reading<i class=\"fa fa-long-arrow-right icon-long-arrow-right\"><\/i><\/a><\/p>\n","protected":false},"author":1,"featured_media":0,"parent":0,"menu_order":0,"comment_status":"closed","ping_status":"closed","template":"","meta":[],"_links":{"self":[{"href":"https:\/\/hotelbologna.pisa.it\/fr\/wp-json\/wp\/v2\/pages\/4144"}],"collection":[{"href":"https:\/\/hotelbologna.pisa.it\/fr\/wp-json\/wp\/v2\/pages"}],"about":[{"href":"https:\/\/hotelbologna.pisa.it\/fr\/wp-json\/wp\/v2\/types\/page"}],"author":[{"embeddable":true,"href":"https:\/\/hotelbologna.pisa.it\/fr\/wp-json\/wp\/v2\/users\/1"}],"replies":[{"embeddable":true,"href":"https:\/\/hotelbologna.pisa.it\/fr\/wp-json\/wp\/v2\/comments?post=4144"}],"version-history":[{"count":5,"href":"https:\/\/hotelbologna.pisa.it\/fr\/wp-json\/wp\/v2\/pages\/4144\/revisions"}],"predecessor-version":[{"id":4729,"href":"https:\/\/hotelbologna.pisa.it\/fr\/wp-json\/wp\/v2\/pages\/4144\/revisions\/4729"}],"wp:attachment":[{"href":"https:\/\/hotelbologna.pisa.it\/fr\/wp-json\/wp\/v2\/media?parent=4144"}],"curies":[{"name":"wp","href":"https:\/\/api.w.org\/{rel}","templated":true}]}}