{"id":4146,"date":"2016-04-14T18:14:14","date_gmt":"2016-04-14T16:14:14","guid":{"rendered":"http:\/\/www.proclic-test.it\/hotel\/?page_id=4146"},"modified":"2016-05-11T09:20:18","modified_gmt":"2016-05-11T07:20:18","slug":"food-and-beverage-colazione","status":"publish","type":"page","link":"https:\/\/hotelbologna.pisa.it\/fr\/food-and-beverage-colazione.html","title":{"rendered":"FOOD AND BEVERAGE &#8211; PETIT DEJEUNER"},"content":{"rendered":"<p><br \/>\nL\u2019H\u00f4tel vous offre un riche buffet avec un ample choix de produits naturels (sucr\u00e9s et sal\u00e9s).<\/p>\n<p>Le matin \u00e0 partir de 7:00 jusqu\u2019\u00e0 10:30, vous pouvez trouver fruits de saison, pain et gateaux frais par la plus renomm\u00e9 boulangerie de la ville; et pour tous qui partent avant 7:00 heures, nous offrons le petit-d\u00e9jeuner \u00e0 emporter sans d\u00e9penses suppl\u00e9mentaires.<\/p>\n<p>Si vous avez des intol\u00e9rances alimentaires, demandes particuli\u00e8res ou un produit pr\u00e9fer\u00e9, vous pouvez nous contacter avant votre arriv\u00e9e et nous serons hereux de r\u00e9pondre \u00e0 toutes vos exigences.<\/p>\n<div class=\"gdlr-shortcode-wrapper\"><div class=\"gdlr-gallery-item gdlr-item\" ><div class=\"gallery-column three columns\"><div class=\"gallery-item\"><a href=\"https:\/\/hotelbologna.pisa.it\/wp-content\/uploads\/2016\/04\/p-food-colaz-01.jpg\" data-fancybox-group=\"gdlr-gal-4\" data-rel=\"fancybox\" ><img src=\"https:\/\/hotelbologna.pisa.it\/wp-content\/uploads\/2016\/04\/p-food-colaz-01-150x150.jpg\" alt=\"\" width=\"150\" height=\"150\" \/><\/a><\/div><\/div><div class=\"gallery-column three columns\"><div class=\"gallery-item\"><a href=\"https:\/\/hotelbologna.pisa.it\/wp-content\/uploads\/2016\/04\/p-food-colaz-02.jpg\" data-fancybox-group=\"gdlr-gal-4\" data-rel=\"fancybox\" ><img src=\"https:\/\/hotelbologna.pisa.it\/wp-content\/uploads\/2016\/04\/p-food-colaz-02-150x150.jpg\" alt=\"\" width=\"150\" height=\"150\" \/><\/a><\/div><\/div><div class=\"gallery-column three columns\"><div class=\"gallery-item\"><a href=\"https:\/\/hotelbologna.pisa.it\/wp-content\/uploads\/2016\/04\/p-food-colaz-03.jpg\" data-fancybox-group=\"gdlr-gal-4\" data-rel=\"fancybox\" ><img src=\"https:\/\/hotelbologna.pisa.it\/wp-content\/uploads\/2016\/04\/p-food-colaz-03-150x150.jpg\" alt=\"\" width=\"150\" height=\"150\" \/><\/a><\/div><\/div><div class=\"gallery-column three columns\"><div class=\"gallery-item\"><a href=\"https:\/\/hotelbologna.pisa.it\/wp-content\/uploads\/2016\/04\/p-food-colaz-04.jpg\" data-fancybox-group=\"gdlr-gal-4\" data-rel=\"fancybox\" ><img src=\"https:\/\/hotelbologna.pisa.it\/wp-content\/uploads\/2016\/04\/p-food-colaz-04-150x150.jpg\" alt=\"\" width=\"150\" height=\"150\" \/><\/a><\/div><\/div><div class=\"clear\"><\/div><\/div><\/div>\n<p><\/p>","protected":false},"excerpt":{"rendered":"<p>L\u2019H\u00f4tel vous offre un riche buffet avec un ample choix de produits naturels (sucr\u00e9s et sal\u00e9s). Le matin \u00e0 partir de 7:00 jusqu\u2019\u00e0 10:30, vous pouvez trouver fruits de saison, pain et gateaux frais par la plus renomm\u00e9 boulangerie de la ville; et pour tous qui partent avant 7:00 heures, nous offrons le petit-d\u00e9jeuner \u00e0&#8230; <\/p>\n<div class=\"clear\"><\/div>\n<p><a href=\"https:\/\/hotelbologna.pisa.it\/fr\/food-and-beverage-colazione.html\" class=\"excerpt-read-more\">Continue Reading<i class=\"fa fa-long-arrow-right icon-long-arrow-right\"><\/i><\/a><\/p>\n","protected":false},"author":1,"featured_media":0,"parent":0,"menu_order":0,"comment_status":"closed","ping_status":"closed","template":"","meta":[],"_links":{"self":[{"href":"https:\/\/hotelbologna.pisa.it\/fr\/wp-json\/wp\/v2\/pages\/4146"}],"collection":[{"href":"https:\/\/hotelbologna.pisa.it\/fr\/wp-json\/wp\/v2\/pages"}],"about":[{"href":"https:\/\/hotelbologna.pisa.it\/fr\/wp-json\/wp\/v2\/types\/page"}],"author":[{"embeddable":true,"href":"https:\/\/hotelbologna.pisa.it\/fr\/wp-json\/wp\/v2\/users\/1"}],"replies":[{"embeddable":true,"href":"https:\/\/hotelbologna.pisa.it\/fr\/wp-json\/wp\/v2\/comments?post=4146"}],"version-history":[{"count":10,"href":"https:\/\/hotelbologna.pisa.it\/fr\/wp-json\/wp\/v2\/pages\/4146\/revisions"}],"predecessor-version":[{"id":4742,"href":"https:\/\/hotelbologna.pisa.it\/fr\/wp-json\/wp\/v2\/pages\/4146\/revisions\/4742"}],"wp:attachment":[{"href":"https:\/\/hotelbologna.pisa.it\/fr\/wp-json\/wp\/v2\/media?parent=4146"}],"curies":[{"name":"wp","href":"https:\/\/api.w.org\/{rel}","templated":true}]}}