{"id":4159,"date":"2016-04-08T18:16:56","date_gmt":"2016-04-08T16:16:56","guid":{"rendered":"http:\/\/www.proclic-test.it\/hotel\/?page_id=4159"},"modified":"2024-07-16T15:33:23","modified_gmt":"2024-07-16T13:33:23","slug":"food-and-beverage-bar","status":"publish","type":"page","link":"https:\/\/hotelbologna.pisa.it\/fr\/food-and-beverage-bar.html","title":{"rendered":"FOOD AND BEVERAGE &#8211; BAR"},"content":{"rendered":"<p>[vc_row][vc_column][vc_column_text]<strong>Le bar de l\u2019H\u00f4tel<\/strong> est un tr\u00e8s agr\u00e9able lieu de rencontre, o\u00f9 vous pouvez <strong>gouter les saveurs typiques<\/strong> de nos endroits.<\/p>\n<p>Nous offrons un ample choix de <strong>vins<\/strong>, <strong>eaux-de-vie<\/strong>,<strong> liqueurs r\u00e9gionales et nationales<\/strong> s\u00e9lectionn\u00e9es avec attention \u00e0 la qualit\u00e9 des produits. Et si vous voulez emmener avec vous qualques-unes de ces \u201cd\u00e9lices\u201d, on peut les acheter directement chez nous.[\/vc_column_text][vc_btn title=&#8221;Menu food&#8221; align=&#8221;center&#8221; link=&#8221;url:http%3A%2F%2Fhotelbologna.pisa.it%2Fmenu-bar.pdf||target:%20_blank&#8221;][\/vc_column][\/vc_row]<\/p>","protected":false},"excerpt":{"rendered":"<p>[vc_row][vc_column][vc_column_text]Le bar de l\u2019H\u00f4tel est un tr\u00e8s agr\u00e9able lieu de rencontre, o\u00f9 vous pouvez gouter les saveurs typiques de nos endroits. Nous offrons un ample choix de vins, eaux-de-vie, liqueurs r\u00e9gionales et nationales s\u00e9lectionn\u00e9es avec attention \u00e0 la qualit\u00e9 des produits. Et si vous voulez emmener avec vous qualques-unes de ces \u201cd\u00e9lices\u201d, on peut les&#8230; <\/p>\n<div class=\"clear\"><\/div>\n<p><a href=\"https:\/\/hotelbologna.pisa.it\/fr\/food-and-beverage-bar.html\" class=\"excerpt-read-more\">Continue Reading<i class=\"fa fa-long-arrow-right icon-long-arrow-right\"><\/i><\/a><\/p>\n","protected":false},"author":1,"featured_media":0,"parent":0,"menu_order":0,"comment_status":"closed","ping_status":"closed","template":"","meta":[],"_links":{"self":[{"href":"https:\/\/hotelbologna.pisa.it\/fr\/wp-json\/wp\/v2\/pages\/4159"}],"collection":[{"href":"https:\/\/hotelbologna.pisa.it\/fr\/wp-json\/wp\/v2\/pages"}],"about":[{"href":"https:\/\/hotelbologna.pisa.it\/fr\/wp-json\/wp\/v2\/types\/page"}],"author":[{"embeddable":true,"href":"https:\/\/hotelbologna.pisa.it\/fr\/wp-json\/wp\/v2\/users\/1"}],"replies":[{"embeddable":true,"href":"https:\/\/hotelbologna.pisa.it\/fr\/wp-json\/wp\/v2\/comments?post=4159"}],"version-history":[{"count":9,"href":"https:\/\/hotelbologna.pisa.it\/fr\/wp-json\/wp\/v2\/pages\/4159\/revisions"}],"predecessor-version":[{"id":4940,"href":"https:\/\/hotelbologna.pisa.it\/fr\/wp-json\/wp\/v2\/pages\/4159\/revisions\/4940"}],"wp:attachment":[{"href":"https:\/\/hotelbologna.pisa.it\/fr\/wp-json\/wp\/v2\/media?parent=4159"}],"curies":[{"name":"wp","href":"https:\/\/api.w.org\/{rel}","templated":true}]}}